{"id":13453,"date":"2023-04-10T19:38:35","date_gmt":"2023-04-10T19:38:35","guid":{"rendered":"https:\/\/web.sistemasfce.com.ar\/wordpress\/?page_id=13453"},"modified":"2023-08-16T11:05:57","modified_gmt":"2023-08-16T11:05:57","slug":"observatorio-de-la-patagonia","status":"publish","type":"page","link":"https:\/\/web.sistemasfce.com.ar\/wordpress\/index.php\/observatorio-de-la-patagonia\/","title":{"rendered":"Observatorio de Empresas de la Patagonia"},"content":{"rendered":"<div class=\"wpb-content-wrapper\"><div id=\"modal-ready\"><p>[vc_row][vc_column][vc_single_image image=&#8221;13456&#8243; img_size=&#8221;large&#8221; alignment=&#8221;center&#8221; onclick=&#8221;custom_link&#8221;][\/vc_column][\/vc_row][vc_row][vc_column][vc_video link=&#8221;https:\/\/www.youtube.com\/watch?v=Z2QOM2tTWCs&#8221; el_width=&#8221;80&#8243; align=&#8221;center&#8221; title=&#8221;Presentaci\u00f3n&#8221;][\/vc_column][\/vc_row][vc_row][vc_column width=&#8221;1\/2&#8243;][vc_btn title=&#8221;Ahora 12 en Chubut: uno de cada tres pesos se destina para ropa y calzado&#8221; color=&#8221;peacoc&#8221; size=&#8221;lg&#8221; align=&#8221;left&#8221; i_icon_fontawesome=&#8221;fas fa-braille&#8221; button_block=&#8221;true&#8221; add_icon=&#8221;true&#8221; link=&#8221;url:https%3A%2F%2Fradiochubut.com%2Fahora-12-en-chubut-uno-de-cada-tres-pesos-se-destina-para-ropa-y-calzado%2F|target:_blank&#8221;][vc_btn title=&#8221;Ahora 12 &#8211; Ventas 1\u00b0 Semestre 2023&#8243; color=&#8221;peacoc&#8221; size=&#8221;lg&#8221; align=&#8221;left&#8221; i_icon_fontawesome=&#8221;fas fa-braille&#8221; button_block=&#8221;true&#8221; add_icon=&#8221;true&#8221; link=&#8221;url:http%3A%2F%2Fweb.sistemasfce.com.ar%2Fwordpress%2Fwp-content%2Fuploads%2F2023%2F08%2FAHORA-12-Ventas-1%C2%B0Sem-2023_OEPAT.pdf|target:_blank&#8221;][vc_btn title=&#8221;\u201cLa esencia y funci\u00f3n del Observatorio es dar respaldo cient\u00edfico y t\u00e9cnico a la actividad empresarial\u201d &#8211; El sitio de la energ\u00eda en la regi\u00f3n&#8221; color=&#8221;purple&#8221; i_icon_fontawesome=&#8221;fas fa-braille&#8221; add_icon=&#8221;true&#8221; link=&#8221;url:https%3A%2F%2Fdepetroleo.com%2Ffacundo-ball-la-esencia-y-funcion-del-observatorio-es-dar-respaldo-cientifico-y-tecnico-a-la-actividad-empresarial%2F&#8221;][vc_btn title=&#8221;Chubut es el principal generador de energ\u00eda e\u00f3lica del pa\u00eds, produce casi el 40%&#8221; color=&#8221;peacoc&#8221; size=&#8221;lg&#8221; align=&#8221;left&#8221; i_icon_fontawesome=&#8221;fas fa-braille&#8221; button_block=&#8221;true&#8221; add_icon=&#8221;true&#8221; link=&#8221;url:http%3A%2F%2Frevistanuevasenergias.com%2F2023%2F01%2F24%2Fchubut-es-el-principal-generador-de-energia-eolica-del-pais-produce-casi-el-40%2F&#8221;][vc_btn title=&#8221;Santa Cruz es la tercera generadora de energ\u00eda e\u00f3lica del pa\u00eds&#8221; color=&#8221;purple&#8221; size=&#8221;lg&#8221; align=&#8221;left&#8221; i_icon_fontawesome=&#8221;fas fa-braille&#8221; button_block=&#8221;true&#8221; add_icon=&#8221;true&#8221; link=&#8221;url:https%3A%2F%2Fahoracalafate.com.ar%2Fcontenido%2F14583%2Fsanta-cruz-es-la-tercera-generadora-de-energia-eolica-del-pais&#8221;][vc_btn title=&#8221;El quinto aumento de combustibles en lo que va del a\u00f1o&#8221; color=&#8221;peacoc&#8221; size=&#8221;lg&#8221; align=&#8221;left&#8221; i_icon_fontawesome=&#8221;fas fa-braille&#8221; button_block=&#8221;true&#8221; add_icon=&#8221;true&#8221; link=&#8221;url:https%3A%2F%2Fmase.lmneuquen.com%2Fcombustibles%2Fel-quinto-aumento-combustibles-lo-que-va-del-ano-n963254&#8243;][vc_btn title=&#8221;Chubut tiene uno de los \u00edndices m\u00e1s bajos en venta de combustible&#8221; color=&#8221;purple&#8221; size=&#8221;lg&#8221; align=&#8221;left&#8221; i_icon_fontawesome=&#8221;fas fa-braille&#8221; button_block=&#8221;true&#8221; add_icon=&#8221;true&#8221; link=&#8221;url:https%3A%2F%2Fwww.elpatagonico.com%2Fchubut-tiene-uno-los-indices-mas-bajos-venta-combustible-n5574352&#8243;][vc_btn title=&#8221;Venta de combustible: crece pero a bajo ritmo&#8221; color=&#8221;peacoc&#8221; size=&#8221;lg&#8221; align=&#8221;left&#8221; i_icon_fontawesome=&#8221;fas fa-braille&#8221; button_block=&#8221;true&#8221; add_icon=&#8221;true&#8221; link=&#8221;url:https%3A%2F%2Fwww.diariojornada.com.ar%2F337112%2Feconomia%2Fventa_de_combustible_crece_pero_a_bajo_ritmo&#8221;][vc_btn title=&#8221;Combustible: \u00bfpor qu\u00e9 hay tanta dispersi\u00f3n de precios?&#8221; color=&#8221;purple&#8221; size=&#8221;lg&#8221; align=&#8221;left&#8221; i_icon_fontawesome=&#8221;fas fa-braille&#8221; button_block=&#8221;true&#8221; add_icon=&#8221;true&#8221; link=&#8221;url:https%3A%2F%2Fmase.lmneuquen.com%2Fcombustible%2Fcombustible-por-que-hay-tanta-dispersion-precios-n989052&#8243;][vc_btn title=&#8221;En Chubut se vendi\u00f3 el 2,3% de los combustibles de todo el pa\u00eds&#8221; color=&#8221;peacoc&#8221; size=&#8221;lg&#8221; align=&#8221;left&#8221; i_icon_fontawesome=&#8221;fas fa-braille&#8221; button_block=&#8221;true&#8221; add_icon=&#8221;true&#8221; link=&#8221;url:https%3A%2F%2Fwww.elpatagonico.com%2Fen-chubut-se-vendio-el-23-los-combustibles-todo-el-pais-n5646547&#8243;][vc_btn title=&#8221;Chubut genera casi el 40% de la energ\u00eda e\u00f3lica de Argentina&#8221; color=&#8221;purple&#8221; size=&#8221;lg&#8221; align=&#8221;left&#8221; i_icon_fontawesome=&#8221;fas fa-braille&#8221; button_block=&#8221;true&#8221; add_icon=&#8221;true&#8221; link=&#8221;url:https%3A%2F%2Fwww.elpatagonico.com%2Fchubut-genera-casi-el-40-la-energia-eolica-argentina-n5634317&#8243; el_id=&#8221;https:\/\/twitter.com\/MasEnergiaLMN\/status\/1623798992252375042&#8243;][vc_btn title=&#8221;Los motivos del r\u00e9cord en venta de combustibles de Neuqu\u00e9n&#8221; color=&#8221;peacoc&#8221; size=&#8221;lg&#8221; align=&#8221;left&#8221; i_icon_fontawesome=&#8221;fas fa-braille&#8221; button_block=&#8221;true&#8221; add_icon=&#8221;true&#8221; link=&#8221;url:https%3A%2F%2Fmase.lmneuquen.com%2Frecord%2Flos-motivos-del-record-venta-combustibles-neuquen-n993156&#8243;][vc_btn title=&#8221;Las particulares de la venta de combustible en el 2022&#8243; color=&#8221;purple&#8221; size=&#8221;lg&#8221; align=&#8221;left&#8221; i_icon_fontawesome=&#8221;fas fa-braille&#8221; button_block=&#8221;true&#8221; add_icon=&#8221;true&#8221; link=&#8221;url:https%3A%2F%2Fmase.lmneuquen.com%2Fventa%2Flas-particulares-la-venta-combustible-el-2022-n993524&#8243;][\/vc_column][vc_column width=&#8221;1\/2&#8243;][vc_single_image image=&#8221;13472&#8243; alignment=&#8221;center&#8221; style=&#8221;vc_box_border_circle&#8221; border_color=&#8221;vista_blue&#8221; onclick=&#8221;custom_link&#8221; img_link_target=&#8221;_blank&#8221; title=&#8221;Otras publicaciones&#8221; link=&#8221;https:\/\/web.sistemasfce.com.ar\/wordpress\/index.php\/oepat-publicaciones\/&#8221;][vc_widget_sidebar][\/vc_column][\/vc_row][vc_row][vc_column][vc_tweetmeme share_via=&#8221;https:\/\/twitter.com\/MasEnergiaLMN\/status\/1623798992252375042&#8243; large_button=&#8221;true&#8221; el_id=&#8221;https:\/\/twitter.com\/MasEnergiaLMN\/status\/1623798992252375042&#8243;][\/vc_column][\/vc_row]<\/p>\n<\/div><\/div>","protected":false},"excerpt":{"rendered":"<p>[vc_row][vc_column][vc_single_image image=&#8221;13456&#8243; img_size=&#8221;large&#8221; alignment=&#8221;center&#8221; onclick=&#8221;custom_link&#8221;][\/vc_column][\/vc_row][vc_row][vc_column][vc_video link=&#8221;https:\/\/www.youtube.com\/watch?v=Z2QOM2tTWCs&#8221; el_width=&#8221;80&#8243; align=&#8221;center&#8221; title=&#8221;Presentaci\u00f3n&#8221;][\/vc_column][\/vc_row][vc_row][vc_column width=&#8221;1\/2&#8243;][vc_btn title=&#8221;Ahora 12 en Chubut: uno &hellip; <\/p>\n","protected":false},"author":10,"featured_media":0,"parent":0,"menu_order":0,"comment_status":"closed","ping_status":"closed","template":"","meta":{"pmpro_default_level":"","footnotes":""},"class_list":["post-13453","page","type-page","status-publish","hentry","pmpro-has-access"],"_links":{"self":[{"href":"https:\/\/web.sistemasfce.com.ar\/wordpress\/index.php\/wp-json\/wp\/v2\/pages\/13453","targetHints":{"allow":["GET"]}}],"collection":[{"href":"https:\/\/web.sistemasfce.com.ar\/wordpress\/index.php\/wp-json\/wp\/v2\/pages"}],"about":[{"href":"https:\/\/web.sistemasfce.com.ar\/wordpress\/index.php\/wp-json\/wp\/v2\/types\/page"}],"author":[{"embeddable":true,"href":"https:\/\/web.sistemasfce.com.ar\/wordpress\/index.php\/wp-json\/wp\/v2\/users\/10"}],"replies":[{"embeddable":true,"href":"https:\/\/web.sistemasfce.com.ar\/wordpress\/index.php\/wp-json\/wp\/v2\/comments?post=13453"}],"version-history":[{"count":21,"href":"https:\/\/web.sistemasfce.com.ar\/wordpress\/index.php\/wp-json\/wp\/v2\/pages\/13453\/revisions"}],"predecessor-version":[{"id":14198,"href":"https:\/\/web.sistemasfce.com.ar\/wordpress\/index.php\/wp-json\/wp\/v2\/pages\/13453\/revisions\/14198"}],"wp:attachment":[{"href":"https:\/\/web.sistemasfce.com.ar\/wordpress\/index.php\/wp-json\/wp\/v2\/media?parent=13453"}],"curies":[{"name":"wp","href":"https:\/\/api.w.org\/{rel}","templated":true}]}}