{"id":13451,"date":"2023-03-16T14:56:44","date_gmt":"2023-03-16T14:56:44","guid":{"rendered":"https:\/\/web.sistemasfce.com.ar\/wordpress\/?page_id=13451"},"modified":"2023-04-11T14:15:22","modified_gmt":"2023-04-11T14:15:22","slug":"categorizacion","status":"publish","type":"page","link":"https:\/\/web.sistemasfce.com.ar\/wordpress\/index.php\/oaeh-investigaciones\/categorizacion\/","title":{"rendered":"Categorizaci\u00f3n"},"content":{"rendered":"<div class=\"wpb-content-wrapper\"><div id=\"modal-ready\"><p>[vc_row][vc_column][vc_single_image image=&#8221;13668&#8243; img_size=&#8221;large&#8221; alignment=&#8221;center&#8221; style=&#8221;vc_box_rounded&#8221; onclick=&#8221;img_link_large&#8221; css_animation=&#8221;zoomIn&#8221;][vc_column_text][\/vc_column_text][\/vc_column][\/vc_row][vc_row][vc_column][vc_column_text]<span style=\"font-size: 24pt; color: #333399;\"><strong>PRINUAR<\/strong><\/span><\/p>\n<p><strong>Sistema de Categorizaci\u00f3n de Docentes Investigadores\/as<\/strong><\/p>\n<p>La Secretar\u00eda de Pol\u00edticas Universitarias del Ministerio de Educaci\u00f3n de la Naci\u00f3n lanz\u00f3 el\u00a0<strong>Programa para la Investigaci\u00f3n Universitaria Argentina<\/strong>\u00a0<strong>(PRINUAR)<\/strong>\u00a0con el objetivo de institucionalizar la figura de la los Investigadores\/as.<\/p>\n<p><strong>PRINUAR<\/strong> articula los trabajos de investigaci\u00f3n con la docencia, la extensi\u00f3n y las artes, aportando una perspectiva integral para el desarrollo cient\u00edfico y tecnol\u00f3gico, atendiendo las l\u00edneas propuestas por las universidades y las pol\u00edticas nacionales de desarrollo del conocimiento.<\/p>\n<p><strong><img loading=\"lazy\" decoding=\"async\" class=\"CToWUd\" src=\"https:\/\/ci6.googleusercontent.com\/proxy\/WJY5Ts7pJ4lwDNzWL6tGijmH0dE8nwnXBXFzWYY__FKV9qShRhmwPlKRGarZWr86ZABh314bdqNCbpxDh_bdiJwA2PU6OdBcjs3usmhNQvdjqkGz=s0-d-e1-ft#https:\/\/static.xx.fbcdn.net\/images\/emoji.php\/v9\/te2\/1\/16\/270d.png\" alt=\"\u270d\ufe0f\" width=\"16\" height=\"16\" data-bit=\"iit\" \/>Desde el 10 de abril al 31 de mayo de 2023, se encontrar\u00e1 abierta la convocatoria para la\u00a0 categorizaci\u00f3n de docentes investigadores\/as.\u00a0<\/strong><\/p>\n<p>Las categor\u00edas a las que puede postularse cada docente-investigador se identificar\u00e1n como <strong>I, II, III, IV o V<\/strong>, siendo <strong>I <\/strong>la m\u00e1xima categor\u00eda. Aquellos docentes-investigadores que deseen presentarse a categorizar deber\u00e1n registrarse en el sistema PRINUAR\u00a0<a href=\"https:\/\/prinuar.siu.edu.ar\/\">https:\/\/prinuar.siu.edu.ar<\/a><\/p>\n<p>Para recuperar el usuario y contrase\u00f1a:<img loading=\"lazy\" decoding=\"async\" class=\"CToWUd\" src=\"https:\/\/ci4.googleusercontent.com\/proxy\/-OmAeYBCFweGRmD9iucM8mz28pDWGp9Z3OyGqNrKZudmUPUwmV5-Gfv39ALGi_GRJ-_QDX4vHuFDCHT8QHnV7cNdNokynKtmmK88J6ToF5WPHhUC_g=s0-d-e1-ft#https:\/\/static.xx.fbcdn.net\/images\/emoji.php\/v9\/t51\/1\/16\/1f449.png\" alt=\"\ud83d\udc49\" width=\"16\" height=\"16\" data-bit=\"iit\" \/><a href=\"https:\/\/prinuar.siu.edu.ar\/aplicacion.php?ah=st64230c872e3e95.10309267&amp;ai=incentivos%7C%7C1000220\">\u00a0Click Aqu\u00ed<\/a><\/p>\n<p><strong><img loading=\"lazy\" decoding=\"async\" class=\"CToWUd\" src=\"https:\/\/ci6.googleusercontent.com\/proxy\/WJY5Ts7pJ4lwDNzWL6tGijmH0dE8nwnXBXFzWYY__FKV9qShRhmwPlKRGarZWr86ZABh314bdqNCbpxDh_bdiJwA2PU6OdBcjs3usmhNQvdjqkGz=s0-d-e1-ft#https:\/\/static.xx.fbcdn.net\/images\/emoji.php\/v9\/te2\/1\/16\/270d.png\" alt=\"\u270d\ufe0f\" width=\"16\" height=\"16\" data-bit=\"iit\" \/>Quienes deben realizar la categorizaci\u00f3n:<\/strong><\/p>\n<ul>\n<li>Todos aquellos docentes investigadores que no est\u00e9n categorizados.<\/li>\n<li>Todos los docentes investigadores que se hayan categorizado en la convocatoria 2009.<\/li>\n<li>Todos los docentes investigadores categorizados en los llamados 2011 y 2014 que aspiren a una promoci\u00f3n de categor\u00eda.<\/li>\n<\/ul>\n<p><img loading=\"lazy\" decoding=\"async\" class=\"CToWUd\" src=\"https:\/\/ci4.googleusercontent.com\/proxy\/-OmAeYBCFweGRmD9iucM8mz28pDWGp9Z3OyGqNrKZudmUPUwmV5-Gfv39ALGi_GRJ-_QDX4vHuFDCHT8QHnV7cNdNokynKtmmK88J6ToF5WPHhUC_g=s0-d-e1-ft#https:\/\/static.xx.fbcdn.net\/images\/emoji.php\/v9\/t51\/1\/16\/1f449.png\" alt=\"\ud83d\udc49\" width=\"16\" height=\"16\" data-bit=\"iit\" \/>Desde el 01\/04\/23 al 15\/05\/23 el PRINUAR los datos deber\u00e1n ser importados desde el CVar\u00a0<a href=\"http:\/\/cvar.sicytar.mincyt.gob.ar\/auth\/index.jsp\">http:\/\/cvar.sicytar.mincyt.gob.ar\/auth\/index.jsp<\/a><\/p>\n<p><strong><img loading=\"lazy\" decoding=\"async\" class=\"CToWUd\" src=\"https:\/\/ci6.googleusercontent.com\/proxy\/WJY5Ts7pJ4lwDNzWL6tGijmH0dE8nwnXBXFzWYY__FKV9qShRhmwPlKRGarZWr86ZABh314bdqNCbpxDh_bdiJwA2PU6OdBcjs3usmhNQvdjqkGz=s0-d-e1-ft#https:\/\/static.xx.fbcdn.net\/images\/emoji.php\/v9\/te2\/1\/16\/270d.png\" alt=\"\u270d\ufe0f\" width=\"16\" height=\"16\" data-bit=\"iit\" \/>Para cargar el CVar:\u00a0<\/strong><\/p>\n<p style=\"padding-left: 40px;\"><strong>Si no ten\u00e9s cargado tus datos y producci\u00f3n cient\u00edfica en SIGEVA:\u00a0<\/strong>inici\u00e1 la carga directamente en CVar y sugerimos:<br \/>\na. Leer el\u00a0<a href=\"https:\/\/cyt.rec.uba.ar\/wp-content\/uploads\/Manual-CVAR_NUEVA-CATEGORIZACION-2023.pdf\">Manual CVAR_NUEVA CATEGORIZACION 2023<\/a><br \/>\nb. Consultar las\u00a0<a href=\"https:\/\/cyt.rec.uba.ar\/wp-content\/uploads\/Preguntas-frecuentes-y-respuestas-del-aplicativo-CVar.docx\">Preguntas frecuentes y respuestas del aplicativo CVar<\/a><\/p>\n<p style=\"padding-left: 40px;\"><strong>Si ya ten\u00e9s cargados tus datos producci\u00f3n cient\u00edfica en SIGEVA-UNP:\u00a0<\/strong>se pueden exportar los datos en los distintos sistemas desde el siguiente orden (SIGEVA-UNP, SIGEVA- CONICET, CVar y PRINUAR).<\/p>\n<p><strong><img loading=\"lazy\" decoding=\"async\" class=\"CToWUd\" src=\"https:\/\/ci6.googleusercontent.com\/proxy\/WJY5Ts7pJ4lwDNzWL6tGijmH0dE8nwnXBXFzWYY__FKV9qShRhmwPlKRGarZWr86ZABh314bdqNCbpxDh_bdiJwA2PU6OdBcjs3usmhNQvdjqkGz=s0-d-e1-ft#https:\/\/static.xx.fbcdn.net\/images\/emoji.php\/v9\/te2\/1\/16\/270d.png\" alt=\"\u270d\ufe0f\" width=\"16\" height=\"16\" data-bit=\"iit\" \/>Documentaci\u00f3n importante<\/strong><\/p>\n<p style=\"padding-left: 40px;\"><a href=\"https:\/\/cyt.rec.uba.ar\/wp-content\/uploads\/Resolucion_Prinuar.pdf\"><strong>RESOL-2023-472-AN-ME (Creaci\u00f3n Programa para la Investigaci\u00f3n Universitaria Argentina \u2013 PRINUAR)<\/strong><\/a><\/p>\n<p style=\"padding-left: 40px;\"><a href=\"https:\/\/cyt.rec.uba.ar\/wp-content\/uploads\/Reglamento_1-Prinuar.pdf\"><strong>EX-2022-133221711-APN-SECPU#ME (REGLAMENTO PROGRAMA INVESTIGADOR\/A UNIVERSITARIO\/A ARGENTINO\/A PRINUAR)<\/strong><\/a><\/p>\n<p><strong><img loading=\"lazy\" decoding=\"async\" class=\"CToWUd\" src=\"https:\/\/ci6.googleusercontent.com\/proxy\/WJY5Ts7pJ4lwDNzWL6tGijmH0dE8nwnXBXFzWYY__FKV9qShRhmwPlKRGarZWr86ZABh314bdqNCbpxDh_bdiJwA2PU6OdBcjs3usmhNQvdjqkGz=s0-d-e1-ft#https:\/\/static.xx.fbcdn.net\/images\/emoji.php\/v9\/te2\/1\/16\/270d.png\" alt=\"\u270d\ufe0f\" width=\"16\" height=\"16\" data-bit=\"iit\" \/>Link relacionado<\/strong><\/p>\n<p style=\"padding-left: 40px;\"><a href=\"https:\/\/prinuar.siu.edu.ar\/\"><strong>https:\/\/prinuar.siu.edu.ar<\/strong><\/a><\/p>\n<p style=\"padding-left: 40px;\"><a href=\"https:\/\/www.argentina.gob.ar\/educacion\/universidades\/prinuar\"><strong>https:\/\/www.argentina.gob.ar\/educacion\/universidades\/prinuar<\/strong><\/a><\/p>\n<p><strong><img loading=\"lazy\" decoding=\"async\" class=\"CToWUd\" src=\"https:\/\/ci4.googleusercontent.com\/proxy\/-OmAeYBCFweGRmD9iucM8mz28pDWGp9Z3OyGqNrKZudmUPUwmV5-Gfv39ALGi_GRJ-_QDX4vHuFDCHT8QHnV7cNdNokynKtmmK88J6ToF5WPHhUC_g=s0-d-e1-ft#https:\/\/static.xx.fbcdn.net\/images\/emoji.php\/v9\/t51\/1\/16\/1f449.png\" alt=\"\ud83d\udc49\" width=\"16\" height=\"16\" data-bit=\"iit\" \/>En caso de tener una consulta secinvestigacion.fce<span class=\"atwho-query\">@gmail.com<\/span><\/strong>[\/vc_column_text][\/vc_column][\/vc_row]<\/p>\n<\/div><\/div>","protected":false},"excerpt":{"rendered":"<p>[vc_row][vc_column][vc_single_image image=&#8221;13668&#8243; img_size=&#8221;large&#8221; alignment=&#8221;center&#8221; style=&#8221;vc_box_rounded&#8221; onclick=&#8221;img_link_large&#8221; css_animation=&#8221;zoomIn&#8221;][vc_column_text][\/vc_column_text][\/vc_column][\/vc_row][vc_row][vc_column][vc_column_text]PRINUAR Sistema de Categorizaci\u00f3n de Docentes Investigadores\/as La Secretar\u00eda &hellip; <\/p>\n","protected":false},"author":10,"featured_media":0,"parent":12613,"menu_order":0,"comment_status":"closed","ping_status":"closed","template":"","meta":{"pmpro_default_level":"","footnotes":""},"class_list":["post-13451","page","type-page","status-publish","hentry","pmpro-has-access"],"_links":{"self":[{"href":"https:\/\/web.sistemasfce.com.ar\/wordpress\/index.php\/wp-json\/wp\/v2\/pages\/13451","targetHints":{"allow":["GET"]}}],"collection":[{"href":"https:\/\/web.sistemasfce.com.ar\/wordpress\/index.php\/wp-json\/wp\/v2\/pages"}],"about":[{"href":"https:\/\/web.sistemasfce.com.ar\/wordpress\/index.php\/wp-json\/wp\/v2\/types\/page"}],"author":[{"embeddable":true,"href":"https:\/\/web.sistemasfce.com.ar\/wordpress\/index.php\/wp-json\/wp\/v2\/users\/10"}],"replies":[{"embeddable":true,"href":"https:\/\/web.sistemasfce.com.ar\/wordpress\/index.php\/wp-json\/wp\/v2\/comments?post=13451"}],"version-history":[{"count":15,"href":"https:\/\/web.sistemasfce.com.ar\/wordpress\/index.php\/wp-json\/wp\/v2\/pages\/13451\/revisions"}],"predecessor-version":[{"id":13702,"href":"https:\/\/web.sistemasfce.com.ar\/wordpress\/index.php\/wp-json\/wp\/v2\/pages\/13451\/revisions\/13702"}],"up":[{"embeddable":true,"href":"https:\/\/web.sistemasfce.com.ar\/wordpress\/index.php\/wp-json\/wp\/v2\/pages\/12613"}],"wp:attachment":[{"href":"https:\/\/web.sistemasfce.com.ar\/wordpress\/index.php\/wp-json\/wp\/v2\/media?parent=13451"}],"curies":[{"name":"wp","href":"https:\/\/api.w.org\/{rel}","templated":true}]}}