{"id":12834,"date":"2022-08-20T13:02:49","date_gmt":"2022-08-20T13:02:49","guid":{"rendered":"https:\/\/web.sistemasfce.com.ar\/wordpress\/?page_id=12834"},"modified":"2022-12-06T23:22:41","modified_gmt":"2022-12-06T23:22:41","slug":"ateneos-administracion","status":"publish","type":"page","link":"https:\/\/web.sistemasfce.com.ar\/wordpress\/index.php\/ateneos-administracion\/","title":{"rendered":"Ateneos Administraci\u00f3n"},"content":{"rendered":"<div class=\"wpb-content-wrapper\"><div id=\"modal-ready\"><p>[vc_row][vc_column width=&#8221;1\/6&#8243;][vc_icon icon_fontawesome=&#8221;fas fa-angle-double-left&#8221; link=&#8221;url:http%3A%2F%2Fweb.sistemasfce.com.ar%2Fwordpress%2Findex.php%2Fateneos-universitarios%2F|title:Volver%20a%20Ateneos&#8221;][\/vc_column][vc_column width=&#8221;2\/6&#8243;]<div class=\"thim-widget-icon-box template-base\"><div class=\"wrapper-box-icon has_custom_image wrapper-line-heading text-center \" ><div class=\"smicon-box iconbox-top\" style=\"--icon-width: 80px;--icon-height: 80px;\"><div class=\"boxes-icon\"><a class=\"icon-box-link\" target=\"_self\" href=\"https:\/\/web.sistemasfce.com.ar\/wordpress\/index.php\/administracion-ambiental\/\"><span class=\"inner-icon\"><span class=\"icon icon-images\"><img loading=\"lazy\" decoding=\"async\" src=\"https:\/\/web.sistemasfce.com.ar\/wordpress\/wp-content\/uploads\/2022\/08\/logo-ateneo-aa.jpg\" alt=\"logo ateneo aa\"  width=\"500\" height=\"500\"><\/span><\/span><\/span><\/a><\/div><div class=\"content-inner\"><div class=\"sc-heading article_heading\"><h3 class = \"heading__primary\" style=\"--title-color: #7202e2;--title-font-size: 20px;\"><a class=\"icon-box-link\" target=\"_self\" href=\"https:\/\/web.sistemasfce.com.ar\/wordpress\/index.php\/administracion-ambiental\/\">ATENEO EN ADMINISTRACION AMBIENTAL<\/a><\/h3><span class=\"line-heading\"><\/span><\/div><\/div><\/div><\/div><\/div>[vc_row_inner][vc_column_inner][vc_empty_space height=&#8221;64px&#8221;][vc_column_text]<\/p>\n<p style=\"text-align: center;\"><span style=\"color: #000000;\"><strong>DIRECTORA: TUAA MARCELA M. DENADEI<br \/>\n<\/strong><\/span><\/p>\n<p style=\"text-align: center;\"><span style=\"color: #000000;\"><strong>FECHA DE INICIO: 07 de Octubre de 2021<\/strong><\/span><\/p>\n<p style=\"text-align: center;\"><span style=\"color: #000000;\"><strong>RESOLUCION DE AVAL: 118\/21 CDFCE<\/strong><\/span><\/p>\n<p style=\"text-align: center;\"><span style=\"color: #000000;\"><strong>Sede TRELEW<\/strong><\/span><\/p>\n<p style=\"text-align: center;\"><span style=\"color: #000000;\"><strong>CONTACTO: <\/strong><\/span><a href=\"mailto:ateneoadmambiental.fce@gmail.com\"><span style=\"color: #3366ff;\"><em>ateneoadmambiental.fce<\/em><\/span><em><span style=\"color: #000000;\"><span style=\"color: #3366ff;\">@gmail.com<\/span><\/span><\/em><\/a><\/p>\n<p>[\/vc_column_text][vc_column_text]<span style=\"color: #000000;\"><strong><span style=\"font-size: 14pt;\">OBJETIVO<\/span><\/strong><\/span><\/p>\n<p style=\"text-align: justify;\"><span style=\"color: #000000;\">Los objetivos que se perseguir\u00e1n con el trabajo en este Ateneo ser\u00e1n los siguientes:<\/span><\/p>\n<ul style=\"text-align: justify;\">\n<li><span style=\"color: #000000;\">Generar un \u00e1mbito de estudio, debate y construcci\u00f3n de conocimiento aplicado al desarrollo de propuestas de impacto socio ambiental en la comunidad;<\/span><\/li>\n<\/ul>\n<ul style=\"text-align: justify;\">\n<li><span style=\"color: #000000;\">Estudiar diferentes herramientas y normativas de gesti\u00f3n ambiental evaluando diferentes aplicaciones;<\/span><\/li>\n<\/ul>\n<ul>\n<li style=\"text-align: justify;\"><span style=\"color: #000000;\">Conocer y difundir la normativa vigente en materia de educaci\u00f3n ambiental y su vinculaci\u00f3n con los objetivos de Desarrollo Sustentable.<\/span><\/li>\n<\/ul>\n<p>[\/vc_column_text][\/vc_column_inner][\/vc_row_inner][\/vc_column][vc_column width=&#8221;1\/6&#8243;][\/vc_column][vc_column width=&#8221;2\/6&#8243;]<div class=\"thim-widget-icon-box template-base\"><div class=\"wrapper-box-icon has_custom_image wrapper-line-heading text-center \" ><div class=\"smicon-box iconbox-top\" style=\"--icon-width: 105px;--icon-height: 105px;\"><div class=\"boxes-icon\"><a class=\"icon-box-link\" target=\"_self\" href=\"https:\/\/web.sistemasfce.com.ar\/wordpress\/index.php\/oaeh\/\"><span class=\"inner-icon\"><span class=\"icon icon-images\"><img loading=\"lazy\" decoding=\"async\" src=\"https:\/\/web.sistemasfce.com.ar\/wordpress\/wp-content\/uploads\/2022\/08\/Logo-Ateneo-Esfuerzo-Humano-2020.png\" alt=\"Logo Ateneo Esfuerzo Humano 2020\"  width=\"583\" height=\"313\"><\/span><\/span><\/span><\/a><\/div><div class=\"content-inner\"><div class=\"sc-heading article_heading\"><h3 class = \"heading__primary\" style=\"--title-color: #7202e2;--title-font-size: 20px;\"><a class=\"icon-box-link\" target=\"_self\" href=\"https:\/\/web.sistemasfce.com.ar\/wordpress\/index.php\/oaeh\/\">ATENEO EN ADMINISTRACION DEL ESFUERZO HUMANO<\/a><\/h3><span class=\"line-heading\"><\/span><\/div><\/div><\/div><\/div><\/div>[vc_row_inner][vc_column_inner][vc_empty_space][vc_column_text]<\/p>\n<p style=\"text-align: center;\"><span style=\"color: #000000;\"><strong>DIRECTOR: Lic. DANIEL E. URIE<br \/>\n<\/strong><\/span><\/p>\n<p style=\"text-align: center;\"><span style=\"color: #000000;\"><strong>FECHA DE INICIO: 12 de Diciembre de 2012<br \/>\n<\/strong><\/span><\/p>\n<p style=\"text-align: center;\"><span style=\"color: #000000;\"><strong>RESOLUCION DE AVAL:\u00a0 138\/12 CDFCE<\/strong><\/span><\/p>\n<p style=\"text-align: center;\"><span style=\"color: #000000;\"><strong>Sede TRELEW<\/strong><\/span><\/p>\n<p style=\"text-align: center;\"><span style=\"color: #000000;\"><strong>CONTACTO: <\/strong><\/span><a href=\"mailto:ateneo.admesfuerzohumano@gmail.com\"><span style=\"color: #3366ff;\"><em>ateneo.admesfuerzohumano<\/em><\/span><em><span style=\"color: #000000;\"><span style=\"color: #3366ff;\">@gmail.com<\/span><\/span><\/em><\/a><\/p>\n<p>[\/vc_column_text][vc_column_text]<span style=\"color: #000000;\"><strong><span style=\"font-size: 14pt;\">OBJETIVO<\/span><\/strong><\/span><\/p>\n<p><span style=\"color: #000000;\">Su escencia y funci\u00f3n es la generaci\u00f3n de espacios abiertos de debate, reflexi\u00f3n, intercambio y an\u00e1lisis de tem\u00e1ticas de relevancia para la Administraci\u00f3n de Recursos Humanos. Ser\u00e1 sustancial tambi\u00e9n la producci\u00f3n acad\u00e9mica y su difusi\u00f3n, desde las distintas pespectivas cient\u00edficas y tecnol\u00f3gicas.<\/span>[\/vc_column_text][\/vc_column_inner][\/vc_row_inner][\/vc_column][\/vc_row]<\/p>\n<\/div><\/div>","protected":false},"excerpt":{"rendered":"<p>[vc_row][vc_column width=&#8221;1\/6&#8243;][vc_icon icon_fontawesome=&#8221;fas fa-angle-double-left&#8221; link=&#8221;url:http%3A%2F%2Fweb.sistemasfce.com.ar%2Fwordpress%2Findex.php%2Fateneos-universitarios%2F|title:Volver%20a%20Ateneos&#8221;][\/vc_column][vc_column width=&#8221;2\/6&#8243;][vc_row_inner][vc_column_inner][vc_empty_space height=&#8221;64px&#8221;][vc_column_text] DIRECTORA: TUAA MARCELA M. DENADEI FECHA DE INICIO: &hellip; <\/p>\n","protected":false},"author":6,"featured_media":0,"parent":0,"menu_order":0,"comment_status":"closed","ping_status":"closed","template":"","meta":{"pmpro_default_level":"","footnotes":""},"class_list":["post-12834","page","type-page","status-publish","hentry","pmpro-has-access"],"_links":{"self":[{"href":"https:\/\/web.sistemasfce.com.ar\/wordpress\/index.php\/wp-json\/wp\/v2\/pages\/12834","targetHints":{"allow":["GET"]}}],"collection":[{"href":"https:\/\/web.sistemasfce.com.ar\/wordpress\/index.php\/wp-json\/wp\/v2\/pages"}],"about":[{"href":"https:\/\/web.sistemasfce.com.ar\/wordpress\/index.php\/wp-json\/wp\/v2\/types\/page"}],"author":[{"embeddable":true,"href":"https:\/\/web.sistemasfce.com.ar\/wordpress\/index.php\/wp-json\/wp\/v2\/users\/6"}],"replies":[{"embeddable":true,"href":"https:\/\/web.sistemasfce.com.ar\/wordpress\/index.php\/wp-json\/wp\/v2\/comments?post=12834"}],"version-history":[{"count":16,"href":"https:\/\/web.sistemasfce.com.ar\/wordpress\/index.php\/wp-json\/wp\/v2\/pages\/12834\/revisions"}],"predecessor-version":[{"id":13310,"href":"https:\/\/web.sistemasfce.com.ar\/wordpress\/index.php\/wp-json\/wp\/v2\/pages\/12834\/revisions\/13310"}],"wp:attachment":[{"href":"https:\/\/web.sistemasfce.com.ar\/wordpress\/index.php\/wp-json\/wp\/v2\/media?parent=12834"}],"curies":[{"name":"wp","href":"https:\/\/api.w.org\/{rel}","templated":true}]}}