{"id":12649,"date":"2022-06-24T21:28:21","date_gmt":"2022-06-24T21:28:21","guid":{"rendered":"https:\/\/web.sistemasfce.com.ar\/wordpress\/?page_id=12649"},"modified":"2022-11-11T19:24:51","modified_gmt":"2022-11-11T19:24:51","slug":"ateneos-juridicas","status":"publish","type":"page","link":"https:\/\/web.sistemasfce.com.ar\/wordpress\/index.php\/ateneos-juridicas\/","title":{"rendered":"Ateneos Jur\u00eddicas"},"content":{"rendered":"<div class=\"wpb-content-wrapper\"><div id=\"modal-ready\"><p>[vc_row gap=&#8221;5&#8243; css=&#8221;.vc_custom_1656163081128{margin-right: -15px !important;margin-bottom: 100px !important;margin-left: -15px !important;}&#8221; el_class=&#8221;thim-welcome-university&#8221;][vc_column width=&#8221;1\/6&#8243; css=&#8221;.vc_custom_1656105134637{padding-right: 30px !important;padding-left: 15px !important;}&#8221;][vc_empty_space height=&#8221;15px&#8221;][vc_icon icon_fontawesome=&#8221;fas fa-angle-double-left&#8221; link=&#8221;url:http%3A%2F%2Fweb.sistemasfce.com.ar%2Fwordpress%2Findex.php%2Fateneos-universitarios%2F|title:Volver%20a%20Ateneos&#8221;][\/vc_column][vc_column width=&#8221;2\/6&#8243;]<div class=\"thim-widget-icon-box template-base\"><div class=\"wrapper-box-icon has_custom_image wrapper-line-heading text-center \" ><div class=\"smicon-box iconbox-top\" style=\"--icon-width: 75px;--icon-height: 75px;\"><div class=\"boxes-icon\"><a class=\"icon-box-link\" target=\"_self\" href=\"https:\/\/web.sistemasfce.com.ar\/wordpress\/index.php\/ateneo-en-derecho-e-instituciones\/\"><span class=\"inner-icon\"><span class=\"icon icon-images\"><img loading=\"lazy\" decoding=\"async\" src=\"https:\/\/web.sistemasfce.com.ar\/wordpress\/wp-content\/uploads\/2022\/06\/B-juridicas.png\" alt=\"B-juridicas\"  width=\"323\" height=\"324\"><\/span><\/span><\/span><\/a><\/div><div class=\"content-inner\"><div class=\"sc-heading article_heading\"><h3 class = \"heading__primary\" style=\"--title-color: #666666;--title-font-size: 14px;--title-margin-bottom: 5px;\"><a class=\"icon-box-link\" target=\"_self\" href=\"https:\/\/web.sistemasfce.com.ar\/wordpress\/index.php\/ateneo-en-derecho-e-instituciones\/\">ATENEO EN DERECHO E INSTITUCIONES: IDEAS E INSTITUCIONES JURIDICO-POLITICAS<\/a><\/h3><span class=\"line-heading\"><\/span><\/div><\/div><\/div><\/div><\/div>[vc_row_inner][vc_column_inner][vc_column_text]<\/p>\n<p style=\"text-align: center;\"><span style=\"color: #000000;\"><strong><span style=\"text-decoration: underline;\">DIRECTOR<\/span>: Abog. Aldo Luis DE CUNTO<\/strong><\/span><\/p>\n<p style=\"text-align: center;\"><span style=\"color: #000000;\"><strong><span style=\"text-decoration: underline;\">FECHA DE INICIO<\/span>: 26 de Mayo de 2017<\/strong><\/span><\/p>\n<p style=\"text-align: center;\"><span style=\"color: #000000;\"><strong><span style=\"text-decoration: underline;\">RESOLUCION DE AVAL<\/span>: <a href=\"http:\/\/tahio.sistemasfce.com.ar\/docu\/temp\/resol_2017_051-17.pdf\" target=\"_blank\" rel=\"noopener\">051\/17 CDFCE<\/a><\/strong><\/span><\/p>\n<p style=\"text-align: center;\"><span style=\"color: #000000;\"><strong>Sede TRELEW<\/strong><\/span><\/p>\n<p style=\"text-align: center;\"><span style=\"color: #000000;\"><strong><span style=\"text-decoration: underline;\">CONTACTO<\/span>: <\/strong><\/span><em><a href=\"mailto:aldoluisd@gmail.com\">aldoluisd@gmail.com<\/a> <\/em><\/p>\n<p>[\/vc_column_text][vc_column_text]<span style=\"font-size: 14pt; color: #000000;\"><strong>OBJETIVO<\/strong><\/span><\/p>\n<p style=\"text-align: justify;\"><span style=\"color: #000000;\">Generar un espacio abierto de debate, intercambio y an\u00e1lisis de cuestiones referidas a los temas relativos al conocimiento y an\u00e1lisis de ideas y teor\u00edas jur\u00eddico-pol\u00edticas y de su relaci\u00f3n e implementaci\u00f3n en instituciones jur\u00eddico-pol\u00edticas que hacen al dise\u00f1o y desarrollo del sistema democr\u00e1tico, vinculando la reflexi\u00f3n con la realidad local, nacional y global, con la pretensi\u00f3n de generar aportes significativos para la Patagonia de los integrantes de la comunidad acad\u00e9mica de la Facultad de Ciencias Econ\u00f3micas de la UNPSJB y de la universidad local en general; as\u00ed como estimular un espacio de difusi\u00f3n de las distintas perspectivas que los integrantes de la comunidad acad\u00e9mica incorporen como novedosos sobre tem\u00e1ticas referidas a la teor\u00eda pol\u00edtica y del derecho.<\/span><\/p>\n<p>[\/vc_column_text][\/vc_column_inner][\/vc_row_inner][\/vc_column][vc_column width=&#8221;1\/6&#8243;][vc_empty_space height=&#8221;15px&#8221;][vc_empty_space height=&#8221;15px&#8221;][\/vc_column][vc_column width=&#8221;2\/6&#8243;]<div class=\"thim-widget-icon-box template-base\"><div class=\"wrapper-box-icon has_custom_image wrapper-line-heading text-center \" ><div class=\"smicon-box iconbox-top\" style=\"--icon-width: 75px;--icon-height: 75px;\"><div class=\"boxes-icon\"><a class=\"icon-box-link\" target=\"_self\" href=\"https:\/\/web.sistemasfce.com.ar\/wordpress\/index.php\/ateneo-derecho-epyss\/\"><span class=\"inner-icon\"><span class=\"icon icon-images\"><img loading=\"lazy\" decoding=\"async\" src=\"https:\/\/web.sistemasfce.com.ar\/wordpress\/wp-content\/uploads\/2022\/06\/B-juridicas.png\" alt=\"B-juridicas\"  width=\"323\" height=\"324\"><\/span><\/span><\/span><\/a><\/div><div class=\"content-inner\"><div class=\"sc-heading article_heading\"><h3 class = \"heading__primary\" style=\"--title-color: #666666;\"><a class=\"icon-box-link\" target=\"_self\" href=\"https:\/\/web.sistemasfce.com.ar\/wordpress\/index.php\/ateneo-derecho-epyss\/\">ATENEO DE DERECHO DEL EMPLEO, LA PRODUCCION Y LA SEGURIDAD SOCIAL<\/a><\/h3><span class=\"line-heading\"><\/span><\/div><\/div><\/div><\/div><\/div>[vc_row_inner][vc_column_inner][vc_column_text]<\/p>\n<p style=\"text-align: center;\"><span style=\"color: #000000;\"><strong><span style=\"text-decoration: underline;\">DIRECTOR<\/span>: Abog. Jorge Javier ECHELINI<\/strong><\/span><\/p>\n<p style=\"text-align: center;\"><span style=\"color: #000000;\"><strong><span style=\"text-decoration: underline;\">FECHA DE INICIO<\/span>: 11 de Noviembre de 2021<\/strong><\/span><\/p>\n<p style=\"text-align: center;\"><span style=\"color: #000000;\"><strong><span style=\"text-decoration: underline;\">RESOLUCION DE AVAL<\/span>: <a href=\"http:\/\/tahio.sistemasfce.com.ar\/docu\/temp\/resol_2021_030.pdf\" target=\"_blank\" rel=\"noopener\">030\/21 CDFCE<\/a><\/strong><\/span><\/p>\n<p style=\"text-align: center;\"><span style=\"color: #000000;\"><strong>Deleg. Acad. COMODORO RIVADAVIA<\/strong><\/span><\/p>\n<p style=\"text-align: center;\"><span style=\"color: #000000;\"><strong><span style=\"text-decoration: underline;\">CONTACTO<\/span>:\u00a0 <\/strong><a href=\"mailto:javier.ondar@gmail.com\" target=\"_blank\" rel=\"noopener\"><em>javier.ondar@gmail.com<\/em><\/a><\/span><\/p>\n<p>[\/vc_column_text][\/vc_column_inner][\/vc_row_inner][vc_column_text]<strong><span style=\"font-size: 14pt; color: #000000;\">OBJETIVO<\/span><\/strong><\/p>\n<p style=\"text-align: justify;\"><span style=\"color: #000000;\">El ateneo tiene como fin principal la generaci\u00f3n de espacios abiertos de debate, reflexi\u00f3n, intercambio y an\u00e1lisis de tem\u00e1ticas vinculado con las acciones destinadas a promover y regular el empleo en cualquiera de sus formas y los distintos sistemas de producci\u00f3n en relaci\u00f3n al elemento humano.<\/span><\/p>\n<p>[\/vc_column_text][\/vc_column][\/vc_row]<\/p>\n<\/div><\/div>","protected":false},"excerpt":{"rendered":"<p>[vc_row gap=&#8221;5&#8243; css=&#8221;.vc_custom_1656163081128{margin-right: -15px !important;margin-bottom: 100px !important;margin-left: -15px !important;}&#8221; el_class=&#8221;thim-welcome-university&#8221;][vc_column width=&#8221;1\/6&#8243; css=&#8221;.vc_custom_1656105134637{padding-right: 30px !important;padding-left: 15px &hellip; <\/p>\n","protected":false},"author":6,"featured_media":0,"parent":0,"menu_order":0,"comment_status":"closed","ping_status":"closed","template":"","meta":{"pmpro_default_level":"","footnotes":""},"class_list":["post-12649","page","type-page","status-publish","hentry","pmpro-has-access"],"_links":{"self":[{"href":"https:\/\/web.sistemasfce.com.ar\/wordpress\/index.php\/wp-json\/wp\/v2\/pages\/12649","targetHints":{"allow":["GET"]}}],"collection":[{"href":"https:\/\/web.sistemasfce.com.ar\/wordpress\/index.php\/wp-json\/wp\/v2\/pages"}],"about":[{"href":"https:\/\/web.sistemasfce.com.ar\/wordpress\/index.php\/wp-json\/wp\/v2\/types\/page"}],"author":[{"embeddable":true,"href":"https:\/\/web.sistemasfce.com.ar\/wordpress\/index.php\/wp-json\/wp\/v2\/users\/6"}],"replies":[{"embeddable":true,"href":"https:\/\/web.sistemasfce.com.ar\/wordpress\/index.php\/wp-json\/wp\/v2\/comments?post=12649"}],"version-history":[{"count":23,"href":"https:\/\/web.sistemasfce.com.ar\/wordpress\/index.php\/wp-json\/wp\/v2\/pages\/12649\/revisions"}],"predecessor-version":[{"id":13195,"href":"https:\/\/web.sistemasfce.com.ar\/wordpress\/index.php\/wp-json\/wp\/v2\/pages\/12649\/revisions\/13195"}],"wp:attachment":[{"href":"https:\/\/web.sistemasfce.com.ar\/wordpress\/index.php\/wp-json\/wp\/v2\/media?parent=12649"}],"curies":[{"name":"wp","href":"https:\/\/api.w.org\/{rel}","templated":true}]}}