{"id":12620,"date":"2022-06-16T19:01:54","date_gmt":"2022-06-16T19:01:54","guid":{"rendered":"https:\/\/web.sistemasfce.com.ar\/wordpress\/?page_id=12620"},"modified":"2022-12-06T14:17:32","modified_gmt":"2022-12-06T14:17:32","slug":"oaeh-contacto","status":"publish","type":"page","link":"https:\/\/web.sistemasfce.com.ar\/wordpress\/index.php\/oaeh-contacto\/","title":{"rendered":"Contactos"},"content":{"rendered":"<div class=\"wpb-content-wrapper\"><div id=\"modal-ready\"><p>[vc_row][vc_column width=&#8221;1\/4&#8243;][\/vc_column][vc_column width=&#8221;1\/4&#8243;][vc_single_image image=&#8221;13280&#8243; img_size=&#8221;full&#8221;][\/vc_column][vc_column width=&#8221;1\/4&#8243;][\/vc_column][vc_column width=&#8221;1\/4&#8243;][vc_single_image image=&#8221;13282&#8243; img_size=&#8221;full&#8221; alignment=&#8221;right&#8221;][\/vc_column][\/vc_row][vc_row][vc_column width=&#8221;1\/4&#8243;][vc_wp_custommenu nav_menu=&#8221;700&#8243;][\/vc_column][vc_column width=&#8221;3\/4&#8243; css=&#8221;.vc_custom_1665679489388{background-color: #eadef3 !important;}&#8221;][vc_column_text]<\/p>\n<h2>\u00bfC\u00f3mo nos contact\u00e1s?<\/h2>\n<p>Comun\u00edcate con nosotros a nuestros correos electr\u00f3nicos o a trav\u00e9s de nuestras redes sociales:<\/p>\n<p>Correo electr\u00f3nico Observatorio: <a href=\"mailto:OAEH.UNPSJB@gmail.com\">OAEH.UNPSJB@gmail.com<\/a><\/p>\n<p>Correo electr\u00f3nico Ateneo:\u00a0<a href=\"ateneo.admesfuerzohumano@gmail.com\" target=\"_blank\" rel=\"noopener\">ateneo.admesfuerzohumano@gmail.com<\/a><\/p>\n<p>Instagram: <a href=\"https:\/\/instagram.com\/oaeh.fce?igshid=YmMyMTA2M2Y=\" target=\"_blank\" rel=\"noopener\">@oaeh.fce<\/a><\/p>\n<p>Facebook:\u00a0<a href=\"https:\/\/www.facebook.com\/OAEH.FCE\" target=\"_blank\" rel=\"noopener\">https:\/\/www.facebook.com\/OAEH.FCE<\/a><\/p>\n<p>Twitter: <a href=\"https:\/\/twitter.com\/y_ateneo?t=VjUU5OeqZreIYu0biUf0lg&amp;s=08\" target=\"_blank\" rel=\"noopener\">@y_ateneo<\/a><\/p>\n<p>Linkedin: <a href=\"https:\/\/www.linkedin.com\/in\/observatorio-y-ateneo-administraci%C3%B3n-del-esfuerzo-humano-5010b3212\/\" target=\"_blank\" rel=\"noopener\">Observatorio y Ateneo<\/a><\/p>\n<p>YouTube: <a href=\"https:\/\/www.youtube.com\/channel\/UC3TL5_8TNM5M2z9enRKyGIQ\" target=\"_blank\" rel=\"noopener\">Canal Ateneo y Observatorio<\/a><\/p>\n<p>O acced\u00e9 a nuestro canal escaneando el siguiente c\u00f3digo QR[\/vc_column_text][\/vc_column][\/vc_row][vc_row][vc_column width=&#8221;1\/4&#8243;][\/vc_column][vc_column width=&#8221;3\/4&#8243; css=&#8221;.vc_custom_1665679625043{background-color: #eadef3 !important;}&#8221;][vc_single_image image=&#8221;13027&#8243;][\/vc_column][\/vc_row][vc_row][vc_column width=&#8221;1\/4&#8243;][\/vc_column][vc_column width=&#8221;3\/4&#8243;]<div class=\"mgt-button-wrapper mgt-button-wrapper-align-center mgt-button-wrapper-display-inline mgt-button-top-margin-false mgt-button-right-margin-false mgt-button-round-edges-disable  \"><a class=\"btn hvr-default mgt-button-icon-true mgt-button mgt-style-text mgt-size-large mgt-align-center mgt-display-inline mgt-text-size-normal mgt-button-icon-separator- mgt-button-icon-position-left text-font-weight-default mgt-text-transform-none\" href=\"http:\/\/web.sistemasfce.com.ar\/wordpress\/index.php\/oaeh\/\"><i class=\"fas fa-home\"><\/i>Inicio<\/a><\/div>[\/vc_column][\/vc_row]<\/p>\n<\/div><\/div>","protected":false},"excerpt":{"rendered":"<p>[vc_row][vc_column width=&#8221;1\/4&#8243;][\/vc_column][vc_column width=&#8221;1\/4&#8243;][vc_single_image image=&#8221;13280&#8243; img_size=&#8221;full&#8221;][\/vc_column][vc_column width=&#8221;1\/4&#8243;][\/vc_column][vc_column width=&#8221;1\/4&#8243;][vc_single_image image=&#8221;13282&#8243; img_size=&#8221;full&#8221; alignment=&#8221;right&#8221;][\/vc_column][\/vc_row][vc_row][vc_column width=&#8221;1\/4&#8243;][vc_wp_custommenu nav_menu=&#8221;700&#8243;][\/vc_column][vc_column width=&#8221;3\/4&#8243; css=&#8221;.vc_custom_1665679489388{background-color: #eadef3 &hellip; <\/p>\n","protected":false},"author":9,"featured_media":0,"parent":0,"menu_order":0,"comment_status":"closed","ping_status":"closed","template":"","meta":{"pmpro_default_level":"","footnotes":""},"class_list":["post-12620","page","type-page","status-publish","hentry","pmpro-has-access"],"_links":{"self":[{"href":"https:\/\/web.sistemasfce.com.ar\/wordpress\/index.php\/wp-json\/wp\/v2\/pages\/12620","targetHints":{"allow":["GET"]}}],"collection":[{"href":"https:\/\/web.sistemasfce.com.ar\/wordpress\/index.php\/wp-json\/wp\/v2\/pages"}],"about":[{"href":"https:\/\/web.sistemasfce.com.ar\/wordpress\/index.php\/wp-json\/wp\/v2\/types\/page"}],"author":[{"embeddable":true,"href":"https:\/\/web.sistemasfce.com.ar\/wordpress\/index.php\/wp-json\/wp\/v2\/users\/9"}],"replies":[{"embeddable":true,"href":"https:\/\/web.sistemasfce.com.ar\/wordpress\/index.php\/wp-json\/wp\/v2\/comments?post=12620"}],"version-history":[{"count":17,"href":"https:\/\/web.sistemasfce.com.ar\/wordpress\/index.php\/wp-json\/wp\/v2\/pages\/12620\/revisions"}],"predecessor-version":[{"id":13297,"href":"https:\/\/web.sistemasfce.com.ar\/wordpress\/index.php\/wp-json\/wp\/v2\/pages\/12620\/revisions\/13297"}],"wp:attachment":[{"href":"https:\/\/web.sistemasfce.com.ar\/wordpress\/index.php\/wp-json\/wp\/v2\/media?parent=12620"}],"curies":[{"name":"wp","href":"https:\/\/api.w.org\/{rel}","templated":true}]}}