{"id":12616,"date":"2022-06-16T19:00:09","date_gmt":"2022-06-16T19:00:09","guid":{"rendered":"https:\/\/web.sistemasfce.com.ar\/wordpress\/?page_id=12616"},"modified":"2022-12-06T14:22:23","modified_gmt":"2022-12-06T14:22:23","slug":"oaeh-servicios-a-terceros","status":"publish","type":"page","link":"https:\/\/web.sistemasfce.com.ar\/wordpress\/index.php\/oaeh-servicios-a-terceros\/","title":{"rendered":"Servicios a Terceros"},"content":{"rendered":"<div class=\"wpb-content-wrapper\"><div id=\"modal-ready\"><p>[vc_row][vc_column width=&#8221;1\/4&#8243;][\/vc_column][vc_column width=&#8221;1\/4&#8243;][vc_single_image image=&#8221;13280&#8243; img_size=&#8221;full&#8221;][\/vc_column][vc_column width=&#8221;1\/4&#8243;][\/vc_column][vc_column width=&#8221;1\/4&#8243;][vc_single_image image=&#8221;13282&#8243; img_size=&#8221;full&#8221; alignment=&#8221;right&#8221;][\/vc_column][\/vc_row][vc_row][vc_column width=&#8221;1\/4&#8243;][vc_wp_custommenu nav_menu=&#8221;700&#8243;][\/vc_column][vc_column width=&#8221;3\/4&#8243; css=&#8221;.vc_custom_1666737708498{background-color: #eadef3 !important;}&#8221;][vc_column_text]<\/p>\n<h1>Servicios a Terceros<\/h1>\n<h4>Charlas y Capacitaciones<\/h4>\n<p>Las actividades de capacitaci\u00f3n realizadas fueron diversas en cuanto a las metodolog\u00edas aplicadas y las tem\u00e1ticas abordadas. Charlas, jornadas, cursos de capacitaci\u00f3n, cursos de posgrado, abiertas o dirigidas a p\u00fablicos espec\u00edficos, presenciales y\/o virtuales, fueron desarrolladas en toda la provincia.<\/p>\n<p>Se abordaron en estos eventos tem\u00e1ticas como: curriculum vitae, entrevista laboral, pruebas psicot\u00e9cnicas, evaluaci\u00f3n de desempe\u00f1o, reg\u00edmenes de evaluaci\u00f3n laboral, motivaci\u00f3n y liderazgo, entre otras.[\/vc_column_text][\/vc_column][\/vc_row][vc_row][vc_column width=&#8221;1\/4&#8243;][\/vc_column][vc_column width=&#8221;3\/4&#8243;]<div class=\"mgt-button-wrapper mgt-button-wrapper-align-center mgt-button-wrapper-display-inline mgt-button-top-margin-false mgt-button-right-margin-false mgt-button-round-edges-disable  \"><a class=\"btn hvr-default mgt-button-icon-true mgt-button mgt-style-solid mgt-size-large mgt-align-center mgt-display-inline mgt-text-size-normal mgt-button-icon-separator- mgt-button-icon-position-left text-font-weight-default mgt-text-transform-none\" href=\"http:\/\/web.sistemasfce.com.ar\/wordpress\/index.php\/oaeh\/\"><i class=\"fas fa-home\"><\/i>Inicio<\/a><\/div>[\/vc_column][\/vc_row]<\/p>\n<\/div><\/div>","protected":false},"excerpt":{"rendered":"<p>[vc_row][vc_column width=&#8221;1\/4&#8243;][\/vc_column][vc_column width=&#8221;1\/4&#8243;][vc_single_image image=&#8221;13280&#8243; img_size=&#8221;full&#8221;][\/vc_column][vc_column width=&#8221;1\/4&#8243;][\/vc_column][vc_column width=&#8221;1\/4&#8243;][vc_single_image image=&#8221;13282&#8243; img_size=&#8221;full&#8221; alignment=&#8221;right&#8221;][\/vc_column][\/vc_row][vc_row][vc_column width=&#8221;1\/4&#8243;][vc_wp_custommenu nav_menu=&#8221;700&#8243;][\/vc_column][vc_column width=&#8221;3\/4&#8243; css=&#8221;.vc_custom_1666737708498{background-color: #eadef3 &hellip; <\/p>\n","protected":false},"author":9,"featured_media":0,"parent":0,"menu_order":0,"comment_status":"closed","ping_status":"closed","template":"","meta":{"pmpro_default_level":"","footnotes":""},"class_list":["post-12616","page","type-page","status-publish","hentry","pmpro-has-access"],"_links":{"self":[{"href":"https:\/\/web.sistemasfce.com.ar\/wordpress\/index.php\/wp-json\/wp\/v2\/pages\/12616","targetHints":{"allow":["GET"]}}],"collection":[{"href":"https:\/\/web.sistemasfce.com.ar\/wordpress\/index.php\/wp-json\/wp\/v2\/pages"}],"about":[{"href":"https:\/\/web.sistemasfce.com.ar\/wordpress\/index.php\/wp-json\/wp\/v2\/types\/page"}],"author":[{"embeddable":true,"href":"https:\/\/web.sistemasfce.com.ar\/wordpress\/index.php\/wp-json\/wp\/v2\/users\/9"}],"replies":[{"embeddable":true,"href":"https:\/\/web.sistemasfce.com.ar\/wordpress\/index.php\/wp-json\/wp\/v2\/comments?post=12616"}],"version-history":[{"count":5,"href":"https:\/\/web.sistemasfce.com.ar\/wordpress\/index.php\/wp-json\/wp\/v2\/pages\/12616\/revisions"}],"predecessor-version":[{"id":13299,"href":"https:\/\/web.sistemasfce.com.ar\/wordpress\/index.php\/wp-json\/wp\/v2\/pages\/12616\/revisions\/13299"}],"wp:attachment":[{"href":"https:\/\/web.sistemasfce.com.ar\/wordpress\/index.php\/wp-json\/wp\/v2\/media?parent=12616"}],"curies":[{"name":"wp","href":"https:\/\/api.w.org\/{rel}","templated":true}]}}