{"id":12613,"date":"2022-06-16T18:59:32","date_gmt":"2022-06-16T18:59:32","guid":{"rendered":"https:\/\/web.sistemasfce.com.ar\/wordpress\/?page_id=12613"},"modified":"2022-12-07T03:22:17","modified_gmt":"2022-12-07T03:22:17","slug":"oaeh-investigaciones","status":"publish","type":"page","link":"https:\/\/web.sistemasfce.com.ar\/wordpress\/index.php\/oaeh-investigaciones\/","title":{"rendered":"Investigaci\u00f3n"},"content":{"rendered":"<div class=\"wpb-content-wrapper\"><div id=\"modal-ready\"><p>[vc_row][vc_column width=&#8221;1\/4&#8243;][\/vc_column][vc_column width=&#8221;1\/4&#8243;][vc_single_image image=&#8221;13280&#8243; img_size=&#8221;full&#8221;][\/vc_column][vc_column width=&#8221;1\/4&#8243;][\/vc_column][vc_column width=&#8221;1\/4&#8243;][vc_single_image image=&#8221;13282&#8243; img_size=&#8221;full&#8221; alignment=&#8221;right&#8221;][\/vc_column][\/vc_row][vc_row][vc_column width=&#8221;1\/4&#8243;][vc_wp_custommenu nav_menu=&#8221;700&#8243;][\/vc_column][vc_column width=&#8221;3\/4&#8243; css=&#8221;.vc_custom_1665687893349{background-color: #eadef3 !important;}&#8221;][vc_column_text]<\/p>\n<h1>Investigaci\u00f3n<\/h1>\n<p>Las actividades de investigaci\u00f3n que desarrolla el Observatorio abordan diferentes tem\u00e1ticas dentro del \u00e1rea disciplinar especifica como, por ejemplo,<\/p>\n<ul>\n<li>Clima Organizacional,<\/li>\n<li>Liderazgo,<\/li>\n<li>Motivaci\u00f3n, etc.<\/li>\n<\/ul>\n<p>Asimismo, se desarrollan en las distintas sedes de la Facultad y a trav\u00e9s de la conformaci\u00f3n de unidades ejecutoras integradas por alumnos, graduados, docentes, profesionales externos, etc.<\/p>\n<p>A continuaci\u00f3n, se presenta un cuadro resumen con informaci\u00f3n b\u00e1sica de cada una de las iniciativas de investigaci\u00f3n desarrolladas a la fecha, presentando sus datos identificatorios, breves videos que describen su objeto, metodolog\u00eda y conclusiones, as\u00ed como los informes de investigaci\u00f3n correspondientes.[\/vc_column_text]<\/p>\n<table class=\"table\">\n<thead>\n<tr>\n<th scope=\"col\"><\/th>\n<th scope=\"col\">T\u00edtulo<\/th>\n<th scope=\"col\">Fecha<\/th>\n<th scope=\"col\">Informe Final<\/th>\n<th scope=\"col\">Estado<\/th>\n<th scope=\"col\">Video<\/th>\n<\/tr>\n<\/thead>\n<tbody>\n<tr>\n<th scope=\"row\"><\/th>\n<td>Factores relevantes en el clima y satisfacci\u00f3n laboral<\/td>\n<td>2006<\/td>\n<td><a href=\"https:\/\/drive.google.com\/file\/d\/1k-VB8s8WGV-49ECB1cWsa9sTlDruYln-\/view?usp=sharing\" target=\"_blank\" rel=\"noopener\">Informe Final <\/a><\/td>\n<td>Finalizado<\/td>\n<td><a href=\"https:\/\/youtu.be\/X0vuav26dHE\" target=\"_blank\" rel=\"noopener\">Video <\/a><\/td>\n<\/tr>\n<tr>\n<th scope=\"row\"><\/th>\n<td>Elaboraci\u00f3n de un indicador p\u00fablico de satisfacci\u00f3n del clima laboral<\/td>\n<td>2012<\/td>\n<td><a href=\"https:\/\/drive.google.com\/file\/d\/1lZ5vivBPJDeJ2pQFxbM3CPurJLqFgwND\/view?usp=sharing\" target=\"_blank\" rel=\"noopener\">Informe Final <\/a><\/td>\n<td>Finalizado<\/td>\n<td><a href=\"#\" target=\"_blank\" rel=\"noopener\">En proceso<\/a><\/td>\n<\/tr>\n<tr>\n<th scope=\"row\"><\/th>\n<td>Encuestas de clima laboral, paradigmas objetivo, subjetivo, sintesis y sociol\u00f3gico, su comparaci\u00f3n experimental<\/td>\n<td>2016<\/td>\n<td><a href=\"https:\/\/drive.google.com\/file\/d\/15joFKTAs9HtZbuaVRr0C8a5Be66GWYfR\/view?usp=sharing\" target=\"_blank\" rel=\"noopener\">Informe Final <\/a><\/td>\n<td>Finalizado<\/td>\n<td><a href=\"#\" target=\"_blank\" rel=\"noopener\">En proceso<\/a><\/td>\n<\/tr>\n<tr>\n<th scope=\"row\"><\/th>\n<td>Identificaci\u00f3n de los factores que inciden tanto en la satisfacci\u00f3n laboral como en el clima laboral<\/td>\n<td>2019<\/td>\n<td><a href=\"https:\/\/drive.google.com\/file\/d\/1F5UzpivYqHRz-mAB0-KbchhR4D3Uf958\/view?usp=sharing\" target=\"_blank\" rel=\"noopener\">Informe Final <\/a><\/td>\n<td>Finalizado<\/td>\n<td><a href=\"https:\/\/youtu.be\/7rZCIYPDRlU\" target=\"_blank\" rel=\"noopener\">Video <\/a><\/td>\n<\/tr>\n<tr>\n<th scope=\"row\"><\/th>\n<td>Identificaci\u00f3n de los principales factores que inciden tanto en la satisfacci\u00f3n como en el clima \u00e1ulico de las asignaturas Administraci\u00f3n de Personal en Sede Trelew y Delegaci\u00f3n Acad\u00e9mica Comodoro Rivadavia, ciclo lectivo 2019<\/td>\n<td>2019<\/td>\n<td><a href=\"https:\/\/drive.google.com\/file\/d\/1R_tfc-VMYbnEaAsMnFYeGv9iQfK4uFVI\/view?usp=sharing\" target=\"_blank\" rel=\"noopener\">Informe Final <\/a><\/td>\n<td>Finalizado<\/td>\n<td><a href=\"https:\/\/youtu.be\/U3d3RoSw1xc\" target=\"_blank\" rel=\"noopener\">Video <\/a><\/td>\n<\/tr>\n<tr>\n<th scope=\"row\"><\/th>\n<td>Identificaci\u00f3n de los principales factores que inciden en el clima \u00e1ulico de la asignatura Administraci\u00f3n y Desarrollo de Recursos Humanos, Servicio a Terceros Universidad del Chubut, ciclo lectivo 2020<\/td>\n<td>2020<\/td>\n<td><a href=\"https:\/\/drive.google.com\/file\/d\/1bWuTTGqxuMIsoo_7DJ6KHWlO73v9b_bu\/view?usp=sharing\" target=\"_blank\" rel=\"noopener\">Informe Final <\/a><\/td>\n<td>Finalizado<\/td>\n<td><a href=\"https:\/\/youtu.be\/6H9QuBhT51s\" target=\"_blank\" rel=\"noopener\">Video <\/a><\/td>\n<\/tr>\n<tr>\n<th scope=\"row\"><\/th>\n<td>Identificaci\u00f3n de los principales factores que inciden tanto en la satisfacci\u00f3n como en el clima \u00e1ulico de las asignaturas Administraci\u00f3n de Personal en Sede Trelew y Delegaci\u00f3n Acad\u00e9mica Comodoro Rivadavia, correspondientes al ciclo lectivo 2021<\/td>\n<td>2021<\/td>\n<td><a href=\"https:\/\/drive.google.com\/file\/d\/1E89cRVAsnTUGAAYkqJaA7vDh6_Lt9JXy\/view?usp=sharing\" target=\"_blank\" rel=\"noopener\">Informe Final <\/a><\/td>\n<td>Finalizado<\/td>\n<td><a href=\"https:\/\/youtu.be\/u9khZujaXMw\" target=\"_blank\" rel=\"noopener\">Video<\/a><\/td>\n<\/tr>\n<tr>\n<th scope=\"row\"><\/th>\n<td>Impacto de la predefinici\u00f3n de factores en el diagn\u00f3stico de la satisfacci\u00f3n y el clima laboral, a trav\u00e9s de la medici\u00f3n de la satisfacci\u00f3n con la cursada y el clima \u00e1ulico de las asignaturas Administraci\u00f3n de Personal de Sede Trelew y Delegaci\u00f3n Acad\u00e9mica Comodoro Rivadavia, correspondientes al ciclo lectivo 2021<\/td>\n<td>2021<\/td>\n<td><a href=\"https:\/\/drive.google.com\/file\/d\/1v-yOkItAjOuZE6ATkcZ2c3MQTFvrfMZ5\/view?usp=sharing\" target=\"_blank\" rel=\"noopener\">Informe Final <\/a><\/td>\n<td>Finalizado<\/td>\n<td><a href=\"#\" target=\"_blank\" rel=\"noopener\">En proceso<\/a><\/td>\n<\/tr>\n<tr>\n<th scope=\"row\"><\/th>\n<td>Identificaci\u00f3n de los factores que inciden en el desempe\u00f1o laboral, desde la perspectiva de los trabajadores<\/td>\n<td>2022<\/td>\n<td><a href=\"https:\/\/drive.google.com\/file\/d\/1l-Ie0YOusVTPjkSa1YYLg17ezRiS7zm8\/view?usp=sharing\" target=\"_blank\" rel=\"noopener\">Informe Final <\/a><\/td>\n<td>En Curso<\/td>\n<td><a href=\"#\" target=\"_blank\" rel=\"noopener\">En proceso<\/a><\/td>\n<\/tr>\n<tr>\n<th scope=\"row\"><\/th>\n<td>Estudio de indagaci\u00f3n sobre los resultados del diagn\u00f3stico del clima laboral, entre metodolog\u00edas con y sin predefinici\u00f3n de los factores calificados por los trabajadores. El caso de la empresa Nuevo Sur. Trimestre setiembre-noviembre 2022.<\/td>\n<td>2022<\/td>\n<td>&#8212;<\/td>\n<td>En Curso<\/td>\n<td>&#8212;<\/td>\n<\/tr>\n<tr>\n<th scope=\"row\"><\/th>\n<td>Identificaci\u00f3n de los principales factores que inciden en la Satisfacci\u00f3n Laboral, Clima Laboral y Cultura Organizacional<\/td>\n<td>2023<\/td>\n<td>&#8212;<\/td>\n<td>En Proyecto<\/td>\n<td>&#8212;<\/td>\n<\/tr>\n<tr>\n<th scope=\"row\"><\/th>\n<td>Asociaci\u00f3n o disociaci\u00f3n fenomenol\u00f3fica entre la satisfacci\u00f3n y el clima laboral<\/td>\n<td>20218<\/td>\n<td>&#8212;<\/td>\n<td>En Curso<\/td>\n<td>&#8212;<\/td>\n<\/tr>\n<\/tbody>\n<\/table>\n<p>[\/vc_column][\/vc_row][vc_row][vc_column width=&#8221;1\/4&#8243;][\/vc_column][vc_column width=&#8221;3\/4&#8243;]<div class=\"mgt-button-wrapper mgt-button-wrapper-align-center mgt-button-wrapper-display-inline mgt-button-top-margin-false mgt-button-right-margin-false mgt-button-round-edges-disable  \"><a class=\"btn hvr-default mgt-button-icon-true mgt-button mgt-style-text mgt-size-normal mgt-align-center mgt-display-inline mgt-text-size-normal mgt-button-icon-separator- mgt-button-icon-position-left text-font-weight-default mgt-text-transform-none\" href=\"http:\/\/web.sistemasfce.com.ar\/wordpress\/index.php\/oaeh\/\"><i class=\"fas fa-home\"><\/i>Inicio<\/a><\/div>[\/vc_column][\/vc_row]<\/p>\n<\/div><\/div>","protected":false},"excerpt":{"rendered":"<p>[vc_row][vc_column width=&#8221;1\/4&#8243;][\/vc_column][vc_column width=&#8221;1\/4&#8243;][vc_single_image image=&#8221;13280&#8243; img_size=&#8221;full&#8221;][\/vc_column][vc_column width=&#8221;1\/4&#8243;][\/vc_column][vc_column width=&#8221;1\/4&#8243;][vc_single_image image=&#8221;13282&#8243; img_size=&#8221;full&#8221; alignment=&#8221;right&#8221;][\/vc_column][\/vc_row][vc_row][vc_column width=&#8221;1\/4&#8243;][vc_wp_custommenu nav_menu=&#8221;700&#8243;][\/vc_column][vc_column width=&#8221;3\/4&#8243; css=&#8221;.vc_custom_1665687893349{background-color: #eadef3 &hellip; <\/p>\n","protected":false},"author":9,"featured_media":0,"parent":0,"menu_order":0,"comment_status":"closed","ping_status":"closed","template":"","meta":{"pmpro_default_level":"","footnotes":""},"class_list":["post-12613","page","type-page","status-publish","hentry","pmpro-has-access"],"_links":{"self":[{"href":"https:\/\/web.sistemasfce.com.ar\/wordpress\/index.php\/wp-json\/wp\/v2\/pages\/12613","targetHints":{"allow":["GET"]}}],"collection":[{"href":"https:\/\/web.sistemasfce.com.ar\/wordpress\/index.php\/wp-json\/wp\/v2\/pages"}],"about":[{"href":"https:\/\/web.sistemasfce.com.ar\/wordpress\/index.php\/wp-json\/wp\/v2\/types\/page"}],"author":[{"embeddable":true,"href":"https:\/\/web.sistemasfce.com.ar\/wordpress\/index.php\/wp-json\/wp\/v2\/users\/9"}],"replies":[{"embeddable":true,"href":"https:\/\/web.sistemasfce.com.ar\/wordpress\/index.php\/wp-json\/wp\/v2\/comments?post=12613"}],"version-history":[{"count":23,"href":"https:\/\/web.sistemasfce.com.ar\/wordpress\/index.php\/wp-json\/wp\/v2\/pages\/12613\/revisions"}],"predecessor-version":[{"id":13312,"href":"https:\/\/web.sistemasfce.com.ar\/wordpress\/index.php\/wp-json\/wp\/v2\/pages\/12613\/revisions\/13312"}],"wp:attachment":[{"href":"https:\/\/web.sistemasfce.com.ar\/wordpress\/index.php\/wp-json\/wp\/v2\/media?parent=12613"}],"curies":[{"name":"wp","href":"https:\/\/api.w.org\/{rel}","templated":true}]}}