{"id":12609,"date":"2022-06-16T18:52:42","date_gmt":"2022-06-16T18:52:42","guid":{"rendered":"https:\/\/web.sistemasfce.com.ar\/wordpress\/?page_id=12609"},"modified":"2023-05-19T15:06:29","modified_gmt":"2023-05-19T15:06:29","slug":"oaeh-quienes-somos","status":"publish","type":"page","link":"https:\/\/web.sistemasfce.com.ar\/wordpress\/index.php\/oaeh-quienes-somos\/","title":{"rendered":"Quienes somos"},"content":{"rendered":"<div class=\"wpb-content-wrapper\"><div id=\"modal-ready\"><p>[vc_row][vc_column width=&#8221;1\/4&#8243;][\/vc_column][vc_column width=&#8221;1\/4&#8243;][vc_single_image image=&#8221;13280&#8243; img_size=&#8221;full&#8221;][\/vc_column][vc_column width=&#8221;1\/4&#8243;][\/vc_column][vc_column width=&#8221;1\/4&#8243;][vc_single_image image=&#8221;13282&#8243; img_size=&#8221;full&#8221; alignment=&#8221;right&#8221;][\/vc_column][\/vc_row][vc_row][vc_column width=&#8221;1\/4&#8243;][vc_wp_custommenu nav_menu=&#8221;700&#8243;][\/vc_column][vc_column width=&#8221;3\/4&#8243; css=&#8221;.vc_custom_1665680449955{background-color: #eadef3 !important;}&#8221;][vc_column_text]<\/p>\n<h1>NOS PRESENTAMOS<\/h1>\n<p>El Observatorio es un \u00e1mbito de investigaci\u00f3n creado por la Facultad de Ciencias Econ\u00f3micas, mediante la Resoluci\u00f3n Nro. 167\/10 CDFCE, el 29 de octubre de 2010, y tiene por objetivo general abordar las tem\u00e1ticas disciplinares a trav\u00e9s de investigaciones, trabajos de campo, servicios, actividades de transferencia, capacitaci\u00f3n, entre otras actividades; en organizaciones p\u00fablicas y privadas y la comunidad en general.<\/p>\n<p><a href=\"https:\/\/drive.google.com\/file\/d\/1A7eb-I9e6oTMlJvgXQ_Ztuah7D0GuztC\/view?usp=sharing\" target=\"_blank\" rel=\"noopener\">Resoluci\u00f3n de creaci\u00f3n del OAEH &#8211; CDFCE 167\/10<\/a><\/p>\n<p><a href=\"https:\/\/drive.google.com\/file\/d\/1hAP32AFytw4uf5fWB5XRElesWLiDTNOr\/view?usp=sharing\" target=\"_blank\" rel=\"noopener\">Resoluci\u00f3n de modificaci\u00f3n de la denominaci\u00f3n OAEH &#8211; CDFCE 124\/19<\/a><\/p>\n<p><a href=\"https:\/\/drive.google.com\/file\/d\/1FqA-QHY6Om-opnbZSHVDBzpeRSxVgrtA\/view?usp=sharing\" target=\"_blank\" rel=\"noopener\">Resoluci\u00f3n de creaci\u00f3n del Ateneo en Administraci\u00f3n del Esfuerzo Humano &#8211; CDFCE 138\/12<\/a><\/p>\n<p><a href=\"https:\/\/drive.google.com\/file\/d\/1l7jFaJln6M67A3NYKt1otj2qHBpiGVnN\/view?usp=sharing\" target=\"_blank\" rel=\"noopener\">Resoluci\u00f3n de modificaci\u00f3n de la denominaci\u00f3n AAEH &#8211; CDFCE 118\/20<\/a><\/p>\n<h3>\u00bfQUIENES INTEGRAN EL OBSERVATORIO?<\/h3>\n<p>El observatorio es un \u00e1mbito p\u00fablico y abierto a la comunidad. Lo integran estudiantes, graduados, docentes e investigadores de la Facultad de Ciencias Econ\u00f3micas de la UNPSJB, como as\u00ed tambi\u00e9n, profesionales e investigadores de otras disciplinas y miembros de la comunidad general interesados en la tem\u00e1tica referida a la administraci\u00f3n del esfuerzo humano.<\/p>\n<p><a href=\"https:\/\/docs.google.com\/spreadsheets\/d\/16ot4UMsnZ1AaR3R2utEfzFW0X5VANqn95MiELFgcGFA\/edit?usp=sharing\" target=\"_blank\" rel=\"noopener\">Miembros del Observatorio<\/a><\/p>\n<h3>\u00bfQU\u00c9 HACEMOS?<\/h3>\n<p>El Observatorio realiza investigaci\u00f3n y extensi\u00f3n universitaria en su \u00e1rea disciplinar espec\u00edfica a trav\u00e9s de actividades como las que se detallan a continuaci\u00f3n:<\/p>\n<ul>\n<li>Dise\u00f1o y ejecuci\u00f3n de proyectos de investigaci\u00f3n.<\/li>\n<li>Servicios de asistencia t\u00e9cnica y asesoramiento a diferentes organizaciones.<\/li>\n<li>Dictado de charlas y capacitaciones a sus miembros y el p\u00fablico en general.<\/li>\n<li>Desarrollo de ciclos de estudio, an\u00e1lisis y reflexi\u00f3n de escritos acad\u00e9micos.<\/li>\n<li>Elaboraci\u00f3n de escritos acad\u00e9micos.<\/li>\n<li>Organizaci\u00f3n de encuentros bianuales de divulgaci\u00f3n y transferencia sobre tem\u00e1ticas espec\u00edficas, abiertos a la comunidad, en distintas localidades de la provincia.<\/li>\n<\/ul>\n<p>Asimismo, ofrece a sus miembros una biblioteca virtual y el espacio f\u00edsico de sus instalaciones propias.[\/vc_column_text][\/vc_column][\/vc_row][vc_row][vc_column width=&#8221;1\/4&#8243;][\/vc_column][vc_column width=&#8221;3\/4&#8243; css=&#8221;.vc_custom_1665596855874{background-color: #eadef3 !important;}&#8221;][vc_images_carousel images=&#8221;13017,13018,13019,13011,13010&#8243; img_size=&#8221;full&#8221; speed=&#8221;3000&#8243; autoplay=&#8221;yes&#8221; hide_pagination_control=&#8221;yes&#8221; hide_prev_next_buttons=&#8221;yes&#8221; wrap=&#8221;yes&#8221;][\/vc_column][\/vc_row][vc_row][vc_column width=&#8221;1\/4&#8243;][\/vc_column][vc_column width=&#8221;3\/4&#8243;]<div class=\"mgt-button-wrapper mgt-button-wrapper-align-center mgt-button-wrapper-display-inline mgt-button-top-margin-false mgt-button-right-margin-false mgt-button-round-edges-disable  \"><a class=\"btn hvr-default mgt-button-icon-true mgt-button mgt-style-text mgt-size-large mgt-align-center mgt-display-inline mgt-text-size-normal mgt-button-icon-separator- mgt-button-icon-position-left text-font-weight-default mgt-text-transform-none\" href=\"http:\/\/web.sistemasfce.com.ar\/wordpress\/index.php\/oaeh\/\"><i class=\"fas fa-home\"><\/i>Inicio<\/a><\/div>[\/vc_column][\/vc_row]<\/p>\n<\/div><\/div>","protected":false},"excerpt":{"rendered":"<p>[vc_row][vc_column width=&#8221;1\/4&#8243;][\/vc_column][vc_column width=&#8221;1\/4&#8243;][vc_single_image image=&#8221;13280&#8243; img_size=&#8221;full&#8221;][\/vc_column][vc_column width=&#8221;1\/4&#8243;][\/vc_column][vc_column width=&#8221;1\/4&#8243;][vc_single_image image=&#8221;13282&#8243; img_size=&#8221;full&#8221; alignment=&#8221;right&#8221;][\/vc_column][\/vc_row][vc_row][vc_column width=&#8221;1\/4&#8243;][vc_wp_custommenu nav_menu=&#8221;700&#8243;][\/vc_column][vc_column width=&#8221;3\/4&#8243; css=&#8221;.vc_custom_1665680449955{background-color: #eadef3 &hellip; <\/p>\n","protected":false},"author":9,"featured_media":0,"parent":0,"menu_order":0,"comment_status":"closed","ping_status":"closed","template":"","meta":{"pmpro_default_level":"","footnotes":""},"class_list":["post-12609","page","type-page","status-publish","hentry","pmpro-has-access"],"_links":{"self":[{"href":"https:\/\/web.sistemasfce.com.ar\/wordpress\/index.php\/wp-json\/wp\/v2\/pages\/12609","targetHints":{"allow":["GET"]}}],"collection":[{"href":"https:\/\/web.sistemasfce.com.ar\/wordpress\/index.php\/wp-json\/wp\/v2\/pages"}],"about":[{"href":"https:\/\/web.sistemasfce.com.ar\/wordpress\/index.php\/wp-json\/wp\/v2\/types\/page"}],"author":[{"embeddable":true,"href":"https:\/\/web.sistemasfce.com.ar\/wordpress\/index.php\/wp-json\/wp\/v2\/users\/9"}],"replies":[{"embeddable":true,"href":"https:\/\/web.sistemasfce.com.ar\/wordpress\/index.php\/wp-json\/wp\/v2\/comments?post=12609"}],"version-history":[{"count":45,"href":"https:\/\/web.sistemasfce.com.ar\/wordpress\/index.php\/wp-json\/wp\/v2\/pages\/12609\/revisions"}],"predecessor-version":[{"id":13911,"href":"https:\/\/web.sistemasfce.com.ar\/wordpress\/index.php\/wp-json\/wp\/v2\/pages\/12609\/revisions\/13911"}],"wp:attachment":[{"href":"https:\/\/web.sistemasfce.com.ar\/wordpress\/index.php\/wp-json\/wp\/v2\/media?parent=12609"}],"curies":[{"name":"wp","href":"https:\/\/api.w.org\/{rel}","templated":true}]}}