{"id":12542,"date":"2022-06-16T20:29:28","date_gmt":"2022-06-16T20:29:28","guid":{"rendered":"https:\/\/web.sistemasfce.com.ar\/wordpress\/?page_id=12542"},"modified":"2023-06-09T21:20:24","modified_gmt":"2023-06-09T21:20:24","slug":"ateneos-universitarios","status":"publish","type":"page","link":"https:\/\/web.sistemasfce.com.ar\/wordpress\/index.php\/ateneos-universitarios\/","title":{"rendered":"Ateneos"},"content":{"rendered":"<div class=\"wpb-content-wrapper\"><div id=\"modal-ready\"><p>[vc_row][vc_column][vc_column_text]<\/p>\n<p style=\"text-align: center;\"><span style=\"color: #800080;\"><strong><span style=\"font-size: 14pt;\">ATENEOS\u00a0 UNIVERSITARIOS DE LA FCE<\/span><\/strong><\/span><\/p>\n<p>&nbsp;<\/p>\n<p><span style=\"color: #000000;\">Los Ateneos, son \u00e1mbitos culturales que fomentan los conocimientos cient\u00edficos, literarios y art\u00edsticos de las personas que pertenecen a ellos.<\/span><\/p>\n<p><span style=\"color: #000000;\">En la Facultad de Ciencias Econ\u00f3micas los ateneos son entidades de debate en una tem\u00e1tica que se considera relevante y dependen de la Secretar\u00eda de Extensi\u00f3n de la FCE. Para su funcionamiento deben contar con el aval del Consejo Directivo de la Facultad de Ciencias Econ\u00f3micas.<\/span>[\/vc_column_text][vc_column_text]<span style=\"font-size: 14pt; color: #000000;\"><strong>NORMATIVA: REGLAMENTO DE ATENEOS UNIVERSITARIOS<\/strong><\/span><\/p>\n<p><span style=\"color: #000000;\">El Reglamento de Ateneos Universitarios de la FCE fue aprobado por Disposici\u00f3n N\u00b0 <span style=\"color: #0000ff;\"><a style=\"color: #0000ff;\" href=\"https:\/\/drive.google.com\/file\/d\/1ZfjvWR8pTbGUHeTIK10aANLNWui5qtXg\/view?usp=sharing\" target=\"_blank\" rel=\"noopener\">006\/12<\/a><\/span> del Consejo Directivo de la FCE el 26 de Julio de 2012.<\/span><br \/>\n<span style=\"color: #000000;\">El Anexo de la Disposici\u00f3n N\u00b0 <a style=\"color: #000000;\" href=\"https:\/\/drive.google.com\/file\/d\/1ZfjvWR8pTbGUHeTIK10aANLNWui5qtXg\/view?usp=sharing\" target=\"_blank\" rel=\"noopener\">006\/12<\/a> CDFCE contiene:<\/span><\/p>\n<ul>\n<li><span style=\"color: #000000;\">OBJETIVOS GENERALES<\/span><\/li>\n<li><span style=\"color: #000000;\">CREACION E INTEGRACION<\/span><\/li>\n<li><span style=\"color: #000000;\">FUNCIONES<\/span><\/li>\n<li><span style=\"color: #000000;\">ORGANIZACI\u00d3N Y COORDINACION<\/span><\/li>\n<li><span style=\"color: #000000;\">EVALUACION ACADEMICA<\/span><\/li>\n<\/ul>\n<p><span style=\"color: #000000;\">Los Ateneos que actualmente se encuentran constituidos en la Facultad de Ciencias Econ\u00f3micas son los siguientes:<\/span>[\/vc_column_text][\/vc_column][\/vc_row][vc_row content_placement=&#8221;middle&#8221;][vc_column width=&#8221;1\/5&#8243;]<div class=\"thim-widget-icon-box template-base\"><div class=\"wrapper-box-icon has_custom_image wrapper-line-heading text-center \" ><div class=\"smicon-box iconbox-top\" style=\"--icon-width: 75px;--icon-height: 75px;\"><div class=\"boxes-icon\"><a class=\"icon-box-link\" target=\"_self\" href=\"https:\/\/web.sistemasfce.com.ar\/wordpress\/index.php\/ateneos-administracion\/\"><span class=\"inner-icon\"><span class=\"icon icon-images\"><img loading=\"lazy\" decoding=\"async\" src=\"https:\/\/web.sistemasfce.com.ar\/wordpress\/wp-content\/uploads\/2022\/06\/B-administracion.png\" alt=\"B-administraci\u00f3n\"  width=\"323\" height=\"323\"><\/span><\/span><\/span><\/a><\/div><div class=\"content-inner\"><div class=\"sc-heading article_heading\"><h3 class = \"heading__primary\" style=\"--title-color: #7202e2;\">Area Administraci\u00f3n<\/h3><span class=\"line-heading\"><\/span><\/div><\/div><\/div><\/div><\/div>[\/vc_column][vc_column width=&#8221;1\/5&#8243;]<div class=\"thim-widget-icon-box template-base\"><div class=\"wrapper-box-icon has_custom_image wrapper-line-heading text-center \" ><div class=\"smicon-box iconbox-top\" style=\"--icon-width: 75px;--icon-height: 75px;\"><div class=\"boxes-icon\"><a class=\"icon-box-link\" target=\"_self\" href=\"https:\/\/web.sistemasfce.com.ar\/wordpress\/index.php\/ateneos-contabilidad\/\"><span class=\"inner-icon\"><span class=\"icon icon-images\"><img loading=\"lazy\" decoding=\"async\" src=\"https:\/\/web.sistemasfce.com.ar\/wordpress\/wp-content\/uploads\/2022\/06\/B-contabilidad.png\" alt=\"B-contabilidad\"  width=\"323\" height=\"323\"><\/span><\/span><\/span><\/a><\/div><div class=\"content-inner\"><div class=\"sc-heading article_heading\"><h3 class = \"heading__primary\" style=\"--title-color: #38499e;\">Area Contabilidad<\/h3><span class=\"line-heading\"><\/span><\/div><\/div><\/div><\/div><\/div>[\/vc_column][vc_column width=&#8221;1\/5&#8243;]<div class=\"thim-widget-icon-box template-base\"><div class=\"wrapper-box-icon has_custom_image wrapper-line-heading text-center \" ><div class=\"smicon-box iconbox-top\" style=\"--icon-width: 75px;--icon-height: 75px;\"><div class=\"boxes-icon\"><a class=\"icon-box-link\" target=\"_parent\" href=\"https:\/\/web.sistemasfce.com.ar\/wordpress\/index.php\/ateneos-juridicas\/\"><span class=\"inner-icon\"><span class=\"icon icon-images\"><img loading=\"lazy\" decoding=\"async\" src=\"https:\/\/web.sistemasfce.com.ar\/wordpress\/wp-content\/uploads\/2022\/06\/B-juridicas.png\" alt=\"B-juridicas\"  width=\"323\" height=\"324\"><\/span><\/span><\/span><\/a><\/div><div class=\"content-inner\"><div class=\"sc-heading article_heading\"><h3 class = \"heading__primary\" style=\"--title-color: #666666;\">Area Jur\u00eddica<\/h3><span class=\"line-heading\"><\/span><\/div><\/div><\/div><\/div><\/div>[\/vc_column][vc_column width=&#8221;1\/5&#8243;]<div class=\"thim-widget-icon-box template-base\"><div class=\"wrapper-box-icon has_custom_image wrapper-line-heading text-center \" ><div class=\"smicon-box iconbox-top\" style=\"--icon-width: 75px;--icon-height: 75px;\"><div class=\"boxes-icon\"><a class=\"icon-box-link\" target=\"_self\" href=\"https:\/\/web.sistemasfce.com.ar\/wordpress\/index.php\/ateneo-en-progresos-en-economia\/\"><span class=\"inner-icon\"><span class=\"icon icon-images\"><img loading=\"lazy\" decoding=\"async\" src=\"https:\/\/web.sistemasfce.com.ar\/wordpress\/wp-content\/uploads\/2022\/06\/B-estadistica.png\" alt=\"B-estadistica\"  width=\"323\" height=\"323\"><\/span><\/span><\/span><\/a><\/div><div class=\"content-inner\"><div class=\"sc-heading article_heading\"><h3 class = \"heading__primary\" style=\"--title-color: #fc8829;\">Area Econom\u00eda<\/h3><span class=\"line-heading\"><\/span><\/div><\/div><\/div><\/div><\/div>[\/vc_column][vc_column width=&#8221;1\/5&#8243;]<div class=\"thim-widget-icon-box template-base\"><div class=\"wrapper-box-icon has_custom_image wrapper-line-heading text-center \" ><div class=\"smicon-box iconbox-top\" style=\"--icon-width: 75px;--icon-height: 75px;\"><div class=\"boxes-icon\"><a class=\"icon-box-link\" target=\"_self\" href=\"https:\/\/web.sistemasfce.com.ar\/wordpress\/index.php\/ateneo-en-investigacion\/\"><span class=\"inner-icon\"><span class=\"icon icon-images\"><img loading=\"lazy\" decoding=\"async\" src=\"https:\/\/web.sistemasfce.com.ar\/wordpress\/wp-content\/uploads\/2022\/06\/B-investigacion.png\" alt=\"B-investigacion\"  width=\"324\" height=\"323\"><\/span><\/span><\/span><\/a><\/div><div class=\"content-inner\"><div class=\"sc-heading article_heading\"><h3 class = \"heading__primary\" style=\"--title-color: #aecc2e;\">Dimensi\u00f3n Investigaci\u00f3n<\/h3><span class=\"line-heading\"><\/span><\/div><\/div><\/div><\/div><\/div>[\/vc_column][\/vc_row]<\/p>\n<\/div><\/div>","protected":false},"excerpt":{"rendered":"<p>[vc_row][vc_column][vc_column_text] ATENEOS\u00a0 UNIVERSITARIOS DE LA FCE &nbsp; Los Ateneos, son \u00e1mbitos culturales que fomentan los &hellip; <\/p>\n","protected":false},"author":6,"featured_media":0,"parent":0,"menu_order":0,"comment_status":"closed","ping_status":"closed","template":"","meta":{"pmpro_default_level":"","footnotes":""},"class_list":["post-12542","page","type-page","status-publish","hentry","pmpro-has-access"],"_links":{"self":[{"href":"https:\/\/web.sistemasfce.com.ar\/wordpress\/index.php\/wp-json\/wp\/v2\/pages\/12542","targetHints":{"allow":["GET"]}}],"collection":[{"href":"https:\/\/web.sistemasfce.com.ar\/wordpress\/index.php\/wp-json\/wp\/v2\/pages"}],"about":[{"href":"https:\/\/web.sistemasfce.com.ar\/wordpress\/index.php\/wp-json\/wp\/v2\/types\/page"}],"author":[{"embeddable":true,"href":"https:\/\/web.sistemasfce.com.ar\/wordpress\/index.php\/wp-json\/wp\/v2\/users\/6"}],"replies":[{"embeddable":true,"href":"https:\/\/web.sistemasfce.com.ar\/wordpress\/index.php\/wp-json\/wp\/v2\/comments?post=12542"}],"version-history":[{"count":81,"href":"https:\/\/web.sistemasfce.com.ar\/wordpress\/index.php\/wp-json\/wp\/v2\/pages\/12542\/revisions"}],"predecessor-version":[{"id":13992,"href":"https:\/\/web.sistemasfce.com.ar\/wordpress\/index.php\/wp-json\/wp\/v2\/pages\/12542\/revisions\/13992"}],"wp:attachment":[{"href":"https:\/\/web.sistemasfce.com.ar\/wordpress\/index.php\/wp-json\/wp\/v2\/media?parent=12542"}],"curies":[{"name":"wp","href":"https:\/\/api.w.org\/{rel}","templated":true}]}}