{"id":12509,"date":"2022-06-06T18:45:34","date_gmt":"2022-06-06T18:45:34","guid":{"rendered":"https:\/\/web.sistemasfce.com.ar\/wordpress\/?page_id=12509"},"modified":"2025-08-07T15:22:19","modified_gmt":"2025-08-07T18:22:19","slug":"oaeh","status":"publish","type":"page","link":"https:\/\/web.sistemasfce.com.ar\/wordpress\/index.php\/oaeh\/","title":{"rendered":"Inicio"},"content":{"rendered":"<div class=\"wpb-content-wrapper\"><div id=\"modal-ready\"><p>[vc_row][vc_column width=&#8221;1\/6&#8243;][vc_single_image image=&#8221;15363&#8243; img_size=&#8221;full&#8221; css=&#8221;&#8221;][\/vc_column][vc_column width=&#8221;1\/6&#8243;][\/vc_column][vc_column width=&#8221;1\/6&#8243;][\/vc_column][vc_column width=&#8221;1\/6&#8243;][\/vc_column][vc_column width=&#8221;1\/6&#8243;][vc_single_image image=&#8221;13282&#8243; img_size=&#8221;full&#8221; alignment=&#8221;right&#8221;][\/vc_column][vc_column width=&#8221;1\/6&#8243;][\/vc_column][\/vc_row][vc_row][vc_column width=&#8221;5\/6&#8243;][vc_column_text]<\/p>\n<h1 style=\"text-align: left;\">\u00a1Bienvenidos!<\/h1>\n<h3 style=\"text-align: left;\">Esta es la p\u00e1gina del Observatorio de Administraci\u00f3n del Esfuerzo Humano y del Ateneo en Administraci\u00f3n del Esfuerzo Humano.<\/h3>\n<h4 style=\"text-align: left;\">Los invitamos a recorrela&#8230;<\/h4>\n<p>[\/vc_column_text][vc_column_text]<iframe loading=\"lazy\" title=\"Actividades OAEH y Ateneo\" src=\"https:\/\/www.youtube.com\/embed\/b6Qv9YbHXg8?autoplay=1&amp;mute=1&amp;controls=1\" width=\"100%\" height=\"480px\" frameborder=\"0\" allowfullscreen=\"allowfullscreen\"><\/iframe>[\/vc_column_text][\/vc_column][vc_column width=&#8221;1\/6&#8243;][vc_row_inner][vc_column_inner]<div class=\"thim-widget-icon-box template-base\"><div class=\"wrapper-box-icon has_custom_image text-center \" ><div class=\"smicon-box iconbox-top\"><div class=\"boxes-icon\"><a class=\"icon-box-link\" target=\"_self\" href=\"https:\/\/web.sistemasfce.com.ar\/wordpress\/index.php\/oaeh-quienes-somos\/\"><span class=\"inner-icon\"><span class=\"icon icon-images\"><img loading=\"lazy\" decoding=\"async\" src=\"https:\/\/web.sistemasfce.com.ar\/wordpress\/wp-content\/uploads\/2022\/10\/quienes-somos.png\" alt=\"quienes somos\"  width=\"200\" height=\"200\"><\/span><\/span><\/span><\/a><\/div><div class=\"content-inner\"><div class=\"sc-heading article_heading\"><h3 class = \"heading__primary\" ><a class=\"icon-box-link\" target=\"_self\" href=\"https:\/\/web.sistemasfce.com.ar\/wordpress\/index.php\/oaeh-quienes-somos\/\">Quienes somos<\/a><\/h3><\/div><\/div><\/div><\/div><\/div><div class=\"thim-widget-icon-box template-base\"><div class=\"wrapper-box-icon has_custom_image text-center \" ><div class=\"smicon-box iconbox-top\"><div class=\"boxes-icon\"><a class=\"icon-box-link\" target=\"_self\" href=\"https:\/\/web.sistemasfce.com.ar\/wordpress\/index.php\/oaeh-investigaciones\/\"><span class=\"inner-icon\"><span class=\"icon icon-images\"><img loading=\"lazy\" decoding=\"async\" src=\"https:\/\/web.sistemasfce.com.ar\/wordpress\/wp-content\/uploads\/2022\/10\/investigaciones.png\" alt=\"investigaciones\"  width=\"200\" height=\"200\"><\/span><\/span><\/span><\/a><\/div><div class=\"content-inner\"><div class=\"sc-heading article_heading\"><h3 class = \"heading__primary\" ><a class=\"icon-box-link\" target=\"_self\" href=\"https:\/\/web.sistemasfce.com.ar\/wordpress\/index.php\/oaeh-investigaciones\/\">Investigaciones<\/a><\/h3><\/div><\/div><\/div><\/div><\/div><div class=\"thim-widget-icon-box template-base\"><div class=\"wrapper-box-icon has_custom_image text-center \" ><div class=\"smicon-box iconbox-top\"><div class=\"boxes-icon\"><a class=\"icon-box-link\" target=\"_self\" href=\"https:\/\/web.sistemasfce.com.ar\/wordpress\/index.php\/oaeh-encuentros\/\"><span class=\"inner-icon\"><span class=\"icon icon-images\"><img loading=\"lazy\" decoding=\"async\" src=\"https:\/\/web.sistemasfce.com.ar\/wordpress\/wp-content\/uploads\/2022\/10\/encuentros.png\" alt=\"encuentros\"  width=\"200\" height=\"200\"><\/span><\/span><\/span><\/a><\/div><div class=\"content-inner\"><div class=\"sc-heading article_heading\"><h3 class = \"heading__primary\" ><a class=\"icon-box-link\" target=\"_self\" href=\"https:\/\/web.sistemasfce.com.ar\/wordpress\/index.php\/oaeh-encuentros\/\">Encuentros<\/a><\/h3><\/div><\/div><\/div><\/div><\/div><div class=\"thim-widget-icon-box template-base\"><div class=\"wrapper-box-icon has_custom_image text-center \" ><div class=\"smicon-box iconbox-top\"><div class=\"boxes-icon\"><a class=\"icon-box-link\" target=\"_self\" href=\"https:\/\/web.sistemasfce.com.ar\/wordpress\/index.php\/oaeh-servicios-a-terceros\/\"><span class=\"inner-icon\"><span class=\"icon icon-images\"><img loading=\"lazy\" decoding=\"async\" src=\"https:\/\/web.sistemasfce.com.ar\/wordpress\/wp-content\/uploads\/2022\/10\/servicios-a-terceros.png\" alt=\"servicios a terceros\"  width=\"200\" height=\"200\"><\/span><\/span><\/span><\/a><\/div><div class=\"content-inner\"><div class=\"sc-heading article_heading\"><h3 class = \"heading__primary\" ><a class=\"icon-box-link\" target=\"_self\" href=\"https:\/\/web.sistemasfce.com.ar\/wordpress\/index.php\/oaeh-servicios-a-terceros\/\">Servicios a Terceros<\/a><\/h3><\/div><\/div><\/div><\/div><\/div><div class=\"thim-widget-icon-box template-base\"><div class=\"wrapper-box-icon has_custom_image text-center \" ><div class=\"smicon-box iconbox-top\"><div class=\"boxes-icon\"><a class=\"icon-box-link\" target=\"_self\" href=\"https:\/\/web.sistemasfce.com.ar\/wordpress\/index.php\/oaeh-contacto\/\"><span class=\"inner-icon\"><span class=\"icon icon-images\"><img loading=\"lazy\" decoding=\"async\" src=\"https:\/\/web.sistemasfce.com.ar\/wordpress\/wp-content\/uploads\/2022\/10\/contactanos.png\" alt=\"contactanos\"  width=\"200\" height=\"200\"><\/span><\/span><\/span><\/a><\/div><div class=\"content-inner\"><div class=\"sc-heading article_heading\"><h3 class = \"heading__primary\" ><a class=\"icon-box-link\" target=\"_self\" href=\"https:\/\/web.sistemasfce.com.ar\/wordpress\/index.php\/oaeh-contacto\/\">Contactos<\/a><\/h3><\/div><\/div><\/div><\/div><\/div>[vc_column_text]<\/p>\n<p>&nbsp;<\/p>\n<p>&nbsp;<\/p>\n<p>&nbsp;<\/p>\n<p>&nbsp;<\/p>\n<p>&nbsp;<\/p>\n<p>&nbsp;<\/p>\n<p>&nbsp;<\/p>\n<p>[\/vc_column_text][\/vc_column_inner][\/vc_row_inner][\/vc_column][\/vc_row]<\/p>\n<\/div><\/div>","protected":false},"excerpt":{"rendered":"<p>[vc_row][vc_column width=&#8221;1\/6&#8243;][vc_single_image image=&#8221;15363&#8243; img_size=&#8221;full&#8221; css=&#8221;&#8221;][\/vc_column][vc_column width=&#8221;1\/6&#8243;][\/vc_column][vc_column width=&#8221;1\/6&#8243;][\/vc_column][vc_column width=&#8221;1\/6&#8243;][\/vc_column][vc_column width=&#8221;1\/6&#8243;][vc_single_image image=&#8221;13282&#8243; img_size=&#8221;full&#8221; alignment=&#8221;right&#8221;][\/vc_column][vc_column width=&#8221;1\/6&#8243;][\/vc_column][\/vc_row][vc_row][vc_column width=&#8221;5\/6&#8243;][vc_column_text] \u00a1Bienvenidos! &hellip; <\/p>\n","protected":false},"author":9,"featured_media":0,"parent":0,"menu_order":0,"comment_status":"closed","ping_status":"closed","template":"","meta":{"pmpro_default_level":"","footnotes":""},"class_list":["post-12509","page","type-page","status-publish","hentry","pmpro-has-access"],"_links":{"self":[{"href":"https:\/\/web.sistemasfce.com.ar\/wordpress\/index.php\/wp-json\/wp\/v2\/pages\/12509","targetHints":{"allow":["GET"]}}],"collection":[{"href":"https:\/\/web.sistemasfce.com.ar\/wordpress\/index.php\/wp-json\/wp\/v2\/pages"}],"about":[{"href":"https:\/\/web.sistemasfce.com.ar\/wordpress\/index.php\/wp-json\/wp\/v2\/types\/page"}],"author":[{"embeddable":true,"href":"https:\/\/web.sistemasfce.com.ar\/wordpress\/index.php\/wp-json\/wp\/v2\/users\/9"}],"replies":[{"embeddable":true,"href":"https:\/\/web.sistemasfce.com.ar\/wordpress\/index.php\/wp-json\/wp\/v2\/comments?post=12509"}],"version-history":[{"count":27,"href":"https:\/\/web.sistemasfce.com.ar\/wordpress\/index.php\/wp-json\/wp\/v2\/pages\/12509\/revisions"}],"predecessor-version":[{"id":15365,"href":"https:\/\/web.sistemasfce.com.ar\/wordpress\/index.php\/wp-json\/wp\/v2\/pages\/12509\/revisions\/15365"}],"wp:attachment":[{"href":"https:\/\/web.sistemasfce.com.ar\/wordpress\/index.php\/wp-json\/wp\/v2\/media?parent=12509"}],"curies":[{"name":"wp","href":"https:\/\/api.w.org\/{rel}","templated":true}]}}