{"id":12413,"date":"2022-05-18T00:11:56","date_gmt":"2022-05-18T00:11:56","guid":{"rendered":"https:\/\/web.sistemasfce.com.ar\/wordpress\/?page_id=12413"},"modified":"2024-11-21T14:28:58","modified_gmt":"2024-11-21T17:28:58","slug":"red-de-observatorios-fce","status":"publish","type":"page","link":"https:\/\/web.sistemasfce.com.ar\/wordpress\/index.php\/red-de-observatorios-fce\/","title":{"rendered":"Red de observatorios FCE"},"content":{"rendered":"<div class=\"wpb-content-wrapper\"><div id=\"modal-ready\"><p>[vc_row][vc_column][vc_column_text]<\/p>\n<p style=\"text-align: justify;\"><span style=\"color: #000000;\">Los observatorios son entidades de Estudio Especializadas en una disciplina o un \u00e1rea de la realidad.<\/span><\/p>\n<p style=\"text-align: justify;\"><span style=\"color: #000000;\">La Facultad de Ciencias Econ\u00f3micas cuenta con Observatorios, unidades de investigaci\u00f3n y\/o estudio, en temas considerados de importancia acad\u00e9mica y para la regi\u00f3n. Estos observatorios no solo se dedican a la formaci\u00f3n y actualizaci\u00f3n acad\u00e9mica; a la aproximaci\u00f3n y b\u00fasqueda de inquietudes de investigaci\u00f3n, a su transferencia y difusi\u00f3n; a la vinculaci\u00f3n con grupos de estudios e investigaci\u00f3n; sino tambi\u00e9n se ocupan de promover la vinculaci\u00f3n entre la Universidad P\u00fablica y la sociedad en su \u00e1mbito de influencia, de propiciar una articulaci\u00f3n permanente con organizaciones del medio, de promover instancias de cooperaci\u00f3n, capacitaci\u00f3n, y asesoramiento profesional.<\/span><\/p>\n<p>&nbsp;<\/p>\n<p style=\"text-align: center;\"><span style=\"color: #3366ff; font-size: 14pt;\"><strong>NUESTROS\u00a0 \u00a0OBSERVATORIOS<\/strong><\/span><\/p>\n<p>[\/vc_column_text][\/vc_column][\/vc_row][vc_row][vc_column width=&#8221;1\/6&#8243;][vc_icon icon_fontawesome=&#8221;fas fa-chart-line&#8221; color=&#8221;green&#8221; background_style=&#8221;rounded-outline&#8221; size=&#8221;lg&#8221; align=&#8221;right&#8221;][\/vc_column][vc_column width=&#8221;2\/6&#8243;][vc_empty_space][vc_column_text]<\/p>\n<p style=\"text-align: center;\"><a href=\"https:\/\/web.sistemasfce.com.ar\/wordpress\/index.php\/observatorio-oepat\/\" target=\"_blank\" rel=\"noopener\"><span style=\"font-size: 14pt;\"><strong>(OEPAT) Observatorio de Empresas de la Patagonia<\/strong><\/span><\/a><\/p>\n<p>[\/vc_column_text][\/vc_column][vc_column width=&#8221;3\/6&#8243;][vc_column_text]<\/p>\n<p style=\"text-align: justify;\">Creado por Resoluci\u00f3n 044\/21 CDFCE &#8211;\u00a0Director: <strong>Lic. Facundo Ball<\/strong><\/p>\n<p style=\"text-align: justify;\">mail: <a href=\"mailto:observatorio.empresas.fce@gmail.com\">observatorio.empresas.fce@gmail.com<\/a><\/p>\n<p style=\"text-align: justify;\"><span style=\"text-decoration: underline;\"><em>Su finalidad prioritaria<\/em><\/span><em>:\u00a0<\/em>Consiste b\u00e1sicamente en generar sistemas articulados de informaci\u00f3n que permitan formalizar bases de datos adecuadas para facilitar el an\u00e1lisis de la evoluci\u00f3n de la actividad tur\u00edstica y evaluar su importancia socioecon\u00f3mica, en las principales localidades de la regi\u00f3n.<\/p>\n<p>[\/vc_column_text][vc_separator style=&#8221;shadow&#8221; el_width=&#8221;50&#8243;][\/vc_column][\/vc_row][vc_row][vc_column width=&#8221;1\/6&#8243;][vc_icon icon_fontawesome=&#8221;far fa-chart-bar&#8221; background_style=&#8221;rounded-outline&#8221; size=&#8221;lg&#8221; align=&#8221;right&#8221;][\/vc_column][vc_column width=&#8221;2\/6&#8243;][vc_empty_space][vc_column_text]<a href=\"https:\/\/web.sistemasfce.com.ar\/wordpress\/index.php\/observatorio-oefce\/\" target=\"_blank\" rel=\"noopener\"><span style=\"font-size: 14pt;\"><strong>(OEFCE) Observatorio de Estad\u00edstica<\/strong><\/span><\/a>[\/vc_column_text][\/vc_column][vc_column width=&#8221;3\/6&#8243;][vc_column_text]Creado por Resoluci\u00f3n N\u00ba 082\/18 CDFCE\u00a0 \u00a0 \u00a0Directora: <strong>Ing. Nilda Esther Belcastro<\/strong><\/p>\n<p>Mail: <a href=\"obestadisticafce@gmail.com\">obestadisticafce@gmail.com<\/a><\/p>\n<p style=\"text-align: justify;\"><span style=\"text-decoration: underline;\"><em>Su finalidad prioritaria<\/em><\/span>: La formaci\u00f3n y actualizaci\u00f3n acad\u00e9mica en la disciplina Estad\u00edstica, tanto mediante la b\u00fasqueda, an\u00e1lisis y sistematizaci\u00f3n bibliogr\u00e1fica, como as\u00ed tambi\u00e9n, a trav\u00e9s de la observaci\u00f3n emp\u00edrica y su asociaci\u00f3n te\u00f3rica. Adem\u00e1s de la aproximaci\u00f3n y b\u00fasqueda de inquietudes de investigaci\u00f3n de la disciplina del presente Observatorio, su transferencia y difusi\u00f3n, en los distintos claustros de la Facultad de Ciencias Econ\u00f3micas. Cuenta con funciones de estudio, de capacitaci\u00f3n, de extensi\u00f3n, de promoci\u00f3n y difusi\u00f3n, y de administraci\u00f3n.<\/p>\n<p>[\/vc_column_text][vc_separator style=&#8221;shadow&#8221; el_width=&#8221;50&#8243;][\/vc_column][\/vc_row][vc_row][vc_column width=&#8221;1\/6&#8243;][vc_icon icon_fontawesome=&#8221;fas fa-tv&#8221; color=&#8221;mulled_wine&#8221; background_style=&#8221;rounded-outline&#8221; size=&#8221;lg&#8221; align=&#8221;right&#8221;][\/vc_column][vc_column width=&#8221;2\/6&#8243;][vc_empty_space][vc_column_text]<a href=\"https:\/\/web.sistemasfce.com.ar\/wordpress\/index.php\/observatorio-otipa\/\" target=\"_blank\" rel=\"noopener\"><span style=\"font-size: 14pt;\"><strong>(OTIPA) Observatorio de la Informaci\u00f3n Patagonia<\/strong><\/span><\/a>[\/vc_column_text][\/vc_column][vc_column width=&#8221;3\/6&#8243;][vc_column_text]Creado por Resoluci\u00f3n N\u00ba 045\/21 CDFCE\u00a0 \u00a0 \u00a0 \u00a0Director: <strong>Lic. Ra\u00fal Alberto Rivera<\/strong><\/p>\n<p>Mail: <a href=\"mailto:otipa.ar@gmail.com\">otipa.ar@gmail.com<\/a><\/p>\n<p style=\"text-align: justify;\"><span style=\"text-decoration: underline;\"><em>Su finalidad prioritaria<\/em><\/span>: Observaci\u00f3n emp\u00edrica de la realidad de las aplicaciones tecnol\u00f3gicas y sus utilizaciones en diferentes \u00e1mbitos y tem\u00e1ticas vinculadas, operando a trav\u00e9s de la recolecci\u00f3n de datos primarios Y\/o secundarios, an\u00e1lisis y sistematizaci\u00f3n de datos e informaci\u00f3n, etc.<\/p>\n<p>[\/vc_column_text][vc_separator style=&#8221;shadow&#8221; el_width=&#8221;50&#8243;][\/vc_column][\/vc_row][vc_row][vc_column width=&#8221;1\/6&#8243;][vc_icon icon_fontawesome=&#8221;fab fa-tumblr&#8221; color=&#8221;custom&#8221; background_style=&#8221;rounded-outline&#8221; size=&#8221;lg&#8221; align=&#8221;right&#8221; custom_color=&#8221;#3ac902&#8243;][\/vc_column][vc_column width=&#8221;2\/6&#8243;][vc_empty_space][vc_column_text]<a href=\"https:\/\/web.sistemasfce.com.ar\/wordpress\/index.php\/investigadores\/observatoriooeyat\/\" target=\"_blank\" rel=\"noopener\"><span style=\"font-size: 14pt;\"><strong>(OEYAT) Observatorio de Econom\u00eda y Administraci\u00f3n del Turismo<\/strong><\/span><\/a>[\/vc_column_text][\/vc_column][vc_column width=&#8221;3\/6&#8243;][vc_column_text]Creado por Resoluci\u00f3n N\u00ba 063\/11 CDFCE\u00a0 \u00a0Directora: <strong>Mg Piedad Losano<\/strong><\/p>\n<p>Nombre de fantas\u00eda:\u00a0\u00a0<strong>Obsecatur\u00a0 \u00a0 \u00a0 <\/strong>mail: <a href=\"mailto:obsecatur@gmail.com\">obsecatur@gmail.com<\/a><\/p>\n<p style=\"text-align: justify;\"><span style=\"text-decoration: underline;\"><em>Su finalidad prioritaria<\/em><\/span>: Consiste b\u00e1sicamente en generar sistemas articulados de informaci\u00f3n que permitan formalizar bases de datos adecuadas para facilitar el an\u00e1lisis de la evoluci\u00f3n de la actividad tur\u00edstica y evaluar su importancia socioecon\u00f3mica, en las principales localidades de la regi\u00f3n.<\/p>\n<p>[\/vc_column_text][vc_separator style=&#8221;shadow&#8221; el_width=&#8221;50&#8243;][\/vc_column][\/vc_row][vc_row][vc_column width=&#8221;1\/6&#8243;][vc_icon icon_fontawesome=&#8221;fas fa-search-location&#8221; color=&#8221;pink&#8221; background_style=&#8221;rounded-outline&#8221; size=&#8221;lg&#8221; align=&#8221;right&#8221;][\/vc_column][vc_column width=&#8221;2\/6&#8243;][vc_empty_space][vc_column_text]<a href=\"https:\/\/web.sistemasfce.com.ar\/wordpress\/index.php\/observatorio-mapas\/\" target=\"_blank\" rel=\"noopener\"><span style=\"font-size: 14pt;\"><strong>(MAPAS) Observatorio de Marketing Aplicado para la Patagonia Sur<\/strong><\/span><\/a>[\/vc_column_text][\/vc_column][vc_column width=&#8221;3\/6&#8243;][vc_column_text]Creado por Resoluci\u00f3n N\u00ba 166\/10 CDFCE\u00a0 \u00a0Director: <strong>Lic. Daniel Corroppoli<\/strong><\/p>\n<p>Mail: <a href=\"mailto:danielcorroppoli@gmail.com\">danielcorroppoli@gmail.com<\/a><\/p>\n<p style=\"text-align: justify;\"><span style=\"text-decoration: underline;\"><em>Su finalidad prioritaria<\/em><\/span>:\u00a0Relevar y sistematizar informaci\u00f3n que permita reducir incertidumbre para tomar decisiones de marketing a organizaciones, privadas, publicas, locales, provinciales, regionales y nacionales.<\/p>\n<p>[\/vc_column_text][vc_separator style=&#8221;shadow&#8221; el_width=&#8221;50&#8243;][\/vc_column][\/vc_row][vc_row][vc_column width=&#8221;1\/6&#8243;][vc_icon icon_fontawesome=&#8221;fas fa-universal-access&#8221; color=&#8221;turquoise&#8221; background_style=&#8221;rounded-outline&#8221; size=&#8221;lg&#8221; align=&#8221;right&#8221;][\/vc_column][vc_column width=&#8221;2\/6&#8243;][vc_empty_space][vc_column_text]<a href=\"https:\/\/web.sistemasfce.com.ar\/wordpress\/index.php\/oaeh\/\" target=\"_blank\" rel=\"noopener\"><span style=\"font-size: 14pt;\"><strong>(OAEH) Observatorio de Administraci\u00f3n del Esfuerzo Humano<\/strong><\/span><\/a>[\/vc_column_text][\/vc_column][vc_column width=&#8221;3\/6&#8243;][vc_column_text]Creado por Resoluci\u00f3n N\u00ba 124\/10 CDFCE\u00a0 y su modificatoria Resoluci\u00f3n N\u00ba167\/19 CDFCE\u00a0\u00a0\u00a0\u00a0\u00a0\u00a0 Director: <strong>Lic. Daniel Enrique Urie<\/strong><\/p>\n<p>Mail: <a href=\"mailto:OAEH.UNPSJB@gmail.com\">OAEH.UNPSJB@gmail.com<\/a><\/p>\n<p style=\"text-align: justify;\"><span style=\"text-decoration: underline;\"><em>Su finalidad prioritaria<\/em><\/span>: Es la observaci\u00f3n emp\u00edrica de la realidad laboral de la regi\u00f3n patag\u00f3nica, en las distintas tem\u00e1ticas vinculadas con la Administraci\u00f3n de Recursos Humanos (ARH), a trav\u00e9s de la recolecci\u00f3n de datos primarios y\/o secundarios, an\u00e1lisis y sistematizaci\u00f3n de datos, series estad\u00edsticas y datos cualitativos, proyectos de investigaci\u00f3n. trabajo de campo, etc.<\/p>\n<p>[\/vc_column_text][vc_separator style=&#8221;shadow&#8221; el_width=&#8221;50&#8243;][\/vc_column][\/vc_row][vc_row][vc_column width=&#8221;1\/6&#8243;][vc_icon icon_fontawesome=&#8221;fas fa-route&#8221; color=&#8221;chino&#8221; background_style=&#8221;rounded-outline&#8221; size=&#8221;lg&#8221; align=&#8221;right&#8221;][\/vc_column][vc_column width=&#8221;2\/6&#8243;][vc_empty_space][vc_column_text]<\/p>\n<p style=\"text-align: center;\"><a href=\"https:\/\/web.sistemasfce.com.ar\/wordpress\/index.php\/observatorio-territorio\/\" target=\"_blank\" rel=\"noopener\"><span style=\"font-size: 14pt;\"><strong>(TERRITORIO) Observatorio del Territorio y del Desarrollo Regional<\/strong><\/span><\/a><\/p>\n<p>[\/vc_column_text][\/vc_column][vc_column width=&#8221;3\/6&#8243;][vc_column_text]Creado por Resoluci\u00f3n N\u00ba 066\/13 CDFCE\u00a0 \u00a0 Director: <strong>Lic. Carlos Baroli<\/strong><\/p>\n<p style=\"text-align: justify;\">Mail: <a href=\"mailto:observatorio.esquel@gmail.com\" target=\"_blank\" rel=\"noopener\">observatorio.esquel@gmail.com<\/a><\/p>\n<p style=\"text-align: justify;\"><span style=\"text-decoration: underline;\"><em>Su finalidad prioritaria<\/em><\/span>: Consiste b\u00e1sicamente en generar sistemas articulados de informaci\u00f3n que permitan formalizar bases de datos adecuadas para facilitar el an\u00e1lisis de la evoluci\u00f3n de la actividad tur\u00edstica y evaluar su importancia socioecon\u00f3mica, en las principales localidades de la regi\u00f3n.<\/p>\n<p>[\/vc_column_text][vc_separator style=&#8221;shadow&#8221; el_width=&#8221;50&#8243;][\/vc_column][\/vc_row][vc_row][vc_column width=&#8221;1\/6&#8243;][vc_icon icon_fontawesome=&#8221;fas fa-map-marked-alt&#8221; color=&#8221;juicy_pink&#8221; background_style=&#8221;rounded-outline&#8221; size=&#8221;lg&#8221; align=&#8221;right&#8221;][\/vc_column][vc_column width=&#8221;2\/6&#8243;][vc_empty_space][vc_column_text]<a href=\"https:\/\/web.sistemasfce.com.ar\/wordpress\/index.php\/observatorio-economia\/\" target=\"_blank\" rel=\"noopener\"><span style=\"font-size: 14pt;\"><strong>(ECONOMIA) Observatorio en Econom\u00eda de los Recursos Naturales de la Patagonia Sur<\/strong><\/span><\/a>[\/vc_column_text][\/vc_column][vc_column width=&#8221;3\/6&#8243;][vc_column_text]Creado por Resoluci\u00f3n N\u00ba 089\/11 CDFCE\u00a0 \u00a0 Director: <strong>Cr. Cesar V. Herrera<\/strong><\/p>\n<p style=\"text-align: justify;\">mail: <a href=\"mailto:cevhe@hotmail.com\">cevhe@hotmail.com<\/a><\/p>\n<p style=\"text-align: justify;\"><span style=\"text-decoration: underline;\"><em>Su finalidad prioritaria<\/em><\/span>: Promover la sistematizaci\u00f3n, interpretaci\u00f3n, generaci\u00f3n y publicaci\u00f3n de datos e informaci\u00f3n a efectos de promover publicaciones por distintos medios para realizar un aporte significativo al debate socio pol\u00edtico sobre la explotaci\u00f3n, la rentabilidad econ\u00f3mica, social y ambiental del impacto de la explotaci\u00f3n de los RRNN en el \u00e1mbito de la Patagonia Sur.<\/p>\n<p>[\/vc_column_text][\/vc_column][\/vc_row][vc_row][vc_column width=&#8221;1\/6&#8243;][vc_separator color=&#8221;white&#8221;][vc_icon icon_fontawesome=&#8221;fas fa-handshake&#8221; color=&#8221;mulled_wine&#8221; background_style=&#8221;rounded-outline&#8221; size=&#8221;lg&#8221; align=&#8221;right&#8221;][\/vc_column][vc_column width=&#8221;2\/6&#8243;][vc_column_text]<a href=\"http:\/\/(IA+O) Observatorio de Inteligencia Artificial Oganizacional\" target=\"_blank\" rel=\"noopener\"><span style=\"font-size: 14pt;\"><strong>(OAPU) Observatorio Universitario de la Administraci\u00f3n P\u00fablica<\/strong><\/span><\/a>[\/vc_column_text][\/vc_column][vc_column width=&#8221;3\/6&#8243;][vc_column_text]Creado por Resoluci\u00f3n N\u00ba 026\/24 CDFCE\u00a0 \u00a0 Director: <strong>Dr. Alejandro Javier Torres<\/strong><\/p>\n<p style=\"text-align: justify;\">Mail:<\/p>\n<p style=\"text-align: justify;\"><span style=\"text-decoration: underline;\"><em>Su finalidad prioritaria<\/em><\/span>: Estudiar cient\u00edfica, t\u00e9cnica y artisticamente las diferentes organizaciones de la Administraci\u00f3n P\u00fablica y las Pol\u00edticas P\u00fablicas, as\u00ed como desarrollar Investigacioes universitarias en Administraci\u00f3n P\u00fablica y establecer l\u00edneas de acciones p\u00fablicas.<\/p>\n<p>[\/vc_column_text][\/vc_column][\/vc_row][vc_row][vc_column width=&#8221;1\/6&#8243;][vc_separator color=&#8221;white&#8221;][vc_icon icon_fontawesome=&#8221;fas fa-robot&#8221; color=&#8221;green&#8221; background_style=&#8221;rounded-outline&#8221; size=&#8221;lg&#8221; align=&#8221;right&#8221;][\/vc_column][vc_column width=&#8221;2\/6&#8243;][vc_column_text]<a href=\"http:\/\/(IA+O) Observatorio de Inteligencia Artificial Oganizacional\" target=\"_blank\" rel=\"noopener\"><span style=\"font-size: 14pt;\"><strong>(IA+O) Observatorio de Inteligencia Artificial Oganizacional\u00a0<\/strong><\/span><\/a>[\/vc_column_text][\/vc_column][vc_column width=&#8221;3\/6&#8243;][vc_column_text]Creado por Resoluci\u00f3n N\u00ba 51\/24 CDFCE\u00a0 \u00a0 Director: <b>Mg. Enrique Babino<\/b><\/p>\n<p>Mail:<\/p>\n<p style=\"text-align: justify;\"><span style=\"text-decoration: underline;\"><em>Su finalidad prioritaria<\/em><\/span>: Investigar los alcances e impactos actuales y futuros de la IA en los distintos procesos y din\u00e1micas de las organizaciones.<\/p>\n<p>[\/vc_column_text][\/vc_column][\/vc_row][vc_row][vc_column width=&#8221;1\/6&#8243;][vc_separator color=&#8221;white&#8221;][vc_icon icon_fontawesome=&#8221;fas fa-sitemap&#8221; color=&#8221;sky&#8221; background_style=&#8221;rounded-outline&#8221; size=&#8221;lg&#8221; align=&#8221;right&#8221;][\/vc_column][vc_column width=&#8221;2\/6&#8243;][vc_column_text]<a href=\"https:\/\/web.sistemasfce.com.ar\/wordpress\/index.php\/observatorio-en-gestion-de-las-organizaciones\" target=\"_blank\" rel=\"noopener\"><span style=\"font-size: 14pt;\"><strong>Observatorio en Gesti\u00f3n de las Organizaciones<\/strong><\/span><\/a>[\/vc_column_text][\/vc_column][vc_column width=&#8221;3\/6&#8243;][vc_column_text]<span style=\"vertical-align: inherit;\"><span style=\"vertical-align: inherit;\"><span style=\"vertical-align: inherit;\"><span style=\"vertical-align: inherit;\"><span style=\"vertical-align: inherit;\"><span style=\"vertical-align: inherit;\">Creado por Resoluci\u00f3n N\u00b0 139\/12 CDFCE Directora: <\/span><\/span><\/span><\/span><\/span><\/span><b><span style=\"vertical-align: inherit;\"><span style=\"vertical-align: inherit;\"><span style=\"vertical-align: inherit;\"><span style=\"vertical-align: inherit;\"><span style=\"vertical-align: inherit;\"><span style=\"vertical-align: inherit;\">Esp. Nora Cabaleiro<\/span><\/span><\/span><\/span><\/span><\/span><\/b><\/p>\n<p><span style=\"vertical-align: inherit;\"><span style=\"vertical-align: inherit;\"><span style=\"vertical-align: inherit;\"><span style=\"vertical-align: inherit;\"><span style=\"vertical-align: inherit;\"><span style=\"vertical-align: inherit;\">Correo:<\/span><\/span><\/span><\/span><\/span><\/span><\/p>\n<p style=\"text-align: justify;\"><span style=\"text-decoration: underline;\"><em><span style=\"vertical-align: inherit;\"><span style=\"vertical-align: inherit;\"><span style=\"vertical-align: inherit;\"><span style=\"vertical-align: inherit;\"><span style=\"vertical-align: inherit;\"><span style=\"vertical-align: inherit;\">Su finalidad prioritaria<\/span><\/span><\/span><\/span><\/span><\/span><\/em><\/span><span style=\"vertical-align: inherit;\"><span style=\"vertical-align: inherit;\"><span style=\"vertical-align: inherit;\"><span style=\"vertical-align: inherit;\"><span style=\"vertical-align: inherit;\"><span style=\"vertical-align: inherit;\">: Se establece como prioridad la vinculaci\u00f3n y articulaci\u00f3n con las organizaciones que generen proyectos y los ejecuten, de manera que permitan el an\u00e1lisis y la interpretaci\u00f3n y el aporte de conocimientos espec\u00edficos desde las distintas perspectivas que proporciona la administraci\u00f3n.<\/span><\/span><\/span><\/span><\/span><\/span><\/p>\n<p>[\/vc_column_text][\/vc_column][\/vc_row]<\/p>\n<\/div><\/div>","protected":false},"excerpt":{"rendered":"<p>[vc_row][vc_column][vc_column_text] Los observatorios son entidades de Estudio Especializadas en una disciplina o un \u00e1rea de &hellip; <\/p>\n","protected":false},"author":4,"featured_media":0,"parent":0,"menu_order":0,"comment_status":"closed","ping_status":"closed","template":"","meta":{"pmpro_default_level":"","footnotes":""},"class_list":["post-12413","page","type-page","status-publish","hentry","pmpro-has-access"],"_links":{"self":[{"href":"https:\/\/web.sistemasfce.com.ar\/wordpress\/index.php\/wp-json\/wp\/v2\/pages\/12413","targetHints":{"allow":["GET"]}}],"collection":[{"href":"https:\/\/web.sistemasfce.com.ar\/wordpress\/index.php\/wp-json\/wp\/v2\/pages"}],"about":[{"href":"https:\/\/web.sistemasfce.com.ar\/wordpress\/index.php\/wp-json\/wp\/v2\/types\/page"}],"author":[{"embeddable":true,"href":"https:\/\/web.sistemasfce.com.ar\/wordpress\/index.php\/wp-json\/wp\/v2\/users\/4"}],"replies":[{"embeddable":true,"href":"https:\/\/web.sistemasfce.com.ar\/wordpress\/index.php\/wp-json\/wp\/v2\/comments?post=12413"}],"version-history":[{"count":50,"href":"https:\/\/web.sistemasfce.com.ar\/wordpress\/index.php\/wp-json\/wp\/v2\/pages\/12413\/revisions"}],"predecessor-version":[{"id":14952,"href":"https:\/\/web.sistemasfce.com.ar\/wordpress\/index.php\/wp-json\/wp\/v2\/pages\/12413\/revisions\/14952"}],"wp:attachment":[{"href":"https:\/\/web.sistemasfce.com.ar\/wordpress\/index.php\/wp-json\/wp\/v2\/media?parent=12413"}],"curies":[{"name":"wp","href":"https:\/\/api.w.org\/{rel}","templated":true}]}}