{"id":11410,"date":"2021-06-08T20:51:17","date_gmt":"2021-06-08T20:51:17","guid":{"rendered":"https:\/\/web.sistemasfce.com.ar\/wordpress\/?page_id=11410"},"modified":"2021-06-10T19:56:19","modified_gmt":"2021-06-10T19:56:19","slug":"organizaciones-asistidas","status":"publish","type":"page","link":"https:\/\/web.sistemasfce.com.ar\/wordpress\/index.php\/organizaciones-asistidas\/","title":{"rendered":"Organizaciones Asistidas"},"content":{"rendered":"<div class=\"wpb-content-wrapper\"><div id=\"modal-ready\"><p style=\"text-align: center;\"><span style=\"font-size: 14pt;\"><em><strong>En Construcci\u00f3n<\/strong><\/em><\/span><\/p>\n<p>&nbsp;<\/p>\n<p>[vc_row gap=&#8221;15&#8243; el_class=&#8221;thim-box-language-tests&#8221; css=&#8221;.vc_custom_1474599425613{margin-bottom: 60px !important;}&#8221;][vc_column width=&#8221;1\/6&#8243;][vc_single_image image=&#8221;10593&#8243;][\/vc_column][vc_column width=&#8221;5\/6&#8243;]<div class=\"thim-widget-icon-box template-base\"><div class=\"wrapper-box-icon has_custom_image has_read_more wrapper-line-heading text-left contact_info\" ><div class=\"smicon-box iconbox-left\" style=\"--icon-width: 3px;--icon-height: 3px;\"><div class=\"boxes-icon circle\"><a class=\"icon-box-link\" target=\"_self\" href=\"#\"><span class=\"inner-icon\"><span class=\"icon icon-images\"><img decoding=\"async\" src=\"https:\/\/web.sistemasfce.com.ar\/wordpress\/wp-content\/themes\/eduma\/images\/demo_images\/demo_image.jpg\" alt=\"\" ><\/span><\/span><\/span><\/a><\/div><div class=\"content-inner\"><div class=\"sc-heading article_heading\"><h2 class = \"heading__primary\" >Nombre de la organizaci\u00f3n<\/h2><span class=\"line-heading\"><\/span><\/div><div class=\"desc-icon-box\"><div class=\"desc-content\" style=\"font-size: 14px;font-weight: normal;line-height: 21px;\">Peque\u00f1a descripci\u00f3n de la Organizaci\u00f3n<\/div><a class=\"smicon-read sc-btn\" target=\"_self\" href=\"#\"  >Learn More<i class=\"edu-chevron-right\"><\/i><\/a><\/div><\/div><\/div><\/div><\/div>[\/vc_column][\/vc_row]<\/p>\n<\/div><\/div>","protected":false},"excerpt":{"rendered":"<p>En Construcci\u00f3n &nbsp; [vc_row gap=&#8221;15&#8243; el_class=&#8221;thim-box-language-tests&#8221; css=&#8221;.vc_custom_1474599425613{margin-bottom: 60px !important;}&#8221;][vc_column width=&#8221;1\/6&#8243;][vc_single_image image=&#8221;10593&#8243;][\/vc_column][vc_column width=&#8221;5\/6&#8243;][\/vc_column][\/vc_row]<\/p>\n","protected":false},"author":4,"featured_media":0,"parent":0,"menu_order":0,"comment_status":"closed","ping_status":"closed","template":"","meta":{"pmpro_default_level":"","footnotes":""},"class_list":["post-11410","page","type-page","status-publish","hentry","pmpro-has-access"],"_links":{"self":[{"href":"https:\/\/web.sistemasfce.com.ar\/wordpress\/index.php\/wp-json\/wp\/v2\/pages\/11410","targetHints":{"allow":["GET"]}}],"collection":[{"href":"https:\/\/web.sistemasfce.com.ar\/wordpress\/index.php\/wp-json\/wp\/v2\/pages"}],"about":[{"href":"https:\/\/web.sistemasfce.com.ar\/wordpress\/index.php\/wp-json\/wp\/v2\/types\/page"}],"author":[{"embeddable":true,"href":"https:\/\/web.sistemasfce.com.ar\/wordpress\/index.php\/wp-json\/wp\/v2\/users\/4"}],"replies":[{"embeddable":true,"href":"https:\/\/web.sistemasfce.com.ar\/wordpress\/index.php\/wp-json\/wp\/v2\/comments?post=11410"}],"version-history":[{"count":6,"href":"https:\/\/web.sistemasfce.com.ar\/wordpress\/index.php\/wp-json\/wp\/v2\/pages\/11410\/revisions"}],"predecessor-version":[{"id":11427,"href":"https:\/\/web.sistemasfce.com.ar\/wordpress\/index.php\/wp-json\/wp\/v2\/pages\/11410\/revisions\/11427"}],"wp:attachment":[{"href":"https:\/\/web.sistemasfce.com.ar\/wordpress\/index.php\/wp-json\/wp\/v2\/media?parent=11410"}],"curies":[{"name":"wp","href":"https:\/\/api.w.org\/{rel}","templated":true}]}}