{"id":11401,"date":"2021-06-08T19:22:35","date_gmt":"2021-06-08T19:22:35","guid":{"rendered":"https:\/\/web.sistemasfce.com.ar\/wordpress\/?page_id=11401"},"modified":"2021-06-10T20:02:40","modified_gmt":"2021-06-10T20:02:40","slug":"integrantes-del-proyecto","status":"publish","type":"page","link":"https:\/\/web.sistemasfce.com.ar\/wordpress\/index.php\/ventanilla-permanente\/integrantes-del-proyecto\/","title":{"rendered":"Integrantes del Proyecto"},"content":{"rendered":"<div class=\"wpb-content-wrapper\"><div id=\"modal-ready\"><p>[vc_row][vc_column width=&#8221;1\/6&#8243;][\/vc_column][vc_column width=&#8221;5\/6&#8243;][vc_column_text]<span style=\"font-size: 12pt;\">El proyecto de extensi\u00f3n <strong>\u201cVentanilla permanente de orientaci\u00f3n y acompa\u00f1amiento a organizaciones de la sociedad civil\u201d<\/strong>, aprobado mediante Resoluci\u00f3n Nro. 222\/20 DFCE, es gestionado por docentes de la Facultad de Ciencias Econ\u00f3micas:<\/span>[\/vc_column_text][\/vc_column][\/vc_row][vc_row][vc_column][vc_column_text]<strong>Directoras:<\/strong>[\/vc_column_text]<ul class=\"contact_info \"><li><i class=\"fa fa-user\"><\/i><span>Cra. Beatriz A. G\u00f3mez<\/span><\/li><\/ul><style>.contact_info i {\r\n                            color: #777777;\r\n                        }<\/style><ul class=\"contact_info \"><li><i class=\"fa fa-user\"><\/i><span>Cra. Ana I. Kresteff<\/span><\/li><\/ul><style>.contact_info i {\r\n                            color: #777777;\r\n                        }<\/style>[vc_column_text][vc_column_text]<strong>Colaboradora:<\/strong>[\/vc_column_text]<ul class=\"contact_info \"><li><i class=\"fa fa-user\"><\/i><span>Cra. Marina N. Jones<\/span><\/li><\/ul><style>.contact_info i {\r\n                            color: #777777;\r\n                        }<\/style>[vc_column_text]Equipos de estudiantes que desarrollan actividades bajo la supervisi\u00f3n de docentes especializados en las distintas \u00e1reas de las Ciencias Econ\u00f3micas[\/vc_column_text][\/vc_column][\/vc_row]<\/p>\n<\/div><\/div>","protected":false},"excerpt":{"rendered":"<p>[vc_row][vc_column width=&#8221;1\/6&#8243;][\/vc_column][vc_column width=&#8221;5\/6&#8243;][vc_column_text]El proyecto de extensi\u00f3n \u201cVentanilla permanente de orientaci\u00f3n y acompa\u00f1amiento a organizaciones de &hellip; <\/p>\n","protected":false},"author":4,"featured_media":0,"parent":11372,"menu_order":0,"comment_status":"closed","ping_status":"closed","template":"","meta":{"pmpro_default_level":"","footnotes":""},"class_list":["post-11401","page","type-page","status-publish","hentry","pmpro-has-access"],"_links":{"self":[{"href":"https:\/\/web.sistemasfce.com.ar\/wordpress\/index.php\/wp-json\/wp\/v2\/pages\/11401","targetHints":{"allow":["GET"]}}],"collection":[{"href":"https:\/\/web.sistemasfce.com.ar\/wordpress\/index.php\/wp-json\/wp\/v2\/pages"}],"about":[{"href":"https:\/\/web.sistemasfce.com.ar\/wordpress\/index.php\/wp-json\/wp\/v2\/types\/page"}],"author":[{"embeddable":true,"href":"https:\/\/web.sistemasfce.com.ar\/wordpress\/index.php\/wp-json\/wp\/v2\/users\/4"}],"replies":[{"embeddable":true,"href":"https:\/\/web.sistemasfce.com.ar\/wordpress\/index.php\/wp-json\/wp\/v2\/comments?post=11401"}],"version-history":[{"count":6,"href":"https:\/\/web.sistemasfce.com.ar\/wordpress\/index.php\/wp-json\/wp\/v2\/pages\/11401\/revisions"}],"predecessor-version":[{"id":11431,"href":"https:\/\/web.sistemasfce.com.ar\/wordpress\/index.php\/wp-json\/wp\/v2\/pages\/11401\/revisions\/11431"}],"up":[{"embeddable":true,"href":"https:\/\/web.sistemasfce.com.ar\/wordpress\/index.php\/wp-json\/wp\/v2\/pages\/11372"}],"wp:attachment":[{"href":"https:\/\/web.sistemasfce.com.ar\/wordpress\/index.php\/wp-json\/wp\/v2\/media?parent=11401"}],"curies":[{"name":"wp","href":"https:\/\/api.w.org\/{rel}","templated":true}]}}