{"id":11372,"date":"2021-05-28T19:34:11","date_gmt":"2021-05-28T19:34:11","guid":{"rendered":"https:\/\/web.sistemasfce.com.ar\/wordpress\/?page_id=11372"},"modified":"2021-06-24T23:30:44","modified_gmt":"2021-06-24T23:30:44","slug":"ventanilla-permanente","status":"publish","type":"page","link":"https:\/\/web.sistemasfce.com.ar\/wordpress\/index.php\/ventanilla-permanente\/","title":{"rendered":"Ventanilla Permanente"},"content":{"rendered":"<div class=\"wpb-content-wrapper\"><div id=\"modal-ready\"><p>[vc_row][vc_column width=&#8221;1\/6&#8243;][vc_single_image image=&#8221;11461&#8243; img_size=&#8221;medium&#8221; alignment=&#8221;center&#8221;][\/vc_column][vc_column width=&#8221;5\/6&#8243; css=&#8221;.vc_custom_1624577135746{border-top-width: 0px !important;padding-top: 0px !important;}&#8221;]<div class=\"mgt-header-block clearfix text-left text-black wpb_content_element  mgt-header-block-style-1 mgt-header-block-fontsize-regular mgt-header-texttransform-none mgt-header-block-51010300 \"><h2 class=\"mgt-header-block-title text-font-weight-default\">Ventanilla Permanente de Orientaci\u00f3n y Acompa\u00f1amiento a Organizaciones de la Sociedad Civil<\/h2><p class=\"mgt-header-block-subtitle\">Mecanismo institucional permanente para brindar asistencia, informaci\u00f3n, capacitaciones y otros servicios en el \u00e1mbito de las ciencias econ\u00f3micas, a las Organizaciones de la Sociedad Civil<\/p><div class=\"mgt-header-line mgt-header-line-margin-large\"><\/div><\/div>[\/vc_column][\/vc_row][vc_row][vc_column width=&#8221;1\/6&#8243;][vc_btn title=&#8221;Integrantes del Proyecto&#8221; color=&#8221;primary&#8221; i_icon_fontawesome=&#8221;fas fa-address-card&#8221; add_icon=&#8221;true&#8221; css=&#8221;.vc_custom_1623181301830{margin-right: 0px !important;border-right-width: 0px !important;padding-right: 0px !important;}&#8221; link=&#8221;url:http%3A%2F%2Fweb.sistemasfce.com.ar%2Fwordpress%2Findex.php%2Fventanilla-permanente%2Fintegrantes-del-proyecto%2F|title:Integrantes%20del%20Proyecto&#8221;][vc_btn title=&#8221;Organizaciones Asistidas&#8221; color=&#8221;primary&#8221; i_icon_fontawesome=&#8221;fab fa-slideshare&#8221; add_icon=&#8221;true&#8221; link=&#8221;url:http%3A%2F%2Fweb.sistemasfce.com.ar%2Fwordpress%2Findex.php%2Forganizaciones-asistidas%2F|title:Organizaciones%20Asistidas&#8221;][vc_btn title=&#8221;Solicitud de Asistencia&#8221; color=&#8221;primary&#8221; i_icon_fontawesome=&#8221;far fa-hand-point-right&#8221; add_icon=&#8221;true&#8221; link=&#8221;url:https%3A%2F%2Fdocs.google.com%2Fforms%2Fd%2Fe%2F1FAIpQLSfc_fBs7m7W1QwIJPbVoRLeACM4SpEDOptInVmpqNdVq40O0w%2Fviewform|target:_blank&#8221;][vc_btn title=&#8221;Blog de Publicaciones&#8221; color=&#8221;primary&#8221; i_icon_fontawesome=&#8221;fab fa-leanpub&#8221; add_icon=&#8221;true&#8221; css=&#8221;.vc_custom_1623185499945{margin-right: 0px !important;border-right-width: 0px !important;padding-right: 0px !important;}&#8221; link=&#8221;url:http%3A%2F%2Fweb.sistemasfce.com.ar%2Fwordpress%2Findex.php%2Fpublicaciones-ventana-permanente%2F|title:Publicaciones%20Ventana%20Permanente&#8221;][vc_btn title=&#8221;Preguntas Frecuentes&#8221; color=&#8221;primary&#8221; i_icon_fontawesome=&#8221;far fa-question-circle&#8221; add_icon=&#8221;true&#8221;][\/vc_column][vc_column width=&#8221;5\/6&#8243;][vc_toggle title=&#8221;Descripci\u00f3n y Objetivo&#8221; style=&#8221;rounded_outline&#8221; color=&#8221;violet&#8221; open=&#8221;true&#8221;]A trav\u00e9s de la <strong><em>Ventanilla Permanente de Orientaci\u00f3n y Acompa\u00f1amiento a Organizaciones de la Sociedad Civil<\/em><\/strong>, la Facultad de Ciencias Econ\u00f3micas de la Universidad Nacional de la Patagonia establece un canal de vinculaci\u00f3n institucional con la comunidad que permite brindar acompa\u00f1amiento a organizaciones sin fines de lucro de la regi\u00f3n que requieran asesoramiento, acompa\u00f1amiento y capacitaci\u00f3n en el \u00e1mbito de las ciencias econ\u00f3micas.<\/p>\n<p>De esta manera, se fortalece el desarrollo de la funci\u00f3n social de la Facultad, generando un nuevo espacio extracurricular para el desarrollo de pr\u00e1cticas comunitarias que aporta beneficios concretos a la sociedad y que, asimismo, propicia la formaci\u00f3n profesional de los estudiantes que participan en el proyecto, privilegiando tanto la adquisici\u00f3n del conocimiento as\u00ed como su vinculaci\u00f3n con la comunidad mediante actividades de aprendizaje y de extensi\u00f3n.<\/p>\n<p>Los servicios t\u00e9cnicos administrativos, contables y financieros son llevados a cabo -de forma gratuita- por parte de equipos de docentes especializados en las diversas tem\u00e1ticas pertenecientes al \u00e1mbito de las Ciencias Econ\u00f3micas y de alumnos de las carreras que se dictan en la Facultad, con la finalidad de mejorar las pr\u00e1cticas de las organizaciones de la sociedad civil y, de esa forma, lograr un impacto positivo en el medio en general.[\/vc_toggle][vc_toggle title=&#8221;Destinatarios&#8221; style=&#8221;rounded_outline&#8221; color=&#8221;violet&#8221;]Las Organizaciones de la Sociedad Civil tales como asociaciones civiles, fundaciones, cooperativas, simples asociaciones, asociaciones cooperadoras, comunidades ind\u00edgenas, entre otras, que por sus actividades generan escasos recursos para afrontar prestaciones profesionales, pueden comunicar voluntariamente sus necesidades de asistencia y acompa\u00f1amiento en el marco de las ciencias econ\u00f3micas, mediante la Ventanilla habilitada en este sitio web.[\/vc_toggle][vc_toggle title=&#8221;Mecanismo de vinculaci\u00f3n&#8221; style=&#8221;rounded_outline&#8221; color=&#8221;violet&#8221;]Las Organizaciones de la Sociedad Civil deben completar el formulario \u201cSOLICITUD DE ASISTENCIA\u201d, \u00fanico canal habilitado a efectos de comunicar el requerimiento de servicios en el marco de la <strong><em>Ventanilla Permanente de Orientaci\u00f3n y Acompa\u00f1amiento a Organizaciones de la Sociedad Civil. <\/em><\/strong><\/p>\n<p>La recepci\u00f3n del formulario \u201cSOLICITUD DE ASISTENCIA\u201d es efectuada por parte de las directoras del Proyecto quienes analizan las consultas y solicitudes de prestaciones en cuesti\u00f3n y deciden si corresponde su admisi\u00f3n, de acuerdo al cumplimiento de los requisitos por parte de las organizaciones solicitantes y de la naturaleza de los servicios demandados.<\/p>\n<p>En caso de ser admitida la solicitud de prestaci\u00f3n, se otorga un turno a la organizaci\u00f3n para su atenci\u00f3n, el cual es establecido considerando el cronograma acad\u00e9mico de las diversas materias que corresponden a las \u00e1reas disciplinares que deben intervenir, as\u00ed como de la disponibilidad horaria de los equipos de docentes y alumnos a los cuales resulta asignable la consulta concreta.<\/p>\n<p>Asimismo, las solicitudes de prestaci\u00f3n admitidas, de acuerdo a los turnos otorgados, son asignadas a un docente responsable para que conforme el equipo que debe intervenir en su atenci\u00f3n y establezca contacto con la organizaci\u00f3n solicitante.<\/p>\n<p>Las directoras del Proyecto realizan el seguimiento permanente de la gesti\u00f3n de las solicitudes admitidas, as\u00ed como del cumplimiento del cronograma que cada equipo interviniente establece para cada caso particular y de la prestaci\u00f3n o trabajo que se suministra.[\/vc_toggle][\/vc_column][\/vc_row][vc_row][vc_column width=&#8221;1\/5&#8243;][\/vc_column][vc_column width=&#8221;1\/5&#8243;][\/vc_column][vc_column width=&#8221;1\/5&#8243;][\/vc_column][vc_column width=&#8221;1\/5&#8243;][\/vc_column][vc_column width=&#8221;1\/5&#8243;][\/vc_column][\/vc_row]<\/p>\n<\/div><\/div>","protected":false},"excerpt":{"rendered":"<p>[vc_row][vc_column width=&#8221;1\/6&#8243;][vc_single_image image=&#8221;11461&#8243; img_size=&#8221;medium&#8221; alignment=&#8221;center&#8221;][\/vc_column][vc_column width=&#8221;5\/6&#8243; css=&#8221;.vc_custom_1624577135746{border-top-width: 0px !important;padding-top: 0px !important;}&#8221;][\/vc_column][\/vc_row][vc_row][vc_column width=&#8221;1\/6&#8243;][vc_btn title=&#8221;Integrantes del Proyecto&#8221; &hellip; <\/p>\n","protected":false},"author":4,"featured_media":0,"parent":0,"menu_order":0,"comment_status":"closed","ping_status":"closed","template":"","meta":{"pmpro_default_level":"","footnotes":""},"class_list":["post-11372","page","type-page","status-publish","hentry","pmpro-has-access"],"_links":{"self":[{"href":"https:\/\/web.sistemasfce.com.ar\/wordpress\/index.php\/wp-json\/wp\/v2\/pages\/11372","targetHints":{"allow":["GET"]}}],"collection":[{"href":"https:\/\/web.sistemasfce.com.ar\/wordpress\/index.php\/wp-json\/wp\/v2\/pages"}],"about":[{"href":"https:\/\/web.sistemasfce.com.ar\/wordpress\/index.php\/wp-json\/wp\/v2\/types\/page"}],"author":[{"embeddable":true,"href":"https:\/\/web.sistemasfce.com.ar\/wordpress\/index.php\/wp-json\/wp\/v2\/users\/4"}],"replies":[{"embeddable":true,"href":"https:\/\/web.sistemasfce.com.ar\/wordpress\/index.php\/wp-json\/wp\/v2\/comments?post=11372"}],"version-history":[{"count":14,"href":"https:\/\/web.sistemasfce.com.ar\/wordpress\/index.php\/wp-json\/wp\/v2\/pages\/11372\/revisions"}],"predecessor-version":[{"id":11466,"href":"https:\/\/web.sistemasfce.com.ar\/wordpress\/index.php\/wp-json\/wp\/v2\/pages\/11372\/revisions\/11466"}],"wp:attachment":[{"href":"https:\/\/web.sistemasfce.com.ar\/wordpress\/index.php\/wp-json\/wp\/v2\/media?parent=11372"}],"curies":[{"name":"wp","href":"https:\/\/api.w.org\/{rel}","templated":true}]}}