{"id":10790,"date":"2020-09-23T22:48:58","date_gmt":"2020-09-23T22:48:58","guid":{"rendered":"https:\/\/web.sistemasfce.com.ar\/wordpress\/?page_id=10790"},"modified":"2025-09-19T14:26:34","modified_gmt":"2025-09-19T17:26:34","slug":"elecciones-2022","status":"publish","type":"page","link":"https:\/\/web.sistemasfce.com.ar\/wordpress\/index.php\/elecciones-2022\/","title":{"rendered":"Elecciones 2025"},"content":{"rendered":"<div class=\"wpb-content-wrapper\"><div id=\"modal-ready\"><p>[vc_row full_height=&#8221;yes&#8221; equal_height=&#8221;yes&#8221; content_placement=&#8221;middle&#8221;][vc_column][vc_empty_space height=&#8221;54px&#8221;][vc_tta_accordion style=&#8221;modern&#8221; color=&#8221;blue&#8221; spacing=&#8221;1&#8243; c_icon=&#8221;triangle&#8221; active_section=&#8221;10&#8243; collapsible_all=&#8221;true&#8221; title=&#8221;Normativa&#8221;][vc_tta_section title=&#8221;Ordenanza &#8220;C.S.&#8220; N\u00b0 180&#8243; tab_id=&#8221;1626227246547-edd5b3fe-4929&#8243;][vc_column_text css=&#8221;&#8221;]<\/p>\n<p style=\"padding-left: 40px;\"><em><span style=\"font-size: 14pt;\"><strong>R\u00c9GIMEN ELECTORAL DE LA UNIVERSIDAD<\/strong><\/span><\/em><\/p>\n<p style=\"padding-left: 80px;\"><a href=\"https:\/\/drive.google.com\/file\/d\/14C4hYfCQtiStboREklp0jRoJEZywqMHe\/view\" target=\"_blank\" rel=\"noopener\"><span style=\"font-size: 14pt; color: #800080;\"><strong> \u21d3<\/strong><\/span><span style=\"font-size: 12pt;\"> <em>Descargar<\/em><\/span><\/a><\/p>\n<p>[\/vc_column_text][\/vc_tta_section][vc_tta_section title=&#8221;Ordenanza &#8220;C.S.&#8220; N\u00b0120&#8243; tab_id=&#8221;1626224888841-53231e38-71d7&#8243;][vc_column_text]<\/p>\n<p style=\"padding-left: 40px;\"><span style=\"font-size: 18.6667px;\"><i><strong>ESTATUTO <\/strong><\/i>de la Universidad Nacional de la Patagonia San Juan Bosco.<\/span><\/p>\n<p style=\"padding-left: 80px;\"><span style=\"font-size: 14pt; color: #800080;\"><strong> \u21d3<\/strong><\/span><span style=\"font-size: 12pt;\"> <a href=\"https:\/\/drive.google.com\/file\/d\/1vatxsV8fAwn7PjrZ6Yn-WRegr2YvplY8\/view?usp=sharing\" target=\"_blank\" rel=\"noopener\"><em>Descargar<\/em><\/a><\/span><\/p>\n<p>[\/vc_column_text][\/vc_tta_section][vc_tta_section title=&#8221;Resoluci\u00f3n Digital Consejo Superior N\u00ba 39\/2025 &#8211; Calendario Electoral&#8221; tab_id=&#8221;1626227742042-ebf05182-04a6&#8243;][vc_column_text css=&#8221;&#8221;]<\/p>\n<p style=\"padding-left: 40px;\"><span style=\"font-size: 14pt; color: #333333;\"><em><strong>CALENDARIO ELECTORAL<\/strong><\/em>\u00a0<\/span><a href=\"https:\/\/web.sistemasfce.com.ar\/wordpress\/wp-content\/uploads\/2025\/08\/CALENDARIO-ELECTORAL-Resolucion-Digital-Consejo-Superior-No-39-2025.pdf\" target=\"_blank\" rel=\"noopener\"><span style=\"font-size: 14pt; color: #800080;\"><strong> \u21d3<\/strong><\/span><span style=\"font-size: 12pt;\"> <em>Descargar\u00a0<\/em><\/span><\/a><\/p>\n<p>[\/vc_column_text][\/vc_tta_section][vc_tta_section title=&#8221;Resoluci\u00f3n Digital R\/10 N\u00ba 320\/2025 &#8211; Miembros Junta Electoral Central&#8221; tab_id=&#8221;1632959092649-4987b6b2-2c8c&#8221;][vc_column_text css=&#8221;&#8221;]Resoluci\u00f3n Digital R\/10 N\u00b0 320\/2025\u00a0 \u00a0<a href=\"https:\/\/web.sistemasfce.com.ar\/wordpress\/wp-content\/uploads\/2025\/06\/Res-320-2025.pdf\" target=\"_blank\" rel=\"noopener\"><em>Descargar<\/em><\/a>[\/vc_column_text][\/vc_tta_section][vc_tta_section title=&#8221;Resoluciones &#8211; Miembros Junta Electoral FCE&#8221; tab_id=&#8221;1660307320595-354962a0-8f3f&#8221;][vc_column_text]<i><span style=\"font-size: 14pt;\">Designaci\u00f3n de los <strong>INTEGRANTES DE LA JUNTA ELECTORAL<\/strong> de la Facultad de Ciencias Econ\u00f3micas<\/span>.<\/i>[\/vc_column_text][vc_column_text css=&#8221;&#8221;]<\/p>\n<p style=\"padding-left: 80px;\"><span style=\"font-size: 14pt; color: #800080;\"><span style=\"color: #333333;\">Resoluci\u00f3n Digital CDFCE 073\/2025\u00a0<\/span><a href=\"https:\/\/web.sistemasfce.com.ar\/wordpress\/wp-content\/uploads\/2025\/07\/RCDFCE-73.pdf\" target=\"_blank\" rel=\"noopener\"><strong> \u21d3<\/strong><\/a><\/span><a href=\"https:\/\/web.sistemasfce.com.ar\/wordpress\/wp-content\/uploads\/2025\/07\/RCDFCE-73.pdf\" target=\"_blank\" rel=\"noopener\"><span style=\"font-size: 12pt;\"> <em>Descargar<\/em><\/span><\/a><\/p>\n<p style=\"padding-left: 80px;\"><span style=\"font-size: 14pt; color: #800080;\"><span style=\"color: #333333;\">Resoluci\u00f3n\u00a0 Digital\u00a0 DFCE\u00a0 367\/2025\u00a0<\/span><a href=\"https:\/\/web.sistemasfce.com.ar\/wordpress\/wp-content\/uploads\/2025\/07\/RDFCE-367.pdf\" target=\"_blank\" rel=\"noopener\"><strong> \u21d3<\/strong><\/a><\/span><a href=\"https:\/\/web.sistemasfce.com.ar\/wordpress\/wp-content\/uploads\/2025\/07\/RDFCE-367.pdf\" target=\"_blank\" rel=\"noopener\"><span style=\"font-size: 12pt;\"> <em>Descargar<\/em><\/span><\/a><\/p>\n<p>[\/vc_column_text][\/vc_tta_section][vc_tta_section title=&#8221;Actas Reuniones Junta Electoral&#8221; tab_id=&#8221;1631915084040-a94ef702-b741&#8243;][vc_column_text css=&#8221;&#8221;][\/vc_column_text][vc_column_text css=&#8221;&#8221;]<\/p>\n<ul>\n<li><span style=\"font-size: 18px;\"><span style=\"color: #000000;\">Acta Junta Electoral -FCE\u00a0 02\/2025 del 30-06-2025\u00a0<\/span> \u00a0 \u00a0<span style=\"color: #800080;\"><strong>\u21d3<\/strong><\/span>\u00a0<a href=\"https:\/\/web.sistemasfce.com.ar\/wordpress\/wp-content\/uploads\/2025\/08\/Acta-Junta-Electoral-JE-FCE-2-2025.pdf\" target=\"_blank\" rel=\"noopener\"><em>Descargar<\/em><\/a><\/span><\/li>\n<\/ul>\n<p>&nbsp;<\/p>\n<ul>\n<li><span style=\"font-size: 18px;\"><span style=\"color: #000000;\">Acta Junta Electoral -FCE\u00a0 14\/2025 del 31-07-2025\u00a0<\/span>\u00a0 \u00a0 \u00a0 <span style=\"color: #800080;\"><strong>\u21d3<\/strong><\/span>\u00a0<a href=\"https:\/\/web.sistemasfce.com.ar\/wordpress\/wp-content\/uploads\/2025\/08\/Acta-Junta-Electoral-JE-FCE-14-2025.pdf\" target=\"_blank\" rel=\"noopener\"><em>Descargar<\/em><\/a><\/span><\/li>\n<\/ul>\n<p>&nbsp;<\/p>\n<ul>\n<li style=\"list-style-type: none;\">\n<ul>\n<li><span style=\"font-size: 18px;\"><span style=\"color: #000000;\">Acta Junta Electoral -FCE\u00a0 31\/2025 del 26-08-2025. Recepci\u00f3n de listas y Oficializaci\u00f3n dela lista BLANCA &#8220;GOBERNANZA ABIERTA&#8221; Claustros Docentes Profesores, Docentes Auxiliares y Graduados; Lista BLANCA &#8220;ALBATROS&#8221; Clautro Nodocentes; listaS AMARILLA &#8220;ESTUDIANTES POR ECON\u00d3MICAS&#8221; y &#8220;FRANJA MAS INDEPENDIENTES&#8221;<\/span> <span style=\"color: #000000;\">del Claustro Alumnos<\/span>\u00a0 \u00a0 <a href=\"https:\/\/web.sistemasfce.com.ar\/wordpress\/wp-content\/uploads\/2025\/08\/Acta-Junta-Electoral-JE-FCE-31-2025.pdf\" target=\"_blank\" rel=\"noopener\"><span style=\"color: #800080;\"><strong>\u21d3<\/strong><\/span>\u00a0<em>Descargar<\/em><\/a><\/span><\/li>\n<\/ul>\n<\/li>\n<\/ul>\n<p>&nbsp;<\/p>\n<ul>\n<li><span style=\"font-size: 18px;\"><span style=\"color: #000000;\">Acta Junta Electoral -FCE\u00a0 38\/2025 del 27-08-2025 <\/span>\u00a0 \u00a0 \u00a0 <a href=\"https:\/\/web.sistemasfce.com.ar\/wordpress\/wp-content\/uploads\/2025\/08\/Acta-Junta-Electoral-JE-FCE-38-2025.pdf\" target=\"_blank\" rel=\"noopener\"><span style=\"color: #800080;\"><strong>\u21d3<\/strong><\/span>\u00a0<em>Descargar<\/em><\/a><\/span><\/li>\n<\/ul>\n<p>&nbsp;<\/p>\n<ul>\n<li><span style=\"font-size: 18px;\"><span style=\"color: #000000;\">Acta Junta Electoral -FCE\u00a0 39\/2025 del 27-08-2025 <\/span>\u00a0 \u00a0 \u00a0 <a href=\"https:\/\/web.sistemasfce.com.ar\/wordpress\/wp-content\/uploads\/2025\/08\/Acta-Junta-Electoral-JE-FCE-39-2025.pdf\" target=\"_blank\" rel=\"noopener\"><span style=\"color: #800080;\"><strong>\u21d3<\/strong><\/span>\u00a0<em>Descargar<\/em><\/a><\/span><\/li>\n<\/ul>\n<p>&nbsp;<\/p>\n<ul>\n<li><span style=\"font-size: 18px;\"><span style=\"color: #000000;\">Resoluci\u00f3n N\u00b0 4\/25 &#8211; JEC oficializando listas &#8220;Compromiso Universitario&#8221; Claustro Docentes Auxiliares y &#8220;Celeste y Blanca&#8221; Claustro Graduados\u00a0<\/span> \u00a0 <a href=\"https:\/\/drive.google.com\/file\/d\/1FgWi1nkADtPXrgShZJr2YShMh3tBjoIj\/view?usp=sharing\" target=\"_blank\" rel=\"noopener\"><span style=\"color: #800080;\"><strong>\u21d3<\/strong><\/span>\u00a0<em>Descargar<\/em><\/a><\/span><\/li>\n<\/ul>\n<p>&nbsp;<\/p>\n<ul>\n<li><span style=\"font-size: 18px;\"><span style=\"color: #000000;\">Acta Junta Electoral -FCE\u00a0 40\/25 del 27-08-2025 <\/span>\u00a0 \u00a0 \u00a0 <a href=\"https:\/\/web.sistemasfce.com.ar\/wordpress\/wp-content\/uploads\/2025\/08\/Acta-Junta-Electoral-JE-FCE-40-2025.pdf\" target=\"_blank\" rel=\"noopener\"><span style=\"color: #800080;\"><strong>\u21d3<\/strong><\/span>\u00a0<em>Descargar<\/em><\/a><\/span>\n<ul>\n<li><span style=\"font-size: 18px;\"><span style=\"color: #000000;\">Acta Junta Electoral -FCE\u00a0 42\/25. Rectificaci\u00f3n acta Junta Electoral FCE 40\/25<\/span>\u00a0 \u00a0\u00a0<a href=\"https:\/\/web.sistemasfce.com.ar\/wordpress\/wp-content\/uploads\/2025\/08\/Acta-Junta-Electoral-JE-FCE-42-2025.pdf\" target=\"_blank\" rel=\"noopener\">\u00a0 <span style=\"color: #800080;\"><strong>\u21d3<\/strong><\/span>\u00a0<em>Descargar<\/em><\/a><\/span><\/li>\n<\/ul>\n<\/li>\n<\/ul>\n<p>[\/vc_column_text][\/vc_tta_section][\/vc_tta_accordion][vc_empty_space height=&#8221;45px&#8221;][vc_empty_space height=&#8221;45px&#8221;][vc_tta_accordion style=&#8221;modern&#8221; color=&#8221;purple&#8221; spacing=&#8221;3&#8243; c_position=&#8221;left&#8221; active_section=&#8221;10&#8243; collapsible_all=&#8221;true&#8221; title=&#8221;Padrones 2025&#8243;][vc_tta_section title=&#8221;Claustro ALUMNOS&#8221; tab_id=&#8221;1754136480580-b39bc3cc-3d6c&#8221;][vc_column_text css=&#8221;&#8221;]<a href=\"https:\/\/drive.google.com\/file\/d\/1TGLzZJ9MejMg3j_fSt8frk9F8zUPIiCP\/view?usp=sharing\" target=\"_blank\" rel=\"noopener\">\u00bb Padr\u00f3n Claustro Alumnos TRELEW<\/a><\/p>\n<p><a href=\"https:\/\/drive.google.com\/file\/d\/1blkoISnl7Zj9pe1f4qPH1LXU4EzQ_ekT\/view?usp=sharing\" target=\"_blank\" rel=\"noopener\">\u00bb Padr\u00f3n Claustro Alumnos PUERTO MADRYN<\/a><\/p>\n<p><a href=\"https:\/\/drive.google.com\/file\/d\/1DoFqcYHk0PpfBNBNZNYMeIjrrxyb2OIS\/view?usp=sharing\" target=\"_blank\" rel=\"noopener\">\u00bb Padr\u00f3n Claustro Alumnos COMODORO RIVADAVIA<\/a><\/p>\n<p><a href=\"https:\/\/drive.google.com\/file\/d\/1EUFazzUo58SqT0uI09XBidfYytpuHWfQ\/view?usp=sharing\" target=\"_blank\" rel=\"noopener\">\u00bb Padr\u00f3n Claustro Alumnos ESQUEL<\/a>[\/vc_column_text][\/vc_tta_section][vc_tta_section title=&#8221;Claustro DOCENTES AUXILIARES&#8221; tab_id=&#8221;1754136480607-abdffde9-e233&#8243;][vc_column_text css=&#8221;&#8221;]<\/p>\n<p style=\"padding-left: 40px;\"><a href=\"https:\/\/drive.google.com\/file\/d\/1_AQ1JroA4Y2BVDAZRm4UHMEZAiCtBINQ\/view?usp=sharing\" target=\"_blank\" rel=\"noopener\">\u00bb Padr\u00f3n Claustro Docentes Auxiliares TRELEW<\/a><\/p>\n<p style=\"padding-left: 40px;\"><a href=\"https:\/\/drive.google.com\/file\/d\/1lzxf0KgG_svr1yE7rNmVpmVoSPYt6dKQ\/view?usp=sharing\" target=\"_blank\" rel=\"noopener\">\u00bb Padr\u00f3n Claustro Docentes Auxiliares COMODORO RIVADAVIA<\/a><\/p>\n<p style=\"padding-left: 40px;\"><a href=\"https:\/\/drive.google.com\/file\/d\/1fpu0XOHdKj-K_svUN0Q4sWWGUeH5JW3e\/view?usp=sharing\" target=\"_blank\" rel=\"noopener\">\u00bb Padr\u00f3n Claustro Docentes Auxiliares ESQUEL<\/a><\/p>\n<p>&nbsp;<\/p>\n<p>[\/vc_column_text][\/vc_tta_section][vc_tta_section title=&#8221;Claustro GRADUADOS&#8221; tab_id=&#8221;1754136889551-bf82123f-fa03&#8243;][vc_column_text css=&#8221;&#8221;]<\/p>\n<p style=\"padding-left: 40px;\"><a href=\"https:\/\/drive.google.com\/file\/d\/1QIwoVqjFGjaMgctfOzTe-3-fy6xmxVL2\/view?usp=sharing\" target=\"_blank\" rel=\"noopener\">\u00bb Padr\u00f3n Claustro Graduados TRELEW<\/a><\/p>\n<p style=\"padding-left: 40px;\"><a href=\"https:\/\/drive.google.com\/file\/d\/1_wTGvqoKQofIjp8lmXAMrUd5DAyrf64O\/view?usp=sharing\" target=\"_blank\" rel=\"noopener\">\u00bb Padr\u00f3n Claustro Graduados COMODORO RIVADAVIA<\/a><\/p>\n<p style=\"padding-left: 40px;\"><a href=\"https:\/\/drive.google.com\/file\/d\/19N7_aU_4Ok0NV9I1kVySut6n8ovEF_6k\/view?usp=sharing\" target=\"_blank\" rel=\"noopener\">\u00bb Padr\u00f3n Claustro Graduados ESQUEL<\/a><\/p>\n<p>[\/vc_column_text][\/vc_tta_section][vc_tta_section title=&#8221;Claustro NODOCENTE&#8221; tab_id=&#8221;1754136916574-12763c32-2922&#8243;][vc_column_text css=&#8221;&#8221;]<\/p>\n<p style=\"padding-left: 40px;\"><a href=\"https:\/\/drive.google.com\/file\/d\/1XTEc49qlx0wV9Q-kGTuugRMCcKO_0OL_\/view?usp=sharing\" target=\"_blank\" rel=\"noopener\">\u00bb Padr\u00f3n Claustro NoDocente TRELEW<\/a><\/p>\n<p style=\"padding-left: 40px;\"><a href=\"https:\/\/drive.google.com\/file\/d\/1DhWQmho2akJ5oUsCUJbIZUh5PW54dxKI\/view?usp=sharing\" target=\"_blank\" rel=\"noopener\">\u00bb Padr\u00f3n Claustro NoDocente COMODORO RIVADAVIA<\/a><\/p>\n<p style=\"padding-left: 40px;\"><a href=\"https:\/\/drive.google.com\/file\/d\/1WXDt-fNNtxvaZsD73p_mnHXMmjYCM7Uv\/view?usp=sharing\" target=\"_blank\" rel=\"noopener\">\u00bb Padr\u00f3n Claustro NoDocente ESQUEL<\/a><\/p>\n<p>[\/vc_column_text][\/vc_tta_section][vc_tta_section title=&#8221;Claustro DOCENTES PROFESORES&#8221; tab_id=&#8221;1754136831213-84c6be76-0792&#8243;][vc_column_text css=&#8221;&#8221;]<\/p>\n<p style=\"padding-left: 40px;\"><a href=\"https:\/\/drive.google.com\/file\/d\/1pqBAjWkpnfmPRhblqfSOJZzaaWt3yiLt\/view?usp=sharing\" target=\"_blank\" rel=\"noopener\">\u00bb Padr\u00f3n Claustro Docentes Profesores TRELEW<\/a><\/p>\n<p style=\"padding-left: 40px;\"><a href=\"https:\/\/drive.google.com\/file\/d\/1qDBNDT6X2JiEzTKjO2Uir_3RUTo3OZBq\/view?usp=sharing\" target=\"_blank\" rel=\"noopener\">\u00bb Padr\u00f3n Claustro Docentes Profesores COMODORO RIVADAVIA<\/a><\/p>\n<p style=\"padding-left: 40px;\"><a href=\"https:\/\/drive.google.com\/file\/d\/13ghNk9HZsG03HEfJIq1R_IxZdH_Lb1Xo\/view?usp=sharing\" target=\"_blank\" rel=\"noopener\">\u00bb Padr\u00f3n Claustro Docentes Profesores ESQUEL<\/a><\/p>\n<p>[\/vc_column_text][\/vc_tta_section][\/vc_tta_accordion][vc_btn title=&#8221;Acta Proclamaci\u00f3n Candidatos Electos DOCENTES PROFESORES&#8221; color=&#8221;warning&#8221; size=&#8221;sm&#8221; align=&#8221;center&#8221; css=&#8221;&#8221; link=&#8221;url:https%3A%2F%2Fweb.sistemasfce.com.ar%2Fwordpress%2Fwp-content%2Fuploads%2F2025%2F09%2FDocentes-Profesores.pdf|target:_blank&#8221;][vc_btn title=&#8221;Acta Proclamaci\u00f3n Candidatos Electos DOCENTES AUXILIARES&#8221; color=&#8221;warning&#8221; size=&#8221;sm&#8221; align=&#8221;center&#8221; css=&#8221;&#8221; link=&#8221;url:https%3A%2F%2Fweb.sistemasfce.com.ar%2Fwordpress%2Fwp-content%2Fuploads%2F2025%2F09%2FDocentes-Auxiliares.pdf|target:_blank&#8221;][vc_btn title=&#8221;Acta Proclamaci\u00f3n Candidatos Electos GRADUADOS&#8221; color=&#8221;warning&#8221; size=&#8221;sm&#8221; align=&#8221;center&#8221; css=&#8221;&#8221; link=&#8221;url:https%3A%2F%2Fweb.sistemasfce.com.ar%2Fwordpress%2Fwp-content%2Fuploads%2F2025%2F09%2FGraduados.pdf|target:_blank&#8221;][vc_btn title=&#8221;Acta proclamaci\u00f3n Candidatos Electos NODOCENTES&#8221; color=&#8221;warning&#8221; size=&#8221;sm&#8221; align=&#8221;center&#8221; css=&#8221;&#8221; link=&#8221;url:https%3A%2F%2Fweb.sistemasfce.com.ar%2Fwordpress%2Fwp-content%2Fuploads%2F2025%2F09%2FNodocentes.pdf|target:_blank&#8221;][vc_btn title=&#8221;Acta proclamaci\u00f3n Candidatos Electos ALUMNOS&#8221; color=&#8221;warning&#8221; size=&#8221;sm&#8221; align=&#8221;center&#8221; css=&#8221;&#8221; link=&#8221;url:https%3A%2F%2Fweb.sistemasfce.com.ar%2Fwordpress%2Fwp-content%2Fuploads%2F2025%2F09%2FAlumnos.pdf|target:_blank&#8221;][vc_empty_space height=&#8221;45px&#8221;][\/vc_column][\/vc_row][vc_row][vc_column width=&#8221;2\/2&#8243;][vc_column_text css=&#8221;&#8221;]<span style=\"font-size: 14pt;\"><em><span style=\"text-decoration: underline;\"><span style=\"color: #800080; text-decoration: underline;\"><strong>CONTACTO<\/strong><\/span><\/span>:<\/em><\/span><\/p>\n<p><span style=\"font-size: 14pt;\"><span style=\"text-decoration: underline;\"><em>Atenci\u00f3n:<\/em><\/span> de lunes a viernes en el horario de <strong><em>11 a 15 horas <\/em><\/strong>en Secretar\u00eda del Consejo Directivo de la Facultad de Ciencias Econ\u00f3micas (San Mart\u00edn 407 &#8211; 1\u00b0 Piso)<\/span><\/p>\n<p><span style=\"font-size: 14pt;\"><span style=\"text-decoration: underline;\"><em>Email de Contacto:<\/em><\/span> <u><a href=\"mailto:juntaelectoralfce@gmail.com\" target=\"_blank\" rel=\"noopener\">juntaelectoralfce@<wbr \/>gmail.com<\/a><\/u><\/span>[\/vc_column_text][\/vc_column][\/vc_row]<\/p>\n<\/div><\/div>","protected":false},"excerpt":{"rendered":"<p>[vc_row full_height=&#8221;yes&#8221; equal_height=&#8221;yes&#8221; content_placement=&#8221;middle&#8221;][vc_column][vc_empty_space height=&#8221;54px&#8221;][vc_tta_accordion style=&#8221;modern&#8221; color=&#8221;blue&#8221; spacing=&#8221;1&#8243; c_icon=&#8221;triangle&#8221; active_section=&#8221;10&#8243; collapsible_all=&#8221;true&#8221; title=&#8221;Normativa&#8221;][vc_tta_section title=&#8221;Ordenanza &#8220;C.S.&#8220; N\u00b0 &hellip; <\/p>\n","protected":false},"author":4,"featured_media":0,"parent":0,"menu_order":0,"comment_status":"closed","ping_status":"closed","template":"","meta":{"pmpro_default_level":"","footnotes":""},"class_list":["post-10790","page","type-page","status-publish","hentry","pmpro-has-access"],"_links":{"self":[{"href":"https:\/\/web.sistemasfce.com.ar\/wordpress\/index.php\/wp-json\/wp\/v2\/pages\/10790","targetHints":{"allow":["GET"]}}],"collection":[{"href":"https:\/\/web.sistemasfce.com.ar\/wordpress\/index.php\/wp-json\/wp\/v2\/pages"}],"about":[{"href":"https:\/\/web.sistemasfce.com.ar\/wordpress\/index.php\/wp-json\/wp\/v2\/types\/page"}],"author":[{"embeddable":true,"href":"https:\/\/web.sistemasfce.com.ar\/wordpress\/index.php\/wp-json\/wp\/v2\/users\/4"}],"replies":[{"embeddable":true,"href":"https:\/\/web.sistemasfce.com.ar\/wordpress\/index.php\/wp-json\/wp\/v2\/comments?post=10790"}],"version-history":[{"count":127,"href":"https:\/\/web.sistemasfce.com.ar\/wordpress\/index.php\/wp-json\/wp\/v2\/pages\/10790\/revisions"}],"predecessor-version":[{"id":15579,"href":"https:\/\/web.sistemasfce.com.ar\/wordpress\/index.php\/wp-json\/wp\/v2\/pages\/10790\/revisions\/15579"}],"wp:attachment":[{"href":"https:\/\/web.sistemasfce.com.ar\/wordpress\/index.php\/wp-json\/wp\/v2\/media?parent=10790"}],"curies":[{"name":"wp","href":"https:\/\/api.w.org\/{rel}","templated":true}]}}