{"id":10134,"date":"2020-05-22T21:55:57","date_gmt":"2020-05-22T21:55:57","guid":{"rendered":"https:\/\/web.sistemasfce.com.ar\/wordpress\/?page_id=10134"},"modified":"2021-09-06T12:32:49","modified_gmt":"2021-09-06T12:32:49","slug":"boletines-informativos","status":"publish","type":"page","link":"https:\/\/web.sistemasfce.com.ar\/wordpress\/index.php\/extension\/boletines-informativos\/","title":{"rendered":"Boletines Informativos"},"content":{"rendered":"<div class=\"wpb-content-wrapper\"><div id=\"modal-ready\"><p>[vc_row][vc_column width=&#8221;5\/6&#8243;][vc_column_text]<span style=\"color: #000000;\">Enterate las \u00faltimas noticias acerca de nuestra Facultad en los Boletines Informativos de edici\u00f3n semanal! All\u00ed encontrar\u00e1s informaci\u00f3n sobre cursos, charlas, conferencias, convocatorias, especializaciones, entre otros, que se llevan adelante en la FCE, y adem\u00e1s conocer otras actividades relacionadas<\/span>[\/vc_column_text][\/vc_column][\/vc_row][vc_row][vc_column][vc_tta_accordion style=&#8221;modern&#8221; color=&#8221;purple&#8221; active_section=&#8221;0&#8243; collapsible_all=&#8221;true&#8221; title=&#8221;Publicaciones 2021&#8243;][vc_tta_section title=&#8221;Boletines Informativos: Septiembre de 2021&#8243; tab_id=&#8221;1613589611207-f31da9db-9ab6&#8243;][vc_column_text]<\/p>\n<ul>\n<li><a href=\"https:\/\/web.sistemasfce.com.ar\/wordpress\/wp-content\/uploads\/2021\/09\/boletin-1-09-2021.pdf\" target=\"_blank\" rel=\"noopener\">Bolet\u00edn Informativo 01-09-2021<\/a><\/li>\n<\/ul>\n<p>[\/vc_column_text][\/vc_tta_section][vc_tta_section title=&#8221;Boletines Informativos: Agosto de 2021&#8243; tab_id=&#8221;1630931183212-a2b00b1d-00d1&#8243;][vc_column_text]<\/p>\n<ul>\n<li><a href=\"https:\/\/web.sistemasfce.com.ar\/wordpress\/wp-content\/uploads\/2021\/09\/boletin-25-08-2021.pdf\" target=\"_blank\" rel=\"noopener\">Bolet\u00edn informativo 25-08-2021<\/a><\/li>\n<\/ul>\n<p>&nbsp;<\/p>\n<ul>\n<li><a href=\"https:\/\/web.sistemasfce.com.ar\/wordpress\/wp-content\/uploads\/2021\/09\/boletin-18-08-2021.pdf\" target=\"_blank\" rel=\"noopener\">Bolet\u00edn informativo 18-08-2021<\/a><\/li>\n<\/ul>\n<p>&nbsp;<\/p>\n<ul>\n<li><a href=\"https:\/\/web.sistemasfce.com.ar\/wordpress\/wp-content\/uploads\/2021\/09\/boletin-11-08-2021.pdf\" target=\"_blank\" rel=\"noopener\">Bolet\u00edn informativo 11-08-2021<\/a><\/li>\n<\/ul>\n<p>&nbsp;<\/p>\n<ul>\n<li><a href=\"https:\/\/web.sistemasfce.com.ar\/wordpress\/wp-content\/uploads\/2021\/09\/boletin-04-08-2021.pdf\" target=\"_blank\" rel=\"noopener\">Bolet\u00edn Informativo 04-08-2021<\/a><\/li>\n<\/ul>\n<p>[\/vc_column_text][\/vc_tta_section][vc_tta_section title=&#8221;Boletines Informativos: Julio de 2021&#8243; tab_id=&#8221;1628000692110-d236b775-072c&#8221;][vc_column_text]<\/p>\n<ul>\n<li><a href=\"https:\/\/web.sistemasfce.com.ar\/wordpress\/wp-content\/uploads\/2021\/08\/boletin-29-07-2021.pdf\" target=\"_blank\" rel=\"noopener\">Bolet\u00edn Informativo 29-07-2021<\/a><\/li>\n<\/ul>\n<p>&nbsp;<\/p>\n<ul>\n<li><a href=\"https:\/\/web.sistemasfce.com.ar\/wordpress\/wp-content\/uploads\/2021\/08\/boletin-08-07-2021.pdf\" target=\"_blank\" rel=\"noopener\">Bolet\u00edn Informativo 08-07-2021<\/a><\/li>\n<\/ul>\n<p>[\/vc_column_text][\/vc_tta_section][vc_tta_section title=&#8221;Boletines Informativos: Junio de 2021&#8243; tab_id=&#8221;1630465835396-f3e3cff5-a6da&#8221;][vc_column_text]<\/p>\n<ul>\n<li><a href=\"https:\/\/web.sistemasfce.com.ar\/wordpress\/wp-content\/uploads\/2021\/09\/boletin-30-06-21.pdf\" target=\"_blank\" rel=\"noopener\">Bolet\u00edn informativo 30-06-2021<\/a><\/li>\n<\/ul>\n<p>&nbsp;<\/p>\n<ul>\n<li><a href=\"https:\/\/web.sistemasfce.com.ar\/wordpress\/wp-content\/uploads\/2021\/09\/boletin-23-06-21.pdf\" target=\"_blank\" rel=\"noopener\">Bolet\u00edn informativo 23-06-2021<\/a><\/li>\n<\/ul>\n<p>&nbsp;<\/p>\n<ul>\n<li><a href=\"https:\/\/web.sistemasfce.com.ar\/wordpress\/wp-content\/uploads\/2021\/09\/boletin-16-06-21.pdf\" target=\"_blank\" rel=\"noopener\">Bolet\u00edn informativo 16-06-2021<\/a><\/li>\n<\/ul>\n<p>&nbsp;<\/p>\n<ul>\n<li><a href=\"https:\/\/web.sistemasfce.com.ar\/wordpress\/wp-content\/uploads\/2021\/09\/boletin-09-06-21.pdf\" target=\"_blank\" rel=\"noopener\">Bolet\u00edn informativo 09-06-2021<\/a><\/li>\n<\/ul>\n<p>&nbsp;<\/p>\n<ul>\n<li><a href=\"https:\/\/web.sistemasfce.com.ar\/wordpress\/wp-content\/uploads\/2021\/09\/02-06-21.pdf\" target=\"_blank\" rel=\"noopener\">Bolet\u00edn Informativo 02-06-2021<\/a><\/li>\n<\/ul>\n<p>[\/vc_column_text][\/vc_tta_section][vc_tta_section title=&#8221;Boletines Informativos: Mayo de 2021&#8243; tab_id=&#8221;1630465378348-0e979749-174c&#8221;][vc_column_text]<\/p>\n<ul>\n<li><a href=\"https:\/\/web.sistemasfce.com.ar\/wordpress\/wp-content\/uploads\/2021\/05\/boletin-26-05-21.pdf\" target=\"_blank\" rel=\"noopener\">Bolet\u00edn informativo 26-05-2021<\/a><\/li>\n<\/ul>\n<p>&nbsp;<\/p>\n<ul>\n<li><a href=\"https:\/\/web.sistemasfce.com.ar\/wordpress\/wp-content\/uploads\/2021\/09\/19-05-21_compressed.pdf\" target=\"_blank\" rel=\"noopener\">Bolet\u00edn informativo 19-05-2021<\/a><\/li>\n<\/ul>\n<p>&nbsp;<\/p>\n<ul>\n<li><a href=\"https:\/\/web.sistemasfce.com.ar\/wordpress\/wp-content\/uploads\/2021\/09\/boletin-12-05-21.pdf\" target=\"_blank\" rel=\"noopener\">Bolet\u00edn informativo 12-05-2021<\/a><\/li>\n<\/ul>\n<p>&nbsp;<\/p>\n<ul>\n<li><a href=\"https:\/\/web.sistemasfce.com.ar\/wordpress\/wp-content\/uploads\/2021\/05\/boletin-05-05-21.pdf\" target=\"_blank\" rel=\"noopener\">Bolet\u00edn Informativo 05-05-2021<\/a><\/li>\n<\/ul>\n<p>[\/vc_column_text][\/vc_tta_section][vc_tta_section title=&#8221;Boletines Informativos: Abril de 2021&#8243; tab_id=&#8221;1620657996830-02043d29-0a2b&#8221;][vc_column_text]<\/p>\n<ul>\n<li><a href=\"https:\/\/web.sistemasfce.com.ar\/wordpress\/wp-content\/uploads\/2021\/09\/boletin-28-04-21.pdf\" target=\"_blank\" rel=\"noopener\">Bolet\u00edn Informativo 28-04-2021<\/a><\/li>\n<\/ul>\n<p>&nbsp;<\/p>\n<ul>\n<li><a href=\"https:\/\/web.sistemasfce.com.ar\/wordpress\/wp-content\/uploads\/2021\/04\/boletin-21-04-21.pdf\" target=\"_blank\" rel=\"noopener\">Bolet\u00edn Informativo 21-04-2021<\/a><\/li>\n<\/ul>\n<p>&nbsp;<\/p>\n<ul>\n<li><a href=\"https:\/\/web.sistemasfce.com.ar\/wordpress\/wp-content\/uploads\/2021\/04\/boletin-14-04-21.pdf\" target=\"_blank\" rel=\"noopener\">Bolet\u00edn Informativo 14-04-2021<\/a><\/li>\n<\/ul>\n<p>&nbsp;<\/p>\n<ul>\n<li><a href=\"https:\/\/web.sistemasfce.com.ar\/wordpress\/wp-content\/uploads\/2021\/04\/boletin-07-04-21.pdf\" target=\"_blank\" rel=\"noopener\">Bolet\u00edn Informativo 07-04-2021<\/a><\/li>\n<\/ul>\n<p>[\/vc_column_text][\/vc_tta_section][vc_tta_section title=&#8221;Boletines Informat\u00edvos: Marzo de 2021&#8243; tab_id=&#8221;1617977231913-d58c9780-457e&#8221;][vc_column_text]<\/p>\n<ul>\n<li>\u00a0<a href=\"https:\/\/web.sistemasfce.com.ar\/wordpress\/wp-content\/uploads\/2021\/04\/boletin-31-03-21.pdf\" target=\"_blank\" rel=\"noopener\">Bolet\u00edn Informativo 31-03-21<\/a><\/li>\n<\/ul>\n<p>[\/vc_column_text][vc_column_text]<\/p>\n<ul>\n<li>\u00a0<a href=\"https:\/\/web.sistemasfce.com.ar\/wordpress\/wp-content\/uploads\/2021\/03\/boletin-17-03-21.pdf\" target=\"_blank\" rel=\"noopener\">Bolet\u00edn Informativo 17-03-21<\/a><\/li>\n<\/ul>\n<p>[\/vc_column_text][vc_column_text]<\/p>\n<ul>\n<li><a href=\"https:\/\/web.sistemasfce.com.ar\/wordpress\/wp-content\/uploads\/2021\/03\/boletin-10-03-21.pdf\" target=\"_blank\" rel=\"noopener\">\u00a0Bolet\u00edn Informativo 10-03-21<\/a><\/li>\n<\/ul>\n<p>[\/vc_column_text][vc_column_text]<\/p>\n<ul>\n<li>\u00a0<a href=\"https:\/\/web.sistemasfce.com.ar\/wordpress\/wp-content\/uploads\/2021\/03\/boletin-03-03-21.pdf\" target=\"_blank\" rel=\"noopener\">Bolet\u00edn Informativo 03-03-21<\/a><\/li>\n<\/ul>\n<p>[\/vc_column_text][\/vc_tta_section][vc_tta_section title=&#8221;Boletines Informat\u00edvos: Febrero de 2021&#8243; tab_id=&#8221;1614948295896-f91aae35-6335&#8243;][vc_column_text]<\/p>\n<ul>\n<li>\u00a0<a href=\"https:\/\/web.sistemasfce.com.ar\/wordpress\/wp-content\/uploads\/2021\/02\/boletin-17-02-21.pdf\">Bolet\u00edn Informativo 17-02-21<\/a><\/li>\n<\/ul>\n<p>[\/vc_column_text][vc_column_text]<\/p>\n<ul>\n<li>\u00a0<a href=\"https:\/\/web.sistemasfce.com.ar\/wordpress\/wp-content\/uploads\/2021\/02\/boletin-24-02-21.pdf\" target=\"_blank\" rel=\"noopener\">Bolet\u00edn Informativo 24-02-21<\/a><\/li>\n<\/ul>\n<p>[\/vc_column_text][\/vc_tta_section][\/vc_tta_accordion][vc_tta_accordion color=&#8221;purple&#8221; active_section=&#8221;0&#8243; collapsible_all=&#8221;true&#8221; title=&#8221;Publicaciones 2020&#8243;][vc_tta_section title=&#8221;Boletines Informativos: Diciembre de 2020&#8243; tab_id=&#8221;1607085853789-56046282-f600&#8243;][vc_column_text]<\/p>\n<ul>\n<li><a href=\"https:\/\/web.sistemasfce.com.ar\/wordpress\/wp-content\/uploads\/2020\/12\/03-12-20_compressed.pdf\" target=\"_blank\" rel=\"noopener noreferrer\">Bolet\u00edn Informativo 03 de Diciembre de 2020<\/a><\/li>\n<\/ul>\n<p>[\/vc_column_text][\/vc_tta_section][vc_tta_section title=&#8221;Boletines Informativos: Noviembre 2020&#8243; tab_id=&#8221;1602173625684-ebe5a762-b947&#8243;][vc_column_text]<\/p>\n<ul>\n<li><a href=\"https:\/\/web.sistemasfce.com.ar\/wordpress\/wp-content\/uploads\/2020\/12\/boletin-25-11-20.pdf\" target=\"_blank\" rel=\"noopener noreferrer\">Bolet\u00edn Informativo 25 de Noviembre 2020<\/a><\/li>\n<\/ul>\n<p>&nbsp;<\/p>\n<ul>\n<li><a href=\"https:\/\/web.sistemasfce.com.ar\/wordpress\/wp-content\/uploads\/2020\/11\/boletin-18-11-20.pdf\" target=\"_blank\" rel=\"noopener noreferrer\">Bolet\u00edn Informativo 18 de Noviembre 2020<\/a><\/li>\n<\/ul>\n<p>&nbsp;<\/p>\n<ul>\n<li><a href=\"https:\/\/web.sistemasfce.com.ar\/wordpress\/wp-content\/uploads\/2020\/11\/boletin-11-11-20.pdf\" target=\"_blank\" rel=\"noopener noreferrer\">Bolet\u00edn Informativo 11 de Noviembre 2020<\/a><\/li>\n<\/ul>\n<p>&nbsp;<\/p>\n<ul>\n<li><a href=\"https:\/\/web.sistemasfce.com.ar\/wordpress\/wp-content\/uploads\/2020\/11\/boletin-04-11-20_compressed.pdf\" target=\"_blank\" rel=\"noopener noreferrer\">Bolet\u00edn informativo 04 de Noviembre 2020<\/a><\/li>\n<\/ul>\n<p>[\/vc_column_text][\/vc_tta_section][vc_tta_section title=&#8221;Boletines Informativos: Octubre 2020&#8243; tab_id=&#8221;1604526889660-c930f3d3-168d&#8221;][vc_column_text]<\/p>\n<ul>\n<li><a href=\"https:\/\/web.sistemasfce.com.ar\/wordpress\/wp-content\/uploads\/2020\/10\/boletin-28-10-20.pdf\" target=\"_blank\" rel=\"noopener noreferrer\">Bolet\u00edn informativo 28 de octubre 2020<\/a><\/li>\n<\/ul>\n<p>&nbsp;<\/p>\n<ul>\n<li><a href=\"https:\/\/web.sistemasfce.com.ar\/wordpress\/wp-content\/uploads\/2020\/10\/boletin-21-10-20.pdf\" target=\"_blank\" rel=\"noopener noreferrer\">Bolet\u00edn informativo 21 de octubre 2020<\/a><\/li>\n<\/ul>\n<p>&nbsp;<\/p>\n<ul>\n<li><a href=\"https:\/\/web.sistemasfce.com.ar\/wordpress\/wp-content\/uploads\/2020\/10\/boletin-14-10-20.pdf\" target=\"_blank\" rel=\"noopener noreferrer\">Bolet\u00edn informativo 14 de octubre 2020<\/a><\/li>\n<\/ul>\n<p>&nbsp;<\/p>\n<ul>\n<li><a href=\"https:\/\/web.sistemasfce.com.ar\/wordpress\/wp-content\/uploads\/2020\/10\/boletin-07-10-20.pdf\" target=\"_blank\" rel=\"noopener noreferrer\">Bolet\u00edn informativo 07 de octubre 2020<\/a><\/li>\n<\/ul>\n<p>[\/vc_column_text][\/vc_tta_section][vc_tta_section title=&#8221;Boletines Informativos Septiembre 2020&#8243; tab_id=&#8221;1599175563695-105cfb18-e07a&#8221;][vc_column_text]<\/p>\n<ul style=\"list-style-type: square;\">\n<li><a href=\"https:\/\/web.sistemasfce.com.ar\/wordpress\/wp-content\/uploads\/2020\/10\/boletin-30-09-20.pdf\" target=\"_blank\" rel=\"noopener noreferrer\">Bolet\u00edn Informativo 30 de septiembre 2020<\/a><\/li>\n<\/ul>\n<p>&nbsp;<\/p>\n<ul style=\"list-style-type: square;\">\n<li><a href=\"https:\/\/web.sistemasfce.com.ar\/wordpress\/wp-content\/uploads\/2020\/09\/boletin-23-09-20.pdf\" target=\"_blank\" rel=\"noopener noreferrer\">Bolet\u00edn Informativo 23 de septiembre 2020<\/a><\/li>\n<\/ul>\n<p>&nbsp;<\/p>\n<ul style=\"list-style-type: square;\">\n<li><a href=\"https:\/\/web.sistemasfce.com.ar\/wordpress\/wp-content\/uploads\/2020\/09\/boletin-16-09-20.pdf\" target=\"_blank\" rel=\"noopener noreferrer\">Bolet\u00edn Informativo 16 de septiembre 2020<\/a><\/li>\n<\/ul>\n<p>&nbsp;<\/p>\n<ul style=\"list-style-type: square;\">\n<li><a href=\"https:\/\/web.sistemasfce.com.ar\/wordpress\/wp-content\/uploads\/2020\/09\/boletin-09-09-20.pdf\" target=\"_blank\" rel=\"noopener noreferrer\">Bolet\u00edn Informativo 09 de septiembre 2020<\/a><\/li>\n<\/ul>\n<p>&nbsp;<\/p>\n<ul style=\"list-style-type: square;\">\n<li><a href=\"https:\/\/web.sistemasfce.com.ar\/wordpress\/wp-content\/uploads\/2020\/09\/boletin-02-09-20.pdf\" target=\"_blank\" rel=\"noopener noreferrer\">Bolet\u00edn Informativo 02 de septiembre 2020<\/a><\/li>\n<\/ul>\n<p>[\/vc_column_text][\/vc_tta_section][vc_tta_section title=&#8221;Boletines Informativos: Agosto 2020&#8243; tab_id=&#8221;1594477058453-ab10765a-010f&#8221;][vc_column_text]<\/p>\n<ul>\n<li><a href=\"https:\/\/web.sistemasfce.com.ar\/wordpress\/wp-content\/uploads\/2020\/08\/boletin-26-08-20.pdf\" target=\"_blank\" rel=\"noopener noreferrer\">Bolet\u00edn Informativo 26 de agosto de 2020<\/a><\/li>\n<\/ul>\n<p>&nbsp;<\/p>\n<ul>\n<li><a href=\"https:\/\/web.sistemasfce.com.ar\/wordpress\/wp-content\/uploads\/2020\/08\/boletin-19-08-20.pdf\" target=\"_blank\" rel=\"noopener noreferrer\">Bolet\u00edn Informativo 19 de Agosto de 2020<\/a><\/li>\n<\/ul>\n<p>&nbsp;<\/p>\n<ul>\n<li><a href=\"https:\/\/web.sistemasfce.com.ar\/wordpress\/wp-content\/uploads\/2020\/08\/boletin-12-08-20.pdf\" target=\"_blank\" rel=\"noopener noreferrer\">Bolet\u00edn Informativo 12 de Agosto de 2020<\/a><\/li>\n<\/ul>\n<p>&nbsp;<\/p>\n<ul>\n<li><a href=\"https:\/\/web.sistemasfce.com.ar\/wordpress\/wp-content\/uploads\/2020\/08\/boletin-05-08-20.pdf\" target=\"_blank\" rel=\"noopener noreferrer\">Bolet\u00edn Informativo 05 de Agosto de 2020<\/a><\/li>\n<\/ul>\n<p>[\/vc_column_text][\/vc_tta_section][vc_tta_section title=&#8221;Boletines Informativos: Julio 2020&#8243; tab_id=&#8221;1597275572240-60600e61-8918&#8243;][vc_column_text]<\/p>\n<ul>\n<li><a href=\"https:\/\/web.sistemasfce.com.ar\/wordpress\/wp-content\/uploads\/2020\/07\/boletin-29-07-20_.pdf\" target=\"_blank\" rel=\"noopener noreferrer\">Bolet\u00edn Informativo 29 de Julio de 2020<\/a><\/li>\n<\/ul>\n<p>&nbsp;<\/p>\n<ul>\n<li><a href=\"https:\/\/web.sistemasfce.com.ar\/wordpress\/wp-content\/uploads\/2020\/07\/boletin-22-07-20.pdf\" target=\"_blank\" rel=\"noopener noreferrer\">Bolet\u00edn Informativo 22 de Julio de 2020<\/a><\/li>\n<\/ul>\n<p>&nbsp;<\/p>\n<ul>\n<li><a href=\"https:\/\/web.sistemasfce.com.ar\/wordpress\/wp-content\/uploads\/2020\/07\/boletin-08-07-20.pdf\" target=\"_blank\" rel=\"noopener noreferrer\">Bolet\u00edn Informativo 08 de Julio de 2020<\/a><\/li>\n<\/ul>\n<p>&nbsp;<\/p>\n<ul>\n<li><a href=\"https:\/\/web.sistemasfce.com.ar\/wordpress\/wp-content\/uploads\/2020\/07\/boletin-01-07-20.pdf\" target=\"_blank\" rel=\"noopener noreferrer\">Bolet\u00edn Infor<\/a><a href=\"https:\/\/web.sistemasfce.com.ar\/wordpress\/wp-content\/uploads\/2020\/07\/boletin-01-07-20.pdf\" target=\"_blank\" rel=\"noopener noreferrer\">mativo 01 de Julio de 2020<\/a><\/li>\n<\/ul>\n<p>[\/vc_column_text][\/vc_tta_section][vc_tta_section title=&#8221;Boletines Informat\u00edvos: Junio de 2020&#8243; tab_id=&#8221;1594427972307-19cd02ab-3628&#8243;][vc_column_text]<\/p>\n<ul>\n<li><a href=\"https:\/\/web.sistemasfce.com.ar\/wordpress\/wp-content\/uploads\/2020\/06\/boletin-24-06-20.pdf\" target=\"_blank\" rel=\"noopener noreferrer\">Bolet\u00edn Informativo 24 de Junio de 2020<\/a><\/li>\n<\/ul>\n<p>&nbsp;<\/p>\n<ul>\n<li><a href=\"https:\/\/web.sistemasfce.com.ar\/wordpress\/wp-content\/uploads\/2020\/06\/boletin-17-06-20-1.pdf\" target=\"_blank\" rel=\"noopener noreferrer\">Bolet\u00edn Informativo 17 de Junio de 2020<\/a><\/li>\n<\/ul>\n<p>&nbsp;<\/p>\n<ul>\n<li><a href=\"https:\/\/web.sistemasfce.com.ar\/wordpress\/wp-content\/uploads\/2020\/06\/boletin-10-06-20.pdf\" target=\"_blank\" rel=\"noopener noreferrer\">Bolet\u00edn Informativo 10 de Junio de 2020<\/a><\/li>\n<\/ul>\n<p>&nbsp;<\/p>\n<ul>\n<li><a href=\"https:\/\/web.sistemasfce.com.ar\/wordpress\/wp-content\/uploads\/2020\/06\/boletin-03-06-20-1.pdf\" target=\"_blank\" rel=\"noopener noreferrer\">Bolet\u00edn Informativo 03 de Junio de 2020<\/a><\/li>\n<\/ul>\n<p>[\/vc_column_text][\/vc_tta_section][vc_tta_section title=&#8221;Boletines Informat\u00edvos: Mayo de 2020&#8243; tab_id=&#8221;1594427972309-f6f35e20-dd94&#8243;][vc_column_text]<\/p>\n<ul>\n<li><a href=\"https:\/\/web.sistemasfce.com.ar\/wordpress\/wp-content\/uploads\/2020\/05\/boletin_27_05_20.pdf\" target=\"_blank\" rel=\"noopener noreferrer\">Bolet\u00edn Informativo 27 de Mayo 2020<\/a><\/li>\n<\/ul>\n<p>&nbsp;<\/p>\n<ul>\n<li><a href=\"https:\/\/web.sistemasfce.com.ar\/wordpress\/wp-content\/uploads\/2020\/05\/boletin-20-05-20.pdf\" target=\"_blank\" rel=\"noopener noreferrer\">Bolet\u00edn Informativo 20 de Mayo 2020<\/a><\/li>\n<\/ul>\n<p>[\/vc_column_text][\/vc_tta_section][\/vc_tta_accordion][\/vc_column][\/vc_row]<\/p>\n<\/div><\/div>","protected":false},"excerpt":{"rendered":"<p>[vc_row][vc_column width=&#8221;5\/6&#8243;][vc_column_text]Enterate las \u00faltimas noticias acerca de nuestra Facultad en los Boletines Informativos de edici\u00f3n &hellip; <\/p>\n","protected":false},"author":4,"featured_media":0,"parent":516,"menu_order":0,"comment_status":"closed","ping_status":"closed","template":"","meta":{"pmpro_default_level":"","footnotes":""},"class_list":["post-10134","page","type-page","status-publish","hentry","pmpro-has-access"],"_links":{"self":[{"href":"https:\/\/web.sistemasfce.com.ar\/wordpress\/index.php\/wp-json\/wp\/v2\/pages\/10134","targetHints":{"allow":["GET"]}}],"collection":[{"href":"https:\/\/web.sistemasfce.com.ar\/wordpress\/index.php\/wp-json\/wp\/v2\/pages"}],"about":[{"href":"https:\/\/web.sistemasfce.com.ar\/wordpress\/index.php\/wp-json\/wp\/v2\/types\/page"}],"author":[{"embeddable":true,"href":"https:\/\/web.sistemasfce.com.ar\/wordpress\/index.php\/wp-json\/wp\/v2\/users\/4"}],"replies":[{"embeddable":true,"href":"https:\/\/web.sistemasfce.com.ar\/wordpress\/index.php\/wp-json\/wp\/v2\/comments?post=10134"}],"version-history":[{"count":66,"href":"https:\/\/web.sistemasfce.com.ar\/wordpress\/index.php\/wp-json\/wp\/v2\/pages\/10134\/revisions"}],"predecessor-version":[{"id":11652,"href":"https:\/\/web.sistemasfce.com.ar\/wordpress\/index.php\/wp-json\/wp\/v2\/pages\/10134\/revisions\/11652"}],"up":[{"embeddable":true,"href":"https:\/\/web.sistemasfce.com.ar\/wordpress\/index.php\/wp-json\/wp\/v2\/pages\/516"}],"wp:attachment":[{"href":"https:\/\/web.sistemasfce.com.ar\/wordpress\/index.php\/wp-json\/wp\/v2\/media?parent=10134"}],"curies":[{"name":"wp","href":"https:\/\/api.w.org\/{rel}","templated":true}]}}